{"id":442,"date":"2022-01-18T17:54:20","date_gmt":"2022-01-18T17:54:20","guid":{"rendered":"https:\/\/radstarengineer.com\/?page_id=442"},"modified":"2022-03-16T00:31:26","modified_gmt":"2022-03-16T00:31:26","slug":"harmonics-study-recommendations-solutions","status":"publish","type":"page","link":"https:\/\/radstarengineer.com\/es_es\/harmonics-study-recommendations-solutions","title":{"rendered":"Estudio de arm\u00f3nicos, recomendaciones y soluciones"},"content":{"rendered":"<div data-elementor-type=\"wp-page\" data-elementor-id=\"442\" class=\"elementor elementor-442\" data-elementor-settings=\"{&quot;ha_cmc_init_switcher&quot;:&quot;no&quot;}\">\n\t\t\t\t\t\t<section class=\"elementor-section elementor-top-section elementor-element elementor-element-425afcfa elementor-section-content-bottom elementor-section-boxed elementor-section-height-default elementor-section-height-default\" data-id=\"425afcfa\" data-element_type=\"section\" data-e-type=\"section\" data-settings=\"{&quot;background_background&quot;:&quot;classic&quot;,&quot;_ha_eqh_enable&quot;:false}\">\n\t\t\t\t\t\t\t<div class=\"elementor-background-overlay\"><\/div>\n\t\t\t\t\t\t\t<div class=\"elementor-container elementor-column-gap-no\">\n\t\t\t\t\t<div class=\"elementor-column elementor-col-100 elementor-top-column elementor-element elementor-element-7590b9ef\" data-id=\"7590b9ef\" data-element_type=\"column\" data-e-type=\"column\">\n\t\t\t<div class=\"elementor-widget-wrap elementor-element-populated\">\n\t\t\t\t\t\t<div class=\"elementor-element elementor-element-3bda25ce elementor-widget elementor-widget-heading\" data-id=\"3bda25ce\" data-element_type=\"widget\" data-e-type=\"widget\" data-widget_type=\"heading.default\">\n\t\t\t\t<div class=\"elementor-widget-container\">\n\t\t\t\t\t<h2 class=\"elementor-heading-title elementor-size-default\">Estudio de arm\u00f3nicos, recomendaciones y soluciones<\/h2>\t\t\t\t<\/div>\n\t\t\t\t<\/div>\n\t\t\t\t\t<\/div>\n\t\t<\/div>\n\t\t\t\t\t<\/div>\n\t\t<\/section>\n\t\t\t\t<section class=\"elementor-section elementor-top-section elementor-element elementor-element-fff8081 elementor-section-boxed elementor-section-height-default elementor-section-height-default\" data-id=\"fff8081\" data-element_type=\"section\" data-e-type=\"section\" data-settings=\"{&quot;_ha_eqh_enable&quot;:false}\">\n\t\t\t\t\t\t<div class=\"elementor-container elementor-column-gap-default\">\n\t\t\t\t\t<div class=\"elementor-column elementor-col-100 elementor-top-column elementor-element elementor-element-6cb5dea\" data-id=\"6cb5dea\" data-element_type=\"column\" data-e-type=\"column\">\n\t\t\t<div class=\"elementor-widget-wrap\">\n\t\t\t\t\t\t\t<\/div>\n\t\t<\/div>\n\t\t\t\t\t<\/div>\n\t\t<\/section>\n\t\t\t\t<section class=\"elementor-section elementor-top-section elementor-element elementor-element-1b85eeae elementor-section-boxed elementor-section-height-default elementor-section-height-default\" data-id=\"1b85eeae\" data-element_type=\"section\" data-e-type=\"section\" data-settings=\"{&quot;_ha_eqh_enable&quot;:false}\">\n\t\t\t\t\t\t<div class=\"elementor-container elementor-column-gap-default\">\n\t\t\t\t\t<div class=\"elementor-column elementor-col-50 elementor-top-column elementor-element elementor-element-1b67be56\" data-id=\"1b67be56\" data-element_type=\"column\" data-e-type=\"column\">\n\t\t\t<div class=\"elementor-widget-wrap elementor-element-populated\">\n\t\t\t\t\t\t<div class=\"elementor-element elementor-element-675d7f23 elementor-widget elementor-widget-image\" data-id=\"675d7f23\" data-element_type=\"widget\" data-e-type=\"widget\" data-widget_type=\"image.default\">\n\t\t\t\t<div class=\"elementor-widget-container\">\n\t\t\t\t\t\t\t\t\t\t\t\t\t\t\t<img fetchpriority=\"high\" decoding=\"async\" width=\"1600\" height=\"1071\" src=\"https:\/\/i0.wp.com\/radstarengineer.com\/wp-content\/uploads\/2022\/03\/1_preob-big.jpg?fit=1600%2C1071&amp;ssl=1\" class=\"attachment-2048x2048 size-2048x2048 wp-image-1860\" alt=\"\" srcset=\"https:\/\/i0.wp.com\/radstarengineer.com\/wp-content\/uploads\/2022\/03\/1_preob-big.jpg?w=1600&amp;ssl=1 1600w, https:\/\/i0.wp.com\/radstarengineer.com\/wp-content\/uploads\/2022\/03\/1_preob-big.jpg?resize=300%2C201&amp;ssl=1 300w, https:\/\/i0.wp.com\/radstarengineer.com\/wp-content\/uploads\/2022\/03\/1_preob-big.jpg?resize=1024%2C685&amp;ssl=1 1024w, https:\/\/i0.wp.com\/radstarengineer.com\/wp-content\/uploads\/2022\/03\/1_preob-big.jpg?resize=768%2C514&amp;ssl=1 768w, https:\/\/i0.wp.com\/radstarengineer.com\/wp-content\/uploads\/2022\/03\/1_preob-big.jpg?resize=1536%2C1028&amp;ssl=1 1536w\" sizes=\"(max-width: 1200px) 100vw, 1200px\" \/>\t\t\t\t\t\t\t\t\t\t\t\t\t\t\t<\/div>\n\t\t\t\t<\/div>\n\t\t\t\t<div class=\"elementor-element elementor-element-d3218ef elementor-widget elementor-widget-image\" data-id=\"d3218ef\" data-element_type=\"widget\" data-e-type=\"widget\" data-widget_type=\"image.default\">\n\t\t\t\t<div class=\"elementor-widget-container\">\n\t\t\t\t\t\t\t\t\t\t\t\t\t\t\t<img decoding=\"async\" width=\"1200\" height=\"900\" src=\"https:\/\/i0.wp.com\/radstarengineer.com\/wp-content\/uploads\/2022\/03\/R-2.jpg?fit=1200%2C900&amp;ssl=1\" class=\"attachment-2048x2048 size-2048x2048 wp-image-1859\" alt=\"\" srcset=\"https:\/\/i0.wp.com\/radstarengineer.com\/wp-content\/uploads\/2022\/03\/R-2.jpg?w=1200&amp;ssl=1 1200w, https:\/\/i0.wp.com\/radstarengineer.com\/wp-content\/uploads\/2022\/03\/R-2.jpg?resize=300%2C225&amp;ssl=1 300w, https:\/\/i0.wp.com\/radstarengineer.com\/wp-content\/uploads\/2022\/03\/R-2.jpg?resize=1024%2C768&amp;ssl=1 1024w, https:\/\/i0.wp.com\/radstarengineer.com\/wp-content\/uploads\/2022\/03\/R-2.jpg?resize=768%2C576&amp;ssl=1 768w\" sizes=\"(max-width: 1200px) 100vw, 1200px\" \/>\t\t\t\t\t\t\t\t\t\t\t\t\t\t\t<\/div>\n\t\t\t\t<\/div>\n\t\t\t\t\t<\/div>\n\t\t<\/div>\n\t\t\t\t<div class=\"elementor-column elementor-col-50 elementor-top-column elementor-element elementor-element-d9e7f41\" data-id=\"d9e7f41\" data-element_type=\"column\" data-e-type=\"column\">\n\t\t\t<div class=\"elementor-widget-wrap elementor-element-populated\">\n\t\t\t\t\t\t<div class=\"elementor-element elementor-element-1c150a82 elementor-widget elementor-widget-heading\" data-id=\"1c150a82\" data-element_type=\"widget\" data-e-type=\"widget\" data-widget_type=\"heading.default\">\n\t\t\t\t<div class=\"elementor-widget-container\">\n\t\t\t\t\t<h2 class=\"elementor-heading-title elementor-size-default\">Arm\u00f3nicos.<\/h2>\t\t\t\t<\/div>\n\t\t\t\t<\/div>\n\t\t\t\t<div class=\"elementor-element elementor-element-16dd96e1 elementor-widget elementor-widget-text-editor\" data-id=\"16dd96e1\" data-element_type=\"widget\" data-e-type=\"widget\" data-widget_type=\"text-editor.default\">\n\t\t\t\t<div class=\"elementor-widget-container\">\n\t\t\t\t\t\t\t\t\t<h6><span style=\"font-size: 11.0pt; font-weight: normal;\">Al extraer corriente de manera no lineal o no sinusoidal, los VFD y las cargas electr\u00f3nicas pueden introducir niveles excesivos de arm\u00f3nicos de corriente y voltaje. La carga no lineal en embarcaciones marinas ahora puede alcanzar el 80 % de la capacidad de generaci\u00f3n el\u00e9ctrica a bordo y dar como resultado una distorsi\u00f3n de voltaje arm\u00f3nico total (THDv) superior al 30 %. Todos los organismos de clasificaci\u00f3n marina est\u00e1n extremadamente preocupados por la distorsi\u00f3n de alto voltaje arm\u00f3nico y sus consecuencias en los equipamientos vitales  . A menudo visto por SOLAS (Seguridad de la vida en el mar) como un problema potencial, los organismos de clasificaci\u00f3n han impuesto limitaciones estrictas sobre la magnitud de la distorsi\u00f3n arm\u00f3nica de voltaje permitida en los buques clasificados seg\u00fan sus reglas. Cualquier buque que busque clasificaci\u00f3n ahora debe demostrar el cumplimiento de estos est\u00e1ndares.<\/span><\/h6><h6>Pasos a seguir:<\/h6><h6>\u00b7 Recopilaci\u00f3n de datos: Se deben proporcionar todas las caracter\u00edsticas de cada elemento el\u00e9ctrico.<\/h6><h6>\u00b7 Medida en un lugar adecuado de la instalaci\u00f3n: Es necesario dedicar un tiempo, in situ, a comprobar y medir la distorsi\u00f3n de corriente y tensi\u00f3n.\u00a0<\/h6><h6>\u00b7 An\u00e1lisis: Una vez recopilada la informaci\u00f3n y modelado el sistema en el ordenador, aparecer\u00e1n las posibles soluciones.\u00a0<\/h6><h6>\u00b7 Instalaci\u00f3n de alguno de los siguientes equipos: Tras el an\u00e1lisis, proponemos diferentes acciones para mitigar la distorsi\u00f3n. Instalaciones de filtros activos, filtros pasivos, reactores en l\u00ednea, VFDs, o la selecci\u00f3n del cable correcto, ser\u00edan parte de la soluci\u00f3n.<\/h6>\t\t\t\t\t\t\t\t<\/div>\n\t\t\t\t<\/div>\n\t\t\t\t\t<\/div>\n\t\t<\/div>\n\t\t\t\t\t<\/div>\n\t\t<\/section>\n\t\t\t\t<\/div>","protected":false},"excerpt":{"rendered":"<p>Harmonic\u02cbs Study, recommendations &amp; solutions Harmonics. By drawing current in a non-linear or non-sinusoidal manner, the VFDs and electronics loads can introduce excessive levels of both current and voltage harmonics. Non-linear loading on marine vessels can now reach 80% of the onboard electrical generating capacity and result in total harmonic voltage distortion (THDv) over 30%. [&hellip;]<\/p>\n","protected":false},"author":1,"featured_media":0,"parent":0,"menu_order":0,"comment_status":"closed","ping_status":"closed","template":"","meta":{"site-sidebar-layout":"no-sidebar","site-content-layout":"page-builder","ast-site-content-layout":"default","site-content-style":"default","site-sidebar-style":"default","ast-global-header-display":"","ast-banner-title-visibility":"","ast-main-header-display":"","ast-hfb-above-header-display":"","ast-hfb-below-header-display":"","ast-hfb-mobile-header-display":"","site-post-title":"disabled","ast-breadcrumbs-content":"","ast-featured-img":"disabled","footer-sml-layout":"","ast-disable-related-posts":"","theme-transparent-header-meta":"","adv-header-id-meta":"","stick-header-meta":"","header-above-stick-meta":"","header-main-stick-meta":"","header-below-stick-meta":"","astra-migrate-meta-layouts":"default","ast-page-background-enabled":"default","ast-page-background-meta":{"desktop":{"background-color":"var(--ast-global-color-4)","background-image":"","background-repeat":"repeat","background-position":"center center","background-size":"auto","background-attachment":"scroll","background-type":"","background-media":"","overlay-type":"","overlay-color":"","overlay-opacity":"","overlay-gradient":""},"tablet":{"background-color":"","background-image":"","background-repeat":"repeat","background-position":"center center","background-size":"auto","background-attachment":"scroll","background-type":"","background-media":"","overlay-type":"","overlay-color":"","overlay-opacity":"","overlay-gradient":""},"mobile":{"background-color":"","background-image":"","background-repeat":"repeat","background-position":"center center","background-size":"auto","background-attachment":"scroll","background-type":"","background-media":"","overlay-type":"","overlay-color":"","overlay-opacity":"","overlay-gradient":""}},"ast-content-background-meta":{"desktop":{"background-color":"var(--ast-global-color-5)","background-image":"","background-repeat":"repeat","background-position":"center center","background-size":"auto","background-attachment":"scroll","background-type":"","background-media":"","overlay-type":"","overlay-color":"","overlay-opacity":"","overlay-gradient":""},"tablet":{"background-color":"var(--ast-global-color-5)","background-image":"","background-repeat":"repeat","background-position":"center center","background-size":"auto","background-attachment":"scroll","background-type":"","background-media":"","overlay-type":"","overlay-color":"","overlay-opacity":"","overlay-gradient":""},"mobile":{"background-color":"var(--ast-global-color-5)","background-image":"","background-repeat":"repeat","background-position":"center center","background-size":"auto","background-attachment":"scroll","background-type":"","background-media":"","overlay-type":"","overlay-color":"","overlay-opacity":"","overlay-gradient":""}},"footnotes":""},"class_list":["post-442","page","type-page","status-publish","hentry"],"yoast_head":"<!-- This site is optimized with the Yoast SEO plugin v27.3 - https:\/\/yoast.com\/product\/yoast-seo-wordpress\/ -->\n<title>Harmonic&#039;s Study, recommendations &amp; solutions - Radstar Engineer<\/title>\n<meta name=\"robots\" content=\"index, follow, max-snippet:-1, max-image-preview:large, max-video-preview:-1\" \/>\n<link rel=\"canonical\" href=\"https:\/\/radstarengineer.com\/es_es\/harmonics-study-recommendations-solutions\/\" \/>\n<meta property=\"og:locale\" content=\"es_ES\" \/>\n<meta property=\"og:type\" content=\"article\" \/>\n<meta property=\"og:title\" content=\"Harmonic&#039;s Study, recommendations &amp; solutions - Radstar Engineer\" \/>\n<meta property=\"og:description\" content=\"Harmonic\u02cbs Study, recommendations &amp; solutions Harmonics. By drawing current in a non-linear or non-sinusoidal manner, the VFDs and electronics loads can introduce excessive levels of both current and voltage harmonics. Non-linear loading on marine vessels can now reach 80% of the onboard electrical generating capacity and result in total harmonic voltage distortion (THDv) over 30%. [&hellip;]\" \/>\n<meta property=\"og:url\" content=\"https:\/\/radstarengineer.com\/es_es\/harmonics-study-recommendations-solutions\/\" \/>\n<meta property=\"og:site_name\" content=\"Radstar Engineer\" \/>\n<meta property=\"article:modified_time\" content=\"2022-03-16T00:31:26+00:00\" \/>\n<meta property=\"og:image\" content=\"https:\/\/radstarengineer.com\/wp-content\/uploads\/2022\/03\/1_preob-big.jpg\" \/>\n<meta name=\"twitter:card\" content=\"summary_large_image\" \/>\n<meta name=\"twitter:label1\" content=\"Tiempo de lectura\" \/>\n\t<meta name=\"twitter:data1\" content=\"2 minutos\" \/>\n<script type=\"application\/ld+json\" class=\"yoast-schema-graph\">{\"@context\":\"https:\\\/\\\/schema.org\",\"@graph\":[{\"@type\":\"WebPage\",\"@id\":\"https:\\\/\\\/radstarengineer.com\\\/harmonics-study-recommendations-solutions\",\"url\":\"https:\\\/\\\/radstarengineer.com\\\/harmonics-study-recommendations-solutions\",\"name\":\"Harmonic's Study, recommendations & solutions - Radstar Engineer\",\"isPartOf\":{\"@id\":\"https:\\\/\\\/radstarengineer.com\\\/#website\"},\"primaryImageOfPage\":{\"@id\":\"https:\\\/\\\/radstarengineer.com\\\/harmonics-study-recommendations-solutions#primaryimage\"},\"image\":{\"@id\":\"https:\\\/\\\/radstarengineer.com\\\/harmonics-study-recommendations-solutions#primaryimage\"},\"thumbnailUrl\":\"https:\\\/\\\/radstarengineer.com\\\/wp-content\\\/uploads\\\/2022\\\/03\\\/1_preob-big.jpg\",\"datePublished\":\"2022-01-18T17:54:20+00:00\",\"dateModified\":\"2022-03-16T00:31:26+00:00\",\"breadcrumb\":{\"@id\":\"https:\\\/\\\/radstarengineer.com\\\/harmonics-study-recommendations-solutions#breadcrumb\"},\"inLanguage\":\"es\",\"potentialAction\":[{\"@type\":\"ReadAction\",\"target\":[\"https:\\\/\\\/radstarengineer.com\\\/harmonics-study-recommendations-solutions\"]}]},{\"@type\":\"ImageObject\",\"inLanguage\":\"es\",\"@id\":\"https:\\\/\\\/radstarengineer.com\\\/harmonics-study-recommendations-solutions#primaryimage\",\"url\":\"https:\\\/\\\/radstarengineer.com\\\/wp-content\\\/uploads\\\/2022\\\/03\\\/1_preob-big.jpg\",\"contentUrl\":\"https:\\\/\\\/radstarengineer.com\\\/wp-content\\\/uploads\\\/2022\\\/03\\\/1_preob-big.jpg\"},{\"@type\":\"BreadcrumbList\",\"@id\":\"https:\\\/\\\/radstarengineer.com\\\/harmonics-study-recommendations-solutions#breadcrumb\",\"itemListElement\":[{\"@type\":\"ListItem\",\"position\":1,\"name\":\"Portada\",\"item\":\"https:\\\/\\\/radstarengineer.com\\\/\"},{\"@type\":\"ListItem\",\"position\":2,\"name\":\"Harmonic&#8217;s Study, recommendations &#038; solutions\"}]},{\"@type\":\"WebSite\",\"@id\":\"https:\\\/\\\/radstarengineer.com\\\/#website\",\"url\":\"https:\\\/\\\/radstarengineer.com\\\/\",\"name\":\"Radstar Engineer\",\"description\":\"Enginner Services\",\"potentialAction\":[{\"@type\":\"SearchAction\",\"target\":{\"@type\":\"EntryPoint\",\"urlTemplate\":\"https:\\\/\\\/radstarengineer.com\\\/?s={search_term_string}\"},\"query-input\":{\"@type\":\"PropertyValueSpecification\",\"valueRequired\":true,\"valueName\":\"search_term_string\"}}],\"inLanguage\":\"es\"}]}<\/script>\n<!-- \/ Yoast SEO plugin. -->","yoast_head_json":{"title":"Harmonic's Study, recommendations & solutions - Radstar Engineer","robots":{"index":"index","follow":"follow","max-snippet":"max-snippet:-1","max-image-preview":"max-image-preview:large","max-video-preview":"max-video-preview:-1"},"canonical":"https:\/\/radstarengineer.com\/es_es\/harmonics-study-recommendations-solutions\/","og_locale":"es_ES","og_type":"article","og_title":"Harmonic's Study, recommendations & solutions - Radstar Engineer","og_description":"Harmonic\u02cbs Study, recommendations &amp; solutions Harmonics. By drawing current in a non-linear or non-sinusoidal manner, the VFDs and electronics loads can introduce excessive levels of both current and voltage harmonics. Non-linear loading on marine vessels can now reach 80% of the onboard electrical generating capacity and result in total harmonic voltage distortion (THDv) over 30%. [&hellip;]","og_url":"https:\/\/radstarengineer.com\/es_es\/harmonics-study-recommendations-solutions\/","og_site_name":"Radstar Engineer","article_modified_time":"2022-03-16T00:31:26+00:00","og_image":[{"url":"https:\/\/radstarengineer.com\/wp-content\/uploads\/2022\/03\/1_preob-big.jpg","type":"","width":"","height":""}],"twitter_card":"summary_large_image","twitter_misc":{"Tiempo de lectura":"2 minutos"},"schema":{"@context":"https:\/\/schema.org","@graph":[{"@type":"WebPage","@id":"https:\/\/radstarengineer.com\/harmonics-study-recommendations-solutions","url":"https:\/\/radstarengineer.com\/harmonics-study-recommendations-solutions","name":"Harmonic's Study, recommendations & solutions - Radstar Engineer","isPartOf":{"@id":"https:\/\/radstarengineer.com\/#website"},"primaryImageOfPage":{"@id":"https:\/\/radstarengineer.com\/harmonics-study-recommendations-solutions#primaryimage"},"image":{"@id":"https:\/\/radstarengineer.com\/harmonics-study-recommendations-solutions#primaryimage"},"thumbnailUrl":"https:\/\/radstarengineer.com\/wp-content\/uploads\/2022\/03\/1_preob-big.jpg","datePublished":"2022-01-18T17:54:20+00:00","dateModified":"2022-03-16T00:31:26+00:00","breadcrumb":{"@id":"https:\/\/radstarengineer.com\/harmonics-study-recommendations-solutions#breadcrumb"},"inLanguage":"es","potentialAction":[{"@type":"ReadAction","target":["https:\/\/radstarengineer.com\/harmonics-study-recommendations-solutions"]}]},{"@type":"ImageObject","inLanguage":"es","@id":"https:\/\/radstarengineer.com\/harmonics-study-recommendations-solutions#primaryimage","url":"https:\/\/radstarengineer.com\/wp-content\/uploads\/2022\/03\/1_preob-big.jpg","contentUrl":"https:\/\/radstarengineer.com\/wp-content\/uploads\/2022\/03\/1_preob-big.jpg"},{"@type":"BreadcrumbList","@id":"https:\/\/radstarengineer.com\/harmonics-study-recommendations-solutions#breadcrumb","itemListElement":[{"@type":"ListItem","position":1,"name":"Portada","item":"https:\/\/radstarengineer.com\/"},{"@type":"ListItem","position":2,"name":"Harmonic&#8217;s Study, recommendations &#038; solutions"}]},{"@type":"WebSite","@id":"https:\/\/radstarengineer.com\/#website","url":"https:\/\/radstarengineer.com\/","name":"Radstar Engineer","description":"Enginner Services","potentialAction":[{"@type":"SearchAction","target":{"@type":"EntryPoint","urlTemplate":"https:\/\/radstarengineer.com\/?s={search_term_string}"},"query-input":{"@type":"PropertyValueSpecification","valueRequired":true,"valueName":"search_term_string"}}],"inLanguage":"es"}]}},"jetpack_sharing_enabled":true,"_links":{"self":[{"href":"https:\/\/radstarengineer.com\/es_es\/wp-json\/wp\/v2\/pages\/442","targetHints":{"allow":["GET"]}}],"collection":[{"href":"https:\/\/radstarengineer.com\/es_es\/wp-json\/wp\/v2\/pages"}],"about":[{"href":"https:\/\/radstarengineer.com\/es_es\/wp-json\/wp\/v2\/types\/page"}],"author":[{"embeddable":true,"href":"https:\/\/radstarengineer.com\/es_es\/wp-json\/wp\/v2\/users\/1"}],"replies":[{"embeddable":true,"href":"https:\/\/radstarengineer.com\/es_es\/wp-json\/wp\/v2\/comments?post=442"}],"version-history":[{"count":28,"href":"https:\/\/radstarengineer.com\/es_es\/wp-json\/wp\/v2\/pages\/442\/revisions"}],"predecessor-version":[{"id":1962,"href":"https:\/\/radstarengineer.com\/es_es\/wp-json\/wp\/v2\/pages\/442\/revisions\/1962"}],"wp:attachment":[{"href":"https:\/\/radstarengineer.com\/es_es\/wp-json\/wp\/v2\/media?parent=442"}],"curies":[{"name":"wp","href":"https:\/\/api.w.org\/{rel}","templated":true}]}}