{"id":438,"date":"2022-01-18T17:52:39","date_gmt":"2022-01-18T17:52:39","guid":{"rendered":"https:\/\/radstarengineer.com\/?page_id=438"},"modified":"2022-03-16T00:28:42","modified_gmt":"2022-03-16T00:28:42","slug":"arc-flash-short-circuits-coordination-studies","status":"publish","type":"page","link":"https:\/\/radstarengineer.com\/es_es\/arc-flash-short-circuits-coordination-studies","title":{"rendered":"Arc Flash, cortocircuito y estudios de coordinaci\u00f3n"},"content":{"rendered":"<div data-elementor-type=\"wp-page\" data-elementor-id=\"438\" class=\"elementor elementor-438\" data-elementor-settings=\"{&quot;ha_cmc_init_switcher&quot;:&quot;no&quot;}\">\n\t\t\t\t\t\t<section class=\"elementor-section elementor-top-section elementor-element elementor-element-37310373 elementor-section-content-bottom elementor-section-boxed elementor-section-height-default elementor-section-height-default\" data-id=\"37310373\" data-element_type=\"section\" data-e-type=\"section\" data-settings=\"{&quot;background_background&quot;:&quot;classic&quot;,&quot;_ha_eqh_enable&quot;:false}\">\n\t\t\t\t\t\t\t<div class=\"elementor-background-overlay\"><\/div>\n\t\t\t\t\t\t\t<div class=\"elementor-container elementor-column-gap-no\">\n\t\t\t\t\t<div class=\"elementor-column elementor-col-100 elementor-top-column elementor-element elementor-element-61e632b8\" data-id=\"61e632b8\" data-element_type=\"column\" data-e-type=\"column\">\n\t\t\t<div class=\"elementor-widget-wrap elementor-element-populated\">\n\t\t\t\t\t\t<div class=\"elementor-element elementor-element-b86b3c9 elementor-widget elementor-widget-heading\" data-id=\"b86b3c9\" data-element_type=\"widget\" data-e-type=\"widget\" data-widget_type=\"heading.default\">\n\t\t\t\t<div class=\"elementor-widget-container\">\n\t\t\t\t\t<h2 class=\"elementor-heading-title elementor-size-default\">Estudios de Arco El\u00e9ctrico, Cortocircuito y Coordinaci\u00f3n <\/h2>\t\t\t\t<\/div>\n\t\t\t\t<\/div>\n\t\t\t\t\t<\/div>\n\t\t<\/div>\n\t\t\t\t\t<\/div>\n\t\t<\/section>\n\t\t\t\t<section class=\"elementor-section elementor-top-section elementor-element elementor-element-56da060 elementor-section-boxed elementor-section-height-default elementor-section-height-default\" data-id=\"56da060\" data-element_type=\"section\" data-e-type=\"section\" data-settings=\"{&quot;_ha_eqh_enable&quot;:false}\">\n\t\t\t\t\t\t<div class=\"elementor-container elementor-column-gap-default\">\n\t\t\t\t\t<div class=\"elementor-column elementor-col-100 elementor-top-column elementor-element elementor-element-8909423\" data-id=\"8909423\" data-element_type=\"column\" data-e-type=\"column\">\n\t\t\t<div class=\"elementor-widget-wrap\">\n\t\t\t\t\t\t\t<\/div>\n\t\t<\/div>\n\t\t\t\t\t<\/div>\n\t\t<\/section>\n\t\t\t\t<section class=\"elementor-section elementor-top-section elementor-element elementor-element-27bb0252 elementor-section-boxed elementor-section-height-default elementor-section-height-default\" data-id=\"27bb0252\" data-element_type=\"section\" data-e-type=\"section\" data-settings=\"{&quot;_ha_eqh_enable&quot;:false}\">\n\t\t\t\t\t\t<div class=\"elementor-container elementor-column-gap-default\">\n\t\t\t\t\t<div class=\"elementor-column elementor-col-50 elementor-top-column elementor-element elementor-element-48724b4a\" data-id=\"48724b4a\" data-element_type=\"column\" data-e-type=\"column\">\n\t\t\t<div class=\"elementor-widget-wrap elementor-element-populated\">\n\t\t\t\t\t\t<div class=\"elementor-element elementor-element-33c57f02 elementor-widget elementor-widget-image\" data-id=\"33c57f02\" data-element_type=\"widget\" data-e-type=\"widget\" data-widget_type=\"image.default\">\n\t\t\t\t<div class=\"elementor-widget-container\">\n\t\t\t\t\t\t\t\t\t\t\t\t\t\t\t<img fetchpriority=\"high\" decoding=\"async\" width=\"225\" height=\"225\" src=\"https:\/\/i0.wp.com\/radstarengineer.com\/wp-content\/uploads\/2022\/03\/images.png?fit=225%2C225&amp;ssl=1\" class=\"attachment-full size-full wp-image-1836\" alt=\"\" srcset=\"https:\/\/i0.wp.com\/radstarengineer.com\/wp-content\/uploads\/2022\/03\/images.png?w=225&amp;ssl=1 225w, https:\/\/i0.wp.com\/radstarengineer.com\/wp-content\/uploads\/2022\/03\/images.png?resize=150%2C150&amp;ssl=1 150w\" sizes=\"(max-width: 225px) 100vw, 225px\" \/>\t\t\t\t\t\t\t\t\t\t\t\t\t\t\t<\/div>\n\t\t\t\t<\/div>\n\t\t\t\t<div class=\"elementor-element elementor-element-920d92b elementor-widget elementor-widget-image\" data-id=\"920d92b\" data-element_type=\"widget\" data-e-type=\"widget\" data-widget_type=\"image.default\">\n\t\t\t\t<div class=\"elementor-widget-container\">\n\t\t\t\t\t\t\t\t\t\t\t\t\t\t\t<img decoding=\"async\" width=\"425\" height=\"282\" src=\"https:\/\/i0.wp.com\/radstarengineer.com\/wp-content\/uploads\/2022\/03\/0_-8PWSI6LYYkU-0-8.jpg?fit=425%2C282&amp;ssl=1\" class=\"attachment-2048x2048 size-2048x2048 wp-image-1838\" alt=\"\" srcset=\"https:\/\/i0.wp.com\/radstarengineer.com\/wp-content\/uploads\/2022\/03\/0_-8PWSI6LYYkU-0-8.jpg?w=425&amp;ssl=1 425w, https:\/\/i0.wp.com\/radstarengineer.com\/wp-content\/uploads\/2022\/03\/0_-8PWSI6LYYkU-0-8.jpg?resize=300%2C199&amp;ssl=1 300w\" sizes=\"(max-width: 425px) 100vw, 425px\" \/>\t\t\t\t\t\t\t\t\t\t\t\t\t\t\t<\/div>\n\t\t\t\t<\/div>\n\t\t\t\t<div class=\"elementor-element elementor-element-104d508 elementor-widget elementor-widget-image\" data-id=\"104d508\" data-element_type=\"widget\" data-e-type=\"widget\" data-widget_type=\"image.default\">\n\t\t\t\t<div class=\"elementor-widget-container\">\n\t\t\t\t\t\t\t\t\t\t\t\t\t\t\t<img decoding=\"async\" width=\"210\" height=\"240\" src=\"https:\/\/i0.wp.com\/radstarengineer.com\/wp-content\/uploads\/2022\/03\/descarga.jpeg.jpg?fit=210%2C240&amp;ssl=1\" class=\"attachment-1536x1536 size-1536x1536 wp-image-1837\" alt=\"\" \/>\t\t\t\t\t\t\t\t\t\t\t\t\t\t\t<\/div>\n\t\t\t\t<\/div>\n\t\t\t\t\t<\/div>\n\t\t<\/div>\n\t\t\t\t<div class=\"elementor-column elementor-col-50 elementor-top-column elementor-element elementor-element-5615525\" data-id=\"5615525\" data-element_type=\"column\" data-e-type=\"column\">\n\t\t\t<div class=\"elementor-widget-wrap elementor-element-populated\">\n\t\t\t\t\t\t<div class=\"elementor-element elementor-element-285ebe7 elementor-widget elementor-widget-heading\" data-id=\"285ebe7\" data-element_type=\"widget\" data-e-type=\"widget\" data-widget_type=\"heading.default\">\n\t\t\t\t<div class=\"elementor-widget-container\">\n\t\t\t\t\t<h2 class=\"elementor-heading-title elementor-size-default\">Obligatorio para todas las normas y compa\u00f1\u00edas de seguros.<\/h2>\t\t\t\t<\/div>\n\t\t\t\t<\/div>\n\t\t\t\t<div class=\"elementor-element elementor-element-3cc8b66c elementor-widget elementor-widget-text-editor\" data-id=\"3cc8b66c\" data-element_type=\"widget\" data-e-type=\"widget\" data-widget_type=\"text-editor.default\">\n\t\t\t\t<div class=\"elementor-widget-container\">\n\t\t\t\t\t\t\t\t\t<h6><span style=\"font-size: 11.0pt; font-weight: normal;\">Se debe tener especial atenci\u00f3n en esta \u00e1rea. \u00c9l <\/span><span style=\"font-size: 11.0pt;\">Seguridad<\/span><span style=\"font-size: 11.0pt; font-weight: normal;\"> de las personas y de la embarcaci\u00f3n debe ser la prioridad. Los generadores y motores deben incluirse en el an\u00e1lisis.\u00a0<\/span><span style=\"font-size: 11.0pt; font-weight: normal;\">Deben calcularse los cortocircuitos, m\u00ednimos y m\u00e1ximos. Un error en cualquiera de ellos podr\u00eda llevarte a consecuencias similares, incendio y p\u00e9rdida total de tu embarcaci\u00f3n.<i>.<\/i><\/span><\/h6><h6>Pasos a seguir:<\/h6><h6>\u00b7 El paso principal es recopilar la informaci\u00f3n completa de las partes el\u00e9ctricas, como el transformador, los generadores, los di\u00e1metros y la longitud de los cables, el tama\u00f1o y la configuraci\u00f3n del disyuntor y los motores.<\/h6><h6>\u00b7 Diagrama unifilar: modelar el sistema es de vital importancia para desarrollar el estudio.<\/h6><h6>\u00b7 An\u00e1lisis de cortocircuito: El an\u00e1lisis de cortocircuito trif\u00e1sico y monof\u00e1sico tiene la misma importancia, dependiendo de las cargas. Cada dispositivo debe ser tomado en consideraci\u00f3n y analizado adecuadamente.<\/h6><h6>\u00b7 Coordinaci\u00f3n entre los dispositivos de protecci\u00f3n: Modelizaci\u00f3n de cada dispositivo y establecimiento de los puntos de ajuste para la coordinaci\u00f3n.<\/h6><h6>\u00b7 An\u00e1lisis de energ\u00eda de arco el\u00e9ctrico: despu\u00e9s de modelar cada dispositivo, se debe ejecutar un estudio de arco el\u00e9ctrico para obtener los l\u00edmites del arco el\u00e9ctrico, la energ\u00eda incidente y la categor\u00eda de PPE.<\/h6><h6>\u00b7 Las especificaciones finales, las etiquetas y las medidas de mitigaci\u00f3n deben presentarse al cliente para cumplir con las normas de Lloyd's (Parte 16, cap\u00edtulo 2, secci\u00f3n 8.3), ABS (4-8-5\/3.7.4(e) 5.17) u otras normas .<\/h6>\t\t\t\t\t\t\t\t<\/div>\n\t\t\t\t<\/div>\n\t\t\t\t\t<\/div>\n\t\t<\/div>\n\t\t\t\t\t<\/div>\n\t\t<\/section>\n\t\t\t\t<\/div>","protected":false},"excerpt":{"rendered":"<p>Arc Flash, Short Circuit &amp; Coordination studies Required for all standards, and insurance companies. Special attention must be taken in this area. The SAFETY of the people and the vessel should be the priority. Generators and motors should be included in the analysis.&nbsp;Short circuits, minimum and maximum must be calculated. A mistake in any of [&hellip;]<\/p>\n","protected":false},"author":1,"featured_media":0,"parent":0,"menu_order":0,"comment_status":"closed","ping_status":"closed","template":"","meta":{"site-sidebar-layout":"no-sidebar","site-content-layout":"page-builder","ast-site-content-layout":"default","site-content-style":"default","site-sidebar-style":"default","ast-global-header-display":"","ast-banner-title-visibility":"","ast-main-header-display":"","ast-hfb-above-header-display":"","ast-hfb-below-header-display":"","ast-hfb-mobile-header-display":"","site-post-title":"disabled","ast-breadcrumbs-content":"","ast-featured-img":"disabled","footer-sml-layout":"","ast-disable-related-posts":"","theme-transparent-header-meta":"","adv-header-id-meta":"","stick-header-meta":"","header-above-stick-meta":"","header-main-stick-meta":"","header-below-stick-meta":"","astra-migrate-meta-layouts":"default","ast-page-background-enabled":"default","ast-page-background-meta":{"desktop":{"background-color":"var(--ast-global-color-4)","background-image":"","background-repeat":"repeat","background-position":"center center","background-size":"auto","background-attachment":"scroll","background-type":"","background-media":"","overlay-type":"","overlay-color":"","overlay-opacity":"","overlay-gradient":""},"tablet":{"background-color":"","background-image":"","background-repeat":"repeat","background-position":"center center","background-size":"auto","background-attachment":"scroll","background-type":"","background-media":"","overlay-type":"","overlay-color":"","overlay-opacity":"","overlay-gradient":""},"mobile":{"background-color":"","background-image":"","background-repeat":"repeat","background-position":"center center","background-size":"auto","background-attachment":"scroll","background-type":"","background-media":"","overlay-type":"","overlay-color":"","overlay-opacity":"","overlay-gradient":""}},"ast-content-background-meta":{"desktop":{"background-color":"var(--ast-global-color-5)","background-image":"","background-repeat":"repeat","background-position":"center center","background-size":"auto","background-attachment":"scroll","background-type":"","background-media":"","overlay-type":"","overlay-color":"","overlay-opacity":"","overlay-gradient":""},"tablet":{"background-color":"var(--ast-global-color-5)","background-image":"","background-repeat":"repeat","background-position":"center center","background-size":"auto","background-attachment":"scroll","background-type":"","background-media":"","overlay-type":"","overlay-color":"","overlay-opacity":"","overlay-gradient":""},"mobile":{"background-color":"var(--ast-global-color-5)","background-image":"","background-repeat":"repeat","background-position":"center center","background-size":"auto","background-attachment":"scroll","background-type":"","background-media":"","overlay-type":"","overlay-color":"","overlay-opacity":"","overlay-gradient":""}},"footnotes":""},"class_list":["post-438","page","type-page","status-publish","hentry"],"yoast_head":"<!-- This site is optimized with the Yoast SEO plugin v27.3 - https:\/\/yoast.com\/product\/yoast-seo-wordpress\/ -->\n<title>Arc Flash, Short Circuits &amp; Coordination studies - Radstar Engineer<\/title>\n<meta name=\"robots\" content=\"index, follow, max-snippet:-1, max-image-preview:large, max-video-preview:-1\" \/>\n<link rel=\"canonical\" href=\"https:\/\/radstarengineer.com\/es_es\/arc-flash-short-circuits-coordination-studies\/\" \/>\n<meta property=\"og:locale\" content=\"es_ES\" \/>\n<meta property=\"og:type\" content=\"article\" \/>\n<meta property=\"og:title\" content=\"Arc Flash, Short Circuits &amp; Coordination studies - Radstar Engineer\" \/>\n<meta property=\"og:description\" content=\"Arc Flash, Short Circuit &amp; Coordination studies Required for all standards, and insurance companies. Special attention must be taken in this area. The SAFETY of the people and the vessel should be the priority. Generators and motors should be included in the analysis.&nbsp;Short circuits, minimum and maximum must be calculated. A mistake in any of [&hellip;]\" \/>\n<meta property=\"og:url\" content=\"https:\/\/radstarengineer.com\/es_es\/arc-flash-short-circuits-coordination-studies\/\" \/>\n<meta property=\"og:site_name\" content=\"Radstar Engineer\" \/>\n<meta property=\"article:modified_time\" content=\"2022-03-16T00:28:42+00:00\" \/>\n<meta property=\"og:image\" content=\"https:\/\/radstarengineer.com\/wp-content\/uploads\/2022\/03\/images.png\" \/>\n<meta name=\"twitter:card\" content=\"summary_large_image\" \/>\n<meta name=\"twitter:label1\" content=\"Tiempo de lectura\" \/>\n\t<meta name=\"twitter:data1\" content=\"2 minutos\" \/>\n<script type=\"application\/ld+json\" class=\"yoast-schema-graph\">{\"@context\":\"https:\\\/\\\/schema.org\",\"@graph\":[{\"@type\":\"WebPage\",\"@id\":\"https:\\\/\\\/radstarengineer.com\\\/arc-flash-short-circuits-coordination-studies\",\"url\":\"https:\\\/\\\/radstarengineer.com\\\/arc-flash-short-circuits-coordination-studies\",\"name\":\"Arc Flash, Short Circuits & Coordination studies - Radstar Engineer\",\"isPartOf\":{\"@id\":\"https:\\\/\\\/radstarengineer.com\\\/#website\"},\"primaryImageOfPage\":{\"@id\":\"https:\\\/\\\/radstarengineer.com\\\/arc-flash-short-circuits-coordination-studies#primaryimage\"},\"image\":{\"@id\":\"https:\\\/\\\/radstarengineer.com\\\/arc-flash-short-circuits-coordination-studies#primaryimage\"},\"thumbnailUrl\":\"https:\\\/\\\/radstarengineer.com\\\/wp-content\\\/uploads\\\/2022\\\/03\\\/images.png\",\"datePublished\":\"2022-01-18T17:52:39+00:00\",\"dateModified\":\"2022-03-16T00:28:42+00:00\",\"breadcrumb\":{\"@id\":\"https:\\\/\\\/radstarengineer.com\\\/arc-flash-short-circuits-coordination-studies#breadcrumb\"},\"inLanguage\":\"es\",\"potentialAction\":[{\"@type\":\"ReadAction\",\"target\":[\"https:\\\/\\\/radstarengineer.com\\\/arc-flash-short-circuits-coordination-studies\"]}]},{\"@type\":\"ImageObject\",\"inLanguage\":\"es\",\"@id\":\"https:\\\/\\\/radstarengineer.com\\\/arc-flash-short-circuits-coordination-studies#primaryimage\",\"url\":\"https:\\\/\\\/radstarengineer.com\\\/wp-content\\\/uploads\\\/2022\\\/03\\\/images.png\",\"contentUrl\":\"https:\\\/\\\/radstarengineer.com\\\/wp-content\\\/uploads\\\/2022\\\/03\\\/images.png\"},{\"@type\":\"BreadcrumbList\",\"@id\":\"https:\\\/\\\/radstarengineer.com\\\/arc-flash-short-circuits-coordination-studies#breadcrumb\",\"itemListElement\":[{\"@type\":\"ListItem\",\"position\":1,\"name\":\"Portada\",\"item\":\"https:\\\/\\\/radstarengineer.com\\\/\"},{\"@type\":\"ListItem\",\"position\":2,\"name\":\"Arc Flash, Short Circuits &#038; Coordination studies\"}]},{\"@type\":\"WebSite\",\"@id\":\"https:\\\/\\\/radstarengineer.com\\\/#website\",\"url\":\"https:\\\/\\\/radstarengineer.com\\\/\",\"name\":\"Radstar Engineer\",\"description\":\"Enginner Services\",\"potentialAction\":[{\"@type\":\"SearchAction\",\"target\":{\"@type\":\"EntryPoint\",\"urlTemplate\":\"https:\\\/\\\/radstarengineer.com\\\/?s={search_term_string}\"},\"query-input\":{\"@type\":\"PropertyValueSpecification\",\"valueRequired\":true,\"valueName\":\"search_term_string\"}}],\"inLanguage\":\"es\"}]}<\/script>\n<!-- \/ Yoast SEO plugin. -->","yoast_head_json":{"title":"Arc Flash, Short Circuits & Coordination studies - Radstar Engineer","robots":{"index":"index","follow":"follow","max-snippet":"max-snippet:-1","max-image-preview":"max-image-preview:large","max-video-preview":"max-video-preview:-1"},"canonical":"https:\/\/radstarengineer.com\/es_es\/arc-flash-short-circuits-coordination-studies\/","og_locale":"es_ES","og_type":"article","og_title":"Arc Flash, Short Circuits & Coordination studies - Radstar Engineer","og_description":"Arc Flash, Short Circuit &amp; Coordination studies Required for all standards, and insurance companies. Special attention must be taken in this area. The SAFETY of the people and the vessel should be the priority. Generators and motors should be included in the analysis.&nbsp;Short circuits, minimum and maximum must be calculated. A mistake in any of [&hellip;]","og_url":"https:\/\/radstarengineer.com\/es_es\/arc-flash-short-circuits-coordination-studies\/","og_site_name":"Radstar Engineer","article_modified_time":"2022-03-16T00:28:42+00:00","og_image":[{"url":"https:\/\/radstarengineer.com\/wp-content\/uploads\/2022\/03\/images.png","type":"","width":"","height":""}],"twitter_card":"summary_large_image","twitter_misc":{"Tiempo de lectura":"2 minutos"},"schema":{"@context":"https:\/\/schema.org","@graph":[{"@type":"WebPage","@id":"https:\/\/radstarengineer.com\/arc-flash-short-circuits-coordination-studies","url":"https:\/\/radstarengineer.com\/arc-flash-short-circuits-coordination-studies","name":"Arc Flash, Short Circuits & Coordination studies - Radstar Engineer","isPartOf":{"@id":"https:\/\/radstarengineer.com\/#website"},"primaryImageOfPage":{"@id":"https:\/\/radstarengineer.com\/arc-flash-short-circuits-coordination-studies#primaryimage"},"image":{"@id":"https:\/\/radstarengineer.com\/arc-flash-short-circuits-coordination-studies#primaryimage"},"thumbnailUrl":"https:\/\/radstarengineer.com\/wp-content\/uploads\/2022\/03\/images.png","datePublished":"2022-01-18T17:52:39+00:00","dateModified":"2022-03-16T00:28:42+00:00","breadcrumb":{"@id":"https:\/\/radstarengineer.com\/arc-flash-short-circuits-coordination-studies#breadcrumb"},"inLanguage":"es","potentialAction":[{"@type":"ReadAction","target":["https:\/\/radstarengineer.com\/arc-flash-short-circuits-coordination-studies"]}]},{"@type":"ImageObject","inLanguage":"es","@id":"https:\/\/radstarengineer.com\/arc-flash-short-circuits-coordination-studies#primaryimage","url":"https:\/\/radstarengineer.com\/wp-content\/uploads\/2022\/03\/images.png","contentUrl":"https:\/\/radstarengineer.com\/wp-content\/uploads\/2022\/03\/images.png"},{"@type":"BreadcrumbList","@id":"https:\/\/radstarengineer.com\/arc-flash-short-circuits-coordination-studies#breadcrumb","itemListElement":[{"@type":"ListItem","position":1,"name":"Portada","item":"https:\/\/radstarengineer.com\/"},{"@type":"ListItem","position":2,"name":"Arc Flash, Short Circuits &#038; Coordination studies"}]},{"@type":"WebSite","@id":"https:\/\/radstarengineer.com\/#website","url":"https:\/\/radstarengineer.com\/","name":"Radstar Engineer","description":"Enginner Services","potentialAction":[{"@type":"SearchAction","target":{"@type":"EntryPoint","urlTemplate":"https:\/\/radstarengineer.com\/?s={search_term_string}"},"query-input":{"@type":"PropertyValueSpecification","valueRequired":true,"valueName":"search_term_string"}}],"inLanguage":"es"}]}},"jetpack_sharing_enabled":true,"_links":{"self":[{"href":"https:\/\/radstarengineer.com\/es_es\/wp-json\/wp\/v2\/pages\/438","targetHints":{"allow":["GET"]}}],"collection":[{"href":"https:\/\/radstarengineer.com\/es_es\/wp-json\/wp\/v2\/pages"}],"about":[{"href":"https:\/\/radstarengineer.com\/es_es\/wp-json\/wp\/v2\/types\/page"}],"author":[{"embeddable":true,"href":"https:\/\/radstarengineer.com\/es_es\/wp-json\/wp\/v2\/users\/1"}],"replies":[{"embeddable":true,"href":"https:\/\/radstarengineer.com\/es_es\/wp-json\/wp\/v2\/comments?post=438"}],"version-history":[{"count":28,"href":"https:\/\/radstarengineer.com\/es_es\/wp-json\/wp\/v2\/pages\/438\/revisions"}],"predecessor-version":[{"id":1955,"href":"https:\/\/radstarengineer.com\/es_es\/wp-json\/wp\/v2\/pages\/438\/revisions\/1955"}],"wp:attachment":[{"href":"https:\/\/radstarengineer.com\/es_es\/wp-json\/wp\/v2\/media?parent=438"}],"curies":[{"name":"wp","href":"https:\/\/api.w.org\/{rel}","templated":true}]}}