{"id":434,"date":"2022-01-18T17:51:20","date_gmt":"2022-01-18T17:51:20","guid":{"rendered":"https:\/\/radstarengineer.com\/?page_id=434"},"modified":"2022-03-16T00:25:19","modified_gmt":"2022-03-16T00:25:19","slug":"project-documentations-submittals","status":"publish","type":"page","link":"https:\/\/radstarengineer.com\/es_es\/project-documentations-submittals","title":{"rendered":"Legalizaci\u00f3n de proyectos"},"content":{"rendered":"<div data-elementor-type=\"wp-page\" data-elementor-id=\"434\" class=\"elementor elementor-434\" data-elementor-settings=\"{&quot;ha_cmc_init_switcher&quot;:&quot;no&quot;}\">\n\t\t\t\t\t\t<section class=\"elementor-section elementor-top-section elementor-element elementor-element-3cbf47f7 elementor-section-content-bottom elementor-section-boxed elementor-section-height-default elementor-section-height-default\" data-id=\"3cbf47f7\" data-element_type=\"section\" data-e-type=\"section\" data-settings=\"{&quot;background_background&quot;:&quot;classic&quot;,&quot;_ha_eqh_enable&quot;:false}\">\n\t\t\t\t\t\t\t<div class=\"elementor-background-overlay\"><\/div>\n\t\t\t\t\t\t\t<div class=\"elementor-container elementor-column-gap-no\">\n\t\t\t\t\t<div class=\"elementor-column elementor-col-100 elementor-top-column elementor-element elementor-element-4b28ad3b\" data-id=\"4b28ad3b\" data-element_type=\"column\" data-e-type=\"column\">\n\t\t\t<div class=\"elementor-widget-wrap elementor-element-populated\">\n\t\t\t\t\t\t<div class=\"elementor-element elementor-element-3f15e699 elementor-widget elementor-widget-heading\" data-id=\"3f15e699\" data-element_type=\"widget\" data-e-type=\"widget\" data-widget_type=\"heading.default\">\n\t\t\t\t<div class=\"elementor-widget-container\">\n\t\t\t\t\t<h2 class=\"elementor-heading-title elementor-size-default\">Legalizaci\u00f3n de proyectos<\/h2>\t\t\t\t<\/div>\n\t\t\t\t<\/div>\n\t\t\t\t\t<\/div>\n\t\t<\/div>\n\t\t\t\t\t<\/div>\n\t\t<\/section>\n\t\t\t\t<section class=\"elementor-section elementor-top-section elementor-element elementor-element-1d6c00d elementor-section-boxed elementor-section-height-default elementor-section-height-default\" data-id=\"1d6c00d\" data-element_type=\"section\" data-e-type=\"section\" data-settings=\"{&quot;_ha_eqh_enable&quot;:false}\">\n\t\t\t\t\t\t<div class=\"elementor-container elementor-column-gap-default\">\n\t\t\t\t\t<div class=\"elementor-column elementor-col-100 elementor-top-column elementor-element elementor-element-14639b5\" data-id=\"14639b5\" data-element_type=\"column\" data-e-type=\"column\">\n\t\t\t<div class=\"elementor-widget-wrap\">\n\t\t\t\t\t\t\t<\/div>\n\t\t<\/div>\n\t\t\t\t\t<\/div>\n\t\t<\/section>\n\t\t\t\t<section class=\"elementor-section elementor-top-section elementor-element elementor-element-4207d28a elementor-section-boxed elementor-section-height-default elementor-section-height-default\" data-id=\"4207d28a\" data-element_type=\"section\" data-e-type=\"section\" data-settings=\"{&quot;_ha_eqh_enable&quot;:false}\">\n\t\t\t\t\t\t<div class=\"elementor-container elementor-column-gap-default\">\n\t\t\t\t\t<div class=\"elementor-column elementor-col-50 elementor-top-column elementor-element elementor-element-4f9d53c6\" data-id=\"4f9d53c6\" data-element_type=\"column\" data-e-type=\"column\">\n\t\t\t<div class=\"elementor-widget-wrap elementor-element-populated\">\n\t\t\t\t\t\t<div class=\"elementor-element elementor-element-3b4c1f11 elementor-widget elementor-widget-image\" data-id=\"3b4c1f11\" data-element_type=\"widget\" data-e-type=\"widget\" data-widget_type=\"image.default\">\n\t\t\t\t<div class=\"elementor-widget-container\">\n\t\t\t\t\t\t\t\t\t\t\t\t\t\t\t<img decoding=\"async\" width=\"300\" height=\"109\" src=\"https:\/\/i0.wp.com\/radstarengineer.com\/wp-content\/uploads\/2022\/03\/ABS_Logo-use-for-2016.jpg?fit=300%2C109&amp;ssl=1\" class=\"attachment-medium size-medium wp-image-1848\" alt=\"\" srcset=\"https:\/\/i0.wp.com\/radstarengineer.com\/wp-content\/uploads\/2022\/03\/ABS_Logo-use-for-2016.jpg?w=2400&amp;ssl=1 2400w, https:\/\/i0.wp.com\/radstarengineer.com\/wp-content\/uploads\/2022\/03\/ABS_Logo-use-for-2016.jpg?resize=300%2C109&amp;ssl=1 300w, https:\/\/i0.wp.com\/radstarengineer.com\/wp-content\/uploads\/2022\/03\/ABS_Logo-use-for-2016.jpg?resize=1024%2C373&amp;ssl=1 1024w, https:\/\/i0.wp.com\/radstarengineer.com\/wp-content\/uploads\/2022\/03\/ABS_Logo-use-for-2016.jpg?resize=768%2C280&amp;ssl=1 768w, https:\/\/i0.wp.com\/radstarengineer.com\/wp-content\/uploads\/2022\/03\/ABS_Logo-use-for-2016.jpg?resize=1536%2C560&amp;ssl=1 1536w, https:\/\/i0.wp.com\/radstarengineer.com\/wp-content\/uploads\/2022\/03\/ABS_Logo-use-for-2016.jpg?resize=2048%2C747&amp;ssl=1 2048w\" sizes=\"(max-width: 300px) 100vw, 300px\" \/>\t\t\t\t\t\t\t\t\t\t\t\t\t\t\t<\/div>\n\t\t\t\t<\/div>\n\t\t\t\t<div class=\"elementor-element elementor-element-872c999 elementor-widget elementor-widget-image\" data-id=\"872c999\" data-element_type=\"widget\" data-e-type=\"widget\" data-widget_type=\"image.default\">\n\t\t\t\t<div class=\"elementor-widget-container\">\n\t\t\t\t\t\t\t\t\t\t\t\t\t\t\t<img decoding=\"async\" width=\"300\" height=\"156\" src=\"https:\/\/i0.wp.com\/radstarengineer.com\/wp-content\/uploads\/2022\/03\/Lloyds-Register-logo.jpg?fit=300%2C156&amp;ssl=1\" class=\"attachment-medium size-medium wp-image-1844\" alt=\"\" srcset=\"https:\/\/i0.wp.com\/radstarengineer.com\/wp-content\/uploads\/2022\/03\/Lloyds-Register-logo.jpg?w=1540&amp;ssl=1 1540w, https:\/\/i0.wp.com\/radstarengineer.com\/wp-content\/uploads\/2022\/03\/Lloyds-Register-logo.jpg?resize=300%2C156&amp;ssl=1 300w, https:\/\/i0.wp.com\/radstarengineer.com\/wp-content\/uploads\/2022\/03\/Lloyds-Register-logo.jpg?resize=1024%2C532&amp;ssl=1 1024w, https:\/\/i0.wp.com\/radstarengineer.com\/wp-content\/uploads\/2022\/03\/Lloyds-Register-logo.jpg?resize=768%2C399&amp;ssl=1 768w, https:\/\/i0.wp.com\/radstarengineer.com\/wp-content\/uploads\/2022\/03\/Lloyds-Register-logo.jpg?resize=1536%2C798&amp;ssl=1 1536w\" sizes=\"(max-width: 300px) 100vw, 300px\" \/>\t\t\t\t\t\t\t\t\t\t\t\t\t\t\t<\/div>\n\t\t\t\t<\/div>\n\t\t\t\t<div class=\"elementor-element elementor-element-a2b5dd6 elementor-widget elementor-widget-image\" data-id=\"a2b5dd6\" data-element_type=\"widget\" data-e-type=\"widget\" data-widget_type=\"image.default\">\n\t\t\t\t<div class=\"elementor-widget-container\">\n\t\t\t\t\t\t\t\t\t\t\t\t\t\t\t<img fetchpriority=\"high\" decoding=\"async\" width=\"300\" height=\"265\" src=\"https:\/\/i0.wp.com\/radstarengineer.com\/wp-content\/uploads\/2022\/03\/TUVlogo_noclaim_vertical_P300_vec-1024x906-1.jpg?fit=300%2C265&amp;ssl=1\" class=\"attachment-medium size-medium wp-image-1847\" alt=\"\" srcset=\"https:\/\/i0.wp.com\/radstarengineer.com\/wp-content\/uploads\/2022\/03\/TUVlogo_noclaim_vertical_P300_vec-1024x906-1.jpg?w=1024&amp;ssl=1 1024w, https:\/\/i0.wp.com\/radstarengineer.com\/wp-content\/uploads\/2022\/03\/TUVlogo_noclaim_vertical_P300_vec-1024x906-1.jpg?resize=300%2C265&amp;ssl=1 300w, https:\/\/i0.wp.com\/radstarengineer.com\/wp-content\/uploads\/2022\/03\/TUVlogo_noclaim_vertical_P300_vec-1024x906-1.jpg?resize=768%2C680&amp;ssl=1 768w\" sizes=\"(max-width: 300px) 100vw, 300px\" \/>\t\t\t\t\t\t\t\t\t\t\t\t\t\t\t<\/div>\n\t\t\t\t<\/div>\n\t\t\t\t\t<\/div>\n\t\t<\/div>\n\t\t\t\t<div class=\"elementor-column elementor-col-50 elementor-top-column elementor-element elementor-element-731c2f80\" data-id=\"731c2f80\" data-element_type=\"column\" data-e-type=\"column\">\n\t\t\t<div class=\"elementor-widget-wrap elementor-element-populated\">\n\t\t\t\t\t\t<div class=\"elementor-element elementor-element-16c13e91 elementor-widget elementor-widget-heading\" data-id=\"16c13e91\" data-element_type=\"widget\" data-e-type=\"widget\" data-widget_type=\"heading.default\">\n\t\t\t\t<div class=\"elementor-widget-container\">\n\t\t\t\t\t<h2 class=\"elementor-heading-title elementor-size-default\">Legalizaci\u00f3n de proyectos<\/h2>\t\t\t\t<\/div>\n\t\t\t\t<\/div>\n\t\t\t\t<div class=\"elementor-element elementor-element-41fa4216 elementor-widget elementor-widget-text-editor\" data-id=\"41fa4216\" data-element_type=\"widget\" data-e-type=\"widget\" data-widget_type=\"text-editor.default\">\n\t\t\t\t<div class=\"elementor-widget-container\">\n\t\t\t\t\t\t\t\t\t<h6>Proporcionamos documentaci\u00f3n y certificados completos de proyectos el\u00e9ctricos a Lloyd's, ABS, BV, DNV-GL o T\u00dcV, de conformidad con las normas y est\u00e1ndares. Durante este proceso mantenemos una relaci\u00f3n profesional y altos est\u00e1ndares \u00e9ticos que nos impulsan a la culminaci\u00f3n satisfactoria  del proyecto.\u00a0<\/h6><h6>Es de suma importancia proporcionar un producto de alta calidad. Ahorrar\u00e1 tiempo, cambios y, al final, dinero.<\/h6><h6>Nos tomamos nuestro tiempo para lanzar los proyectos y vale la pena.<\/h6>\t\t\t\t\t\t\t\t<\/div>\n\t\t\t\t<\/div>\n\t\t\t\t\t<\/div>\n\t\t<\/div>\n\t\t\t\t\t<\/div>\n\t\t<\/section>\n\t\t\t\t<\/div>","protected":false},"excerpt":{"rendered":"<p>Project Documentations Submittals Project documentation submittal We provide complete electrical project documentation and certificates to Lloyd\u2019s, ABS, BV, DNV-GL, or T\u00dcV, in compliance with rules and standards. During this process, we keep a professional relationship and high ethical standards that drive us to the satisfactory and final completion of the project.&nbsp; It is of paramount [&hellip;]<\/p>\n","protected":false},"author":1,"featured_media":0,"parent":0,"menu_order":0,"comment_status":"closed","ping_status":"closed","template":"","meta":{"site-sidebar-layout":"no-sidebar","site-content-layout":"page-builder","ast-site-content-layout":"default","site-content-style":"default","site-sidebar-style":"default","ast-global-header-display":"","ast-banner-title-visibility":"","ast-main-header-display":"","ast-hfb-above-header-display":"","ast-hfb-below-header-display":"","ast-hfb-mobile-header-display":"","site-post-title":"disabled","ast-breadcrumbs-content":"","ast-featured-img":"disabled","footer-sml-layout":"","ast-disable-related-posts":"","theme-transparent-header-meta":"","adv-header-id-meta":"","stick-header-meta":"","header-above-stick-meta":"","header-main-stick-meta":"","header-below-stick-meta":"","astra-migrate-meta-layouts":"default","ast-page-background-enabled":"default","ast-page-background-meta":{"desktop":{"background-color":"var(--ast-global-color-4)","background-image":"","background-repeat":"repeat","background-position":"center center","background-size":"auto","background-attachment":"scroll","background-type":"","background-media":"","overlay-type":"","overlay-color":"","overlay-opacity":"","overlay-gradient":""},"tablet":{"background-color":"","background-image":"","background-repeat":"repeat","background-position":"center center","background-size":"auto","background-attachment":"scroll","background-type":"","background-media":"","overlay-type":"","overlay-color":"","overlay-opacity":"","overlay-gradient":""},"mobile":{"background-color":"","background-image":"","background-repeat":"repeat","background-position":"center center","background-size":"auto","background-attachment":"scroll","background-type":"","background-media":"","overlay-type":"","overlay-color":"","overlay-opacity":"","overlay-gradient":""}},"ast-content-background-meta":{"desktop":{"background-color":"var(--ast-global-color-5)","background-image":"","background-repeat":"repeat","background-position":"center center","background-size":"auto","background-attachment":"scroll","background-type":"","background-media":"","overlay-type":"","overlay-color":"","overlay-opacity":"","overlay-gradient":""},"tablet":{"background-color":"var(--ast-global-color-5)","background-image":"","background-repeat":"repeat","background-position":"center center","background-size":"auto","background-attachment":"scroll","background-type":"","background-media":"","overlay-type":"","overlay-color":"","overlay-opacity":"","overlay-gradient":""},"mobile":{"background-color":"var(--ast-global-color-5)","background-image":"","background-repeat":"repeat","background-position":"center center","background-size":"auto","background-attachment":"scroll","background-type":"","background-media":"","overlay-type":"","overlay-color":"","overlay-opacity":"","overlay-gradient":""}},"footnotes":""},"class_list":["post-434","page","type-page","status-publish","hentry"],"yoast_head":"<!-- This site is optimized with the Yoast SEO plugin v27.3 - https:\/\/yoast.com\/product\/yoast-seo-wordpress\/ -->\n<title>Project Documentations Submittals - Radstar Engineer<\/title>\n<meta name=\"robots\" content=\"index, follow, max-snippet:-1, max-image-preview:large, max-video-preview:-1\" \/>\n<link rel=\"canonical\" href=\"https:\/\/radstarengineer.com\/es_es\/project-documentations-submittals\/\" \/>\n<meta property=\"og:locale\" content=\"es_ES\" \/>\n<meta property=\"og:type\" content=\"article\" \/>\n<meta property=\"og:title\" content=\"Project Documentations Submittals - Radstar Engineer\" \/>\n<meta property=\"og:description\" content=\"Project Documentations Submittals Project documentation submittal We provide complete electrical project documentation and certificates to Lloyd\u2019s, ABS, BV, DNV-GL, or T\u00dcV, in compliance with rules and standards. During this process, we keep a professional relationship and high ethical standards that drive us to the satisfactory and final completion of the project.&nbsp; It is of paramount [&hellip;]\" \/>\n<meta property=\"og:url\" content=\"https:\/\/radstarengineer.com\/es_es\/project-documentations-submittals\/\" \/>\n<meta property=\"og:site_name\" content=\"Radstar Engineer\" \/>\n<meta property=\"article:modified_time\" content=\"2022-03-16T00:25:19+00:00\" \/>\n<meta property=\"og:image\" content=\"https:\/\/radstarengineer.com\/wp-content\/uploads\/2022\/03\/ABS_Logo-use-for-2016-300x109.jpg\" \/>\n<meta name=\"twitter:card\" content=\"summary_large_image\" \/>\n<meta name=\"twitter:label1\" content=\"Tiempo de lectura\" \/>\n\t<meta name=\"twitter:data1\" content=\"1 minuto\" \/>\n<script type=\"application\/ld+json\" class=\"yoast-schema-graph\">{\"@context\":\"https:\\\/\\\/schema.org\",\"@graph\":[{\"@type\":\"WebPage\",\"@id\":\"https:\\\/\\\/radstarengineer.com\\\/project-documentations-submittals\",\"url\":\"https:\\\/\\\/radstarengineer.com\\\/project-documentations-submittals\",\"name\":\"Project Documentations Submittals - Radstar Engineer\",\"isPartOf\":{\"@id\":\"https:\\\/\\\/radstarengineer.com\\\/#website\"},\"primaryImageOfPage\":{\"@id\":\"https:\\\/\\\/radstarengineer.com\\\/project-documentations-submittals#primaryimage\"},\"image\":{\"@id\":\"https:\\\/\\\/radstarengineer.com\\\/project-documentations-submittals#primaryimage\"},\"thumbnailUrl\":\"https:\\\/\\\/radstarengineer.com\\\/wp-content\\\/uploads\\\/2022\\\/03\\\/ABS_Logo-use-for-2016-300x109.jpg\",\"datePublished\":\"2022-01-18T17:51:20+00:00\",\"dateModified\":\"2022-03-16T00:25:19+00:00\",\"breadcrumb\":{\"@id\":\"https:\\\/\\\/radstarengineer.com\\\/project-documentations-submittals#breadcrumb\"},\"inLanguage\":\"es\",\"potentialAction\":[{\"@type\":\"ReadAction\",\"target\":[\"https:\\\/\\\/radstarengineer.com\\\/project-documentations-submittals\"]}]},{\"@type\":\"ImageObject\",\"inLanguage\":\"es\",\"@id\":\"https:\\\/\\\/radstarengineer.com\\\/project-documentations-submittals#primaryimage\",\"url\":\"https:\\\/\\\/radstarengineer.com\\\/wp-content\\\/uploads\\\/2022\\\/03\\\/ABS_Logo-use-for-2016-300x109.jpg\",\"contentUrl\":\"https:\\\/\\\/radstarengineer.com\\\/wp-content\\\/uploads\\\/2022\\\/03\\\/ABS_Logo-use-for-2016-300x109.jpg\"},{\"@type\":\"BreadcrumbList\",\"@id\":\"https:\\\/\\\/radstarengineer.com\\\/project-documentations-submittals#breadcrumb\",\"itemListElement\":[{\"@type\":\"ListItem\",\"position\":1,\"name\":\"Portada\",\"item\":\"https:\\\/\\\/radstarengineer.com\\\/\"},{\"@type\":\"ListItem\",\"position\":2,\"name\":\"Project Documentations Submittals\"}]},{\"@type\":\"WebSite\",\"@id\":\"https:\\\/\\\/radstarengineer.com\\\/#website\",\"url\":\"https:\\\/\\\/radstarengineer.com\\\/\",\"name\":\"Radstar Engineer\",\"description\":\"Enginner Services\",\"potentialAction\":[{\"@type\":\"SearchAction\",\"target\":{\"@type\":\"EntryPoint\",\"urlTemplate\":\"https:\\\/\\\/radstarengineer.com\\\/?s={search_term_string}\"},\"query-input\":{\"@type\":\"PropertyValueSpecification\",\"valueRequired\":true,\"valueName\":\"search_term_string\"}}],\"inLanguage\":\"es\"}]}<\/script>\n<!-- \/ Yoast SEO plugin. -->","yoast_head_json":{"title":"Project Documentations Submittals - Radstar Engineer","robots":{"index":"index","follow":"follow","max-snippet":"max-snippet:-1","max-image-preview":"max-image-preview:large","max-video-preview":"max-video-preview:-1"},"canonical":"https:\/\/radstarengineer.com\/es_es\/project-documentations-submittals\/","og_locale":"es_ES","og_type":"article","og_title":"Project Documentations Submittals - Radstar Engineer","og_description":"Project Documentations Submittals Project documentation submittal We provide complete electrical project documentation and certificates to Lloyd\u2019s, ABS, BV, DNV-GL, or T\u00dcV, in compliance with rules and standards. During this process, we keep a professional relationship and high ethical standards that drive us to the satisfactory and final completion of the project.&nbsp; It is of paramount [&hellip;]","og_url":"https:\/\/radstarengineer.com\/es_es\/project-documentations-submittals\/","og_site_name":"Radstar Engineer","article_modified_time":"2022-03-16T00:25:19+00:00","og_image":[{"url":"https:\/\/radstarengineer.com\/wp-content\/uploads\/2022\/03\/ABS_Logo-use-for-2016-300x109.jpg","type":"","width":"","height":""}],"twitter_card":"summary_large_image","twitter_misc":{"Tiempo de lectura":"1 minuto"},"schema":{"@context":"https:\/\/schema.org","@graph":[{"@type":"WebPage","@id":"https:\/\/radstarengineer.com\/project-documentations-submittals","url":"https:\/\/radstarengineer.com\/project-documentations-submittals","name":"Project Documentations Submittals - Radstar Engineer","isPartOf":{"@id":"https:\/\/radstarengineer.com\/#website"},"primaryImageOfPage":{"@id":"https:\/\/radstarengineer.com\/project-documentations-submittals#primaryimage"},"image":{"@id":"https:\/\/radstarengineer.com\/project-documentations-submittals#primaryimage"},"thumbnailUrl":"https:\/\/radstarengineer.com\/wp-content\/uploads\/2022\/03\/ABS_Logo-use-for-2016-300x109.jpg","datePublished":"2022-01-18T17:51:20+00:00","dateModified":"2022-03-16T00:25:19+00:00","breadcrumb":{"@id":"https:\/\/radstarengineer.com\/project-documentations-submittals#breadcrumb"},"inLanguage":"es","potentialAction":[{"@type":"ReadAction","target":["https:\/\/radstarengineer.com\/project-documentations-submittals"]}]},{"@type":"ImageObject","inLanguage":"es","@id":"https:\/\/radstarengineer.com\/project-documentations-submittals#primaryimage","url":"https:\/\/radstarengineer.com\/wp-content\/uploads\/2022\/03\/ABS_Logo-use-for-2016-300x109.jpg","contentUrl":"https:\/\/radstarengineer.com\/wp-content\/uploads\/2022\/03\/ABS_Logo-use-for-2016-300x109.jpg"},{"@type":"BreadcrumbList","@id":"https:\/\/radstarengineer.com\/project-documentations-submittals#breadcrumb","itemListElement":[{"@type":"ListItem","position":1,"name":"Portada","item":"https:\/\/radstarengineer.com\/"},{"@type":"ListItem","position":2,"name":"Project Documentations Submittals"}]},{"@type":"WebSite","@id":"https:\/\/radstarengineer.com\/#website","url":"https:\/\/radstarengineer.com\/","name":"Radstar Engineer","description":"Enginner Services","potentialAction":[{"@type":"SearchAction","target":{"@type":"EntryPoint","urlTemplate":"https:\/\/radstarengineer.com\/?s={search_term_string}"},"query-input":{"@type":"PropertyValueSpecification","valueRequired":true,"valueName":"search_term_string"}}],"inLanguage":"es"}]}},"jetpack_sharing_enabled":true,"_links":{"self":[{"href":"https:\/\/radstarengineer.com\/es_es\/wp-json\/wp\/v2\/pages\/434","targetHints":{"allow":["GET"]}}],"collection":[{"href":"https:\/\/radstarengineer.com\/es_es\/wp-json\/wp\/v2\/pages"}],"about":[{"href":"https:\/\/radstarengineer.com\/es_es\/wp-json\/wp\/v2\/types\/page"}],"author":[{"embeddable":true,"href":"https:\/\/radstarengineer.com\/es_es\/wp-json\/wp\/v2\/users\/1"}],"replies":[{"embeddable":true,"href":"https:\/\/radstarengineer.com\/es_es\/wp-json\/wp\/v2\/comments?post=434"}],"version-history":[{"count":24,"href":"https:\/\/radstarengineer.com\/es_es\/wp-json\/wp\/v2\/pages\/434\/revisions"}],"predecessor-version":[{"id":1951,"href":"https:\/\/radstarengineer.com\/es_es\/wp-json\/wp\/v2\/pages\/434\/revisions\/1951"}],"wp:attachment":[{"href":"https:\/\/radstarengineer.com\/es_es\/wp-json\/wp\/v2\/media?parent=434"}],"curies":[{"name":"wp","href":"https:\/\/api.w.org\/{rel}","templated":true}]}}