{"id":423,"date":"2022-01-18T17:49:29","date_gmt":"2022-01-18T17:49:29","guid":{"rendered":"https:\/\/radstarengineer.com\/?page_id=423"},"modified":"2022-03-16T00:23:16","modified_gmt":"2022-03-16T00:23:16","slug":"interaction-with-systems-and-contractors","status":"publish","type":"page","link":"https:\/\/radstarengineer.com\/es_es\/interaction-with-systems-and-contractors","title":{"rendered":"Interacci\u00f3n con otros sistemas y contratistas"},"content":{"rendered":"<div data-elementor-type=\"wp-page\" data-elementor-id=\"423\" class=\"elementor elementor-423\" data-elementor-settings=\"{&quot;ha_cmc_init_switcher&quot;:&quot;no&quot;}\">\n\t\t\t\t\t\t<section class=\"elementor-section elementor-top-section elementor-element elementor-element-3526a73d elementor-section-content-bottom elementor-section-boxed elementor-section-height-default elementor-section-height-default\" data-id=\"3526a73d\" data-element_type=\"section\" data-e-type=\"section\" data-settings=\"{&quot;background_background&quot;:&quot;classic&quot;,&quot;_ha_eqh_enable&quot;:false}\">\n\t\t\t\t\t\t\t<div class=\"elementor-background-overlay\"><\/div>\n\t\t\t\t\t\t\t<div class=\"elementor-container elementor-column-gap-no\">\n\t\t\t\t\t<div class=\"elementor-column elementor-col-100 elementor-top-column elementor-element elementor-element-d0988a1\" data-id=\"d0988a1\" data-element_type=\"column\" data-e-type=\"column\">\n\t\t\t<div class=\"elementor-widget-wrap elementor-element-populated\">\n\t\t\t\t\t\t<div class=\"elementor-element elementor-element-5ef15371 elementor-widget elementor-widget-heading\" data-id=\"5ef15371\" data-element_type=\"widget\" data-e-type=\"widget\" data-widget_type=\"heading.default\">\n\t\t\t\t<div class=\"elementor-widget-container\">\n\t\t\t\t\t<h2 class=\"elementor-heading-title elementor-size-default\">Interacci\u00f3n con otros sistemas y contratistas<\/h2>\t\t\t\t<\/div>\n\t\t\t\t<\/div>\n\t\t\t\t\t<\/div>\n\t\t<\/div>\n\t\t\t\t\t<\/div>\n\t\t<\/section>\n\t\t\t\t<section class=\"elementor-section elementor-top-section elementor-element elementor-element-c2a1554 elementor-section-boxed elementor-section-height-default elementor-section-height-default\" data-id=\"c2a1554\" data-element_type=\"section\" data-e-type=\"section\" data-settings=\"{&quot;_ha_eqh_enable&quot;:false}\">\n\t\t\t\t\t\t<div class=\"elementor-container elementor-column-gap-default\">\n\t\t\t\t\t<div class=\"elementor-column elementor-col-100 elementor-top-column elementor-element elementor-element-11b0c59\" data-id=\"11b0c59\" data-element_type=\"column\" data-e-type=\"column\">\n\t\t\t<div class=\"elementor-widget-wrap\">\n\t\t\t\t\t\t\t<\/div>\n\t\t<\/div>\n\t\t\t\t\t<\/div>\n\t\t<\/section>\n\t\t\t\t<section class=\"elementor-section elementor-top-section elementor-element elementor-element-815b307 elementor-section-boxed elementor-section-height-default elementor-section-height-default\" data-id=\"815b307\" data-element_type=\"section\" data-e-type=\"section\" data-settings=\"{&quot;_ha_eqh_enable&quot;:false}\">\n\t\t\t\t\t\t<div class=\"elementor-container elementor-column-gap-default\">\n\t\t\t\t\t<div class=\"elementor-column elementor-col-50 elementor-top-column elementor-element elementor-element-49e27fda\" data-id=\"49e27fda\" data-element_type=\"column\" data-e-type=\"column\">\n\t\t\t<div class=\"elementor-widget-wrap elementor-element-populated\">\n\t\t\t\t\t\t<div class=\"elementor-element elementor-element-55290d4f elementor-widget elementor-widget-image\" data-id=\"55290d4f\" data-element_type=\"widget\" data-e-type=\"widget\" data-widget_type=\"image.default\">\n\t\t\t\t<div class=\"elementor-widget-container\">\n\t\t\t\t\t\t\t\t\t\t\t\t\t\t\t<img fetchpriority=\"high\" decoding=\"async\" width=\"1500\" height=\"725\" src=\"https:\/\/i0.wp.com\/radstarengineer.com\/wp-content\/uploads\/2022\/03\/R.png?fit=1500%2C725&amp;ssl=1\" class=\"attachment-2048x2048 size-2048x2048 wp-image-1865\" alt=\"\" srcset=\"https:\/\/i0.wp.com\/radstarengineer.com\/wp-content\/uploads\/2022\/03\/R.png?w=1500&amp;ssl=1 1500w, https:\/\/i0.wp.com\/radstarengineer.com\/wp-content\/uploads\/2022\/03\/R.png?resize=300%2C145&amp;ssl=1 300w, https:\/\/i0.wp.com\/radstarengineer.com\/wp-content\/uploads\/2022\/03\/R.png?resize=1024%2C495&amp;ssl=1 1024w, https:\/\/i0.wp.com\/radstarengineer.com\/wp-content\/uploads\/2022\/03\/R.png?resize=768%2C371&amp;ssl=1 768w\" sizes=\"(max-width: 1200px) 100vw, 1200px\" \/>\t\t\t\t\t\t\t\t\t\t\t\t\t\t\t<\/div>\n\t\t\t\t<\/div>\n\t\t\t\t<div class=\"elementor-element elementor-element-6cb95f2 elementor-widget elementor-widget-image\" data-id=\"6cb95f2\" data-element_type=\"widget\" data-e-type=\"widget\" data-widget_type=\"image.default\">\n\t\t\t\t<div class=\"elementor-widget-container\">\n\t\t\t\t\t\t\t\t\t\t\t\t\t\t\t<img decoding=\"async\" width=\"800\" height=\"600\" src=\"https:\/\/i0.wp.com\/radstarengineer.com\/wp-content\/uploads\/2022\/03\/R-3.jpg?fit=800%2C600&amp;ssl=1\" class=\"attachment-2048x2048 size-2048x2048 wp-image-1867\" alt=\"\" srcset=\"https:\/\/i0.wp.com\/radstarengineer.com\/wp-content\/uploads\/2022\/03\/R-3.jpg?w=800&amp;ssl=1 800w, https:\/\/i0.wp.com\/radstarengineer.com\/wp-content\/uploads\/2022\/03\/R-3.jpg?resize=300%2C225&amp;ssl=1 300w, https:\/\/i0.wp.com\/radstarengineer.com\/wp-content\/uploads\/2022\/03\/R-3.jpg?resize=768%2C576&amp;ssl=1 768w\" sizes=\"(max-width: 800px) 100vw, 800px\" \/>\t\t\t\t\t\t\t\t\t\t\t\t\t\t\t<\/div>\n\t\t\t\t<\/div>\n\t\t\t\t\t<\/div>\n\t\t<\/div>\n\t\t\t\t<div class=\"elementor-column elementor-col-50 elementor-top-column elementor-element elementor-element-28faec51\" data-id=\"28faec51\" data-element_type=\"column\" data-e-type=\"column\">\n\t\t\t<div class=\"elementor-widget-wrap elementor-element-populated\">\n\t\t\t\t\t\t<div class=\"elementor-element elementor-element-3f54c68e elementor-widget elementor-widget-heading\" data-id=\"3f54c68e\" data-element_type=\"widget\" data-e-type=\"widget\" data-widget_type=\"heading.default\">\n\t\t\t\t<div class=\"elementor-widget-container\">\n\t\t\t\t\t<h2 class=\"elementor-heading-title elementor-size-default\">Interacci\u00f3n con otros sistemas y contratistas<\/h2>\t\t\t\t<\/div>\n\t\t\t\t<\/div>\n\t\t\t\t<div class=\"elementor-element elementor-element-4677d741 elementor-widget elementor-widget-text-editor\" data-id=\"4677d741\" data-element_type=\"widget\" data-e-type=\"widget\" data-widget_type=\"text-editor.default\">\n\t\t\t\t<div class=\"elementor-widget-container\">\n\t\t\t\t\t\t\t\t\t<p><span style=\"font-size: 11.0pt; font-weight: normal;\">La integraci\u00f3n total de diferentes sistemas, prevaleciendo una misma filosof\u00eda, hace un producto \u00fanico y extraordinario. <\/span><span style=\"font-size: 11.0pt; font-weight: normal;\">La comunicaci\u00f3n efectiva es vital para la finalizaci\u00f3n exitosa de cualquier proyecto de construcci\u00f3n. Una buena comunicaci\u00f3n implica ser capaz de transmitir su mensaje para que su equipo lo reciba y lo entienda, lo que mejorar\u00e1 sus habilidades de trabajo, lo que conducir\u00e1 a una colaboraci\u00f3n positiva y dar\u00e1 como resultado una actitud optimista.<\/span><\/p><p><span style=\"font-size: 11.0pt; font-weight: normal;\">Podemos actuar como dise\u00f1adores y\/o como jefe de proyecto. <\/span><\/p>\t\t\t\t\t\t\t\t<\/div>\n\t\t\t\t<\/div>\n\t\t\t\t\t<\/div>\n\t\t<\/div>\n\t\t\t\t\t<\/div>\n\t\t<\/section>\n\t\t\t\t<\/div>","protected":false},"excerpt":{"rendered":"<p>Interaction with system and contractor Interaction with other systems and contractors The total integration of different systems, prevailing the same philosophy, makes a unique and extraordinary product. Effective communication is vital to the successful completion of any construction project. Good communication involves being able to transmit your message so it is received and understood by [&hellip;]<\/p>\n","protected":false},"author":1,"featured_media":0,"parent":0,"menu_order":0,"comment_status":"closed","ping_status":"closed","template":"","meta":{"site-sidebar-layout":"no-sidebar","site-content-layout":"page-builder","ast-site-content-layout":"default","site-content-style":"default","site-sidebar-style":"default","ast-global-header-display":"","ast-banner-title-visibility":"","ast-main-header-display":"","ast-hfb-above-header-display":"","ast-hfb-below-header-display":"","ast-hfb-mobile-header-display":"","site-post-title":"disabled","ast-breadcrumbs-content":"","ast-featured-img":"disabled","footer-sml-layout":"","ast-disable-related-posts":"","theme-transparent-header-meta":"","adv-header-id-meta":"","stick-header-meta":"","header-above-stick-meta":"","header-main-stick-meta":"","header-below-stick-meta":"","astra-migrate-meta-layouts":"default","ast-page-background-enabled":"default","ast-page-background-meta":{"desktop":{"background-color":"var(--ast-global-color-4)","background-image":"","background-repeat":"repeat","background-position":"center center","background-size":"auto","background-attachment":"scroll","background-type":"","background-media":"","overlay-type":"","overlay-color":"","overlay-opacity":"","overlay-gradient":""},"tablet":{"background-color":"","background-image":"","background-repeat":"repeat","background-position":"center center","background-size":"auto","background-attachment":"scroll","background-type":"","background-media":"","overlay-type":"","overlay-color":"","overlay-opacity":"","overlay-gradient":""},"mobile":{"background-color":"","background-image":"","background-repeat":"repeat","background-position":"center center","background-size":"auto","background-attachment":"scroll","background-type":"","background-media":"","overlay-type":"","overlay-color":"","overlay-opacity":"","overlay-gradient":""}},"ast-content-background-meta":{"desktop":{"background-color":"var(--ast-global-color-5)","background-image":"","background-repeat":"repeat","background-position":"center center","background-size":"auto","background-attachment":"scroll","background-type":"","background-media":"","overlay-type":"","overlay-color":"","overlay-opacity":"","overlay-gradient":""},"tablet":{"background-color":"var(--ast-global-color-5)","background-image":"","background-repeat":"repeat","background-position":"center center","background-size":"auto","background-attachment":"scroll","background-type":"","background-media":"","overlay-type":"","overlay-color":"","overlay-opacity":"","overlay-gradient":""},"mobile":{"background-color":"var(--ast-global-color-5)","background-image":"","background-repeat":"repeat","background-position":"center center","background-size":"auto","background-attachment":"scroll","background-type":"","background-media":"","overlay-type":"","overlay-color":"","overlay-opacity":"","overlay-gradient":""}},"footnotes":""},"class_list":["post-423","page","type-page","status-publish","hentry"],"yoast_head":"<!-- This site is optimized with the Yoast SEO plugin v27.3 - https:\/\/yoast.com\/product\/yoast-seo-wordpress\/ -->\n<title>Interaction with Systems and contractors - Radstar Engineer<\/title>\n<meta name=\"robots\" content=\"index, follow, max-snippet:-1, max-image-preview:large, max-video-preview:-1\" \/>\n<link rel=\"canonical\" href=\"https:\/\/radstarengineer.com\/es_es\/interaction-with-systems-and-contractors\/\" \/>\n<meta property=\"og:locale\" content=\"es_ES\" \/>\n<meta property=\"og:type\" content=\"article\" \/>\n<meta property=\"og:title\" content=\"Interaction with Systems and contractors - Radstar Engineer\" \/>\n<meta property=\"og:description\" content=\"Interaction with system and contractor Interaction with other systems and contractors The total integration of different systems, prevailing the same philosophy, makes a unique and extraordinary product. Effective communication is vital to the successful completion of any construction project. Good communication involves being able to transmit your message so it is received and understood by [&hellip;]\" \/>\n<meta property=\"og:url\" content=\"https:\/\/radstarengineer.com\/es_es\/interaction-with-systems-and-contractors\/\" \/>\n<meta property=\"og:site_name\" content=\"Radstar Engineer\" \/>\n<meta property=\"article:modified_time\" content=\"2022-03-16T00:23:16+00:00\" \/>\n<meta property=\"og:image\" content=\"https:\/\/radstarengineer.com\/wp-content\/uploads\/2022\/03\/R.png\" \/>\n<meta name=\"twitter:card\" content=\"summary_large_image\" \/>\n<meta name=\"twitter:label1\" content=\"Tiempo de lectura\" \/>\n\t<meta name=\"twitter:data1\" content=\"1 minuto\" \/>\n<script type=\"application\/ld+json\" class=\"yoast-schema-graph\">{\"@context\":\"https:\\\/\\\/schema.org\",\"@graph\":[{\"@type\":\"WebPage\",\"@id\":\"https:\\\/\\\/radstarengineer.com\\\/interaction-with-systems-and-contractors\",\"url\":\"https:\\\/\\\/radstarengineer.com\\\/interaction-with-systems-and-contractors\",\"name\":\"Interaction with Systems and contractors - Radstar Engineer\",\"isPartOf\":{\"@id\":\"https:\\\/\\\/radstarengineer.com\\\/#website\"},\"primaryImageOfPage\":{\"@id\":\"https:\\\/\\\/radstarengineer.com\\\/interaction-with-systems-and-contractors#primaryimage\"},\"image\":{\"@id\":\"https:\\\/\\\/radstarengineer.com\\\/interaction-with-systems-and-contractors#primaryimage\"},\"thumbnailUrl\":\"https:\\\/\\\/radstarengineer.com\\\/wp-content\\\/uploads\\\/2022\\\/03\\\/R.png\",\"datePublished\":\"2022-01-18T17:49:29+00:00\",\"dateModified\":\"2022-03-16T00:23:16+00:00\",\"breadcrumb\":{\"@id\":\"https:\\\/\\\/radstarengineer.com\\\/interaction-with-systems-and-contractors#breadcrumb\"},\"inLanguage\":\"es\",\"potentialAction\":[{\"@type\":\"ReadAction\",\"target\":[\"https:\\\/\\\/radstarengineer.com\\\/interaction-with-systems-and-contractors\"]}]},{\"@type\":\"ImageObject\",\"inLanguage\":\"es\",\"@id\":\"https:\\\/\\\/radstarengineer.com\\\/interaction-with-systems-and-contractors#primaryimage\",\"url\":\"https:\\\/\\\/radstarengineer.com\\\/wp-content\\\/uploads\\\/2022\\\/03\\\/R.png\",\"contentUrl\":\"https:\\\/\\\/radstarengineer.com\\\/wp-content\\\/uploads\\\/2022\\\/03\\\/R.png\"},{\"@type\":\"BreadcrumbList\",\"@id\":\"https:\\\/\\\/radstarengineer.com\\\/interaction-with-systems-and-contractors#breadcrumb\",\"itemListElement\":[{\"@type\":\"ListItem\",\"position\":1,\"name\":\"Portada\",\"item\":\"https:\\\/\\\/radstarengineer.com\\\/\"},{\"@type\":\"ListItem\",\"position\":2,\"name\":\"Interaction with Systems and contractors\"}]},{\"@type\":\"WebSite\",\"@id\":\"https:\\\/\\\/radstarengineer.com\\\/#website\",\"url\":\"https:\\\/\\\/radstarengineer.com\\\/\",\"name\":\"Radstar Engineer\",\"description\":\"Enginner Services\",\"potentialAction\":[{\"@type\":\"SearchAction\",\"target\":{\"@type\":\"EntryPoint\",\"urlTemplate\":\"https:\\\/\\\/radstarengineer.com\\\/?s={search_term_string}\"},\"query-input\":{\"@type\":\"PropertyValueSpecification\",\"valueRequired\":true,\"valueName\":\"search_term_string\"}}],\"inLanguage\":\"es\"}]}<\/script>\n<!-- \/ Yoast SEO plugin. -->","yoast_head_json":{"title":"Interaction with Systems and contractors - Radstar Engineer","robots":{"index":"index","follow":"follow","max-snippet":"max-snippet:-1","max-image-preview":"max-image-preview:large","max-video-preview":"max-video-preview:-1"},"canonical":"https:\/\/radstarengineer.com\/es_es\/interaction-with-systems-and-contractors\/","og_locale":"es_ES","og_type":"article","og_title":"Interaction with Systems and contractors - Radstar Engineer","og_description":"Interaction with system and contractor Interaction with other systems and contractors The total integration of different systems, prevailing the same philosophy, makes a unique and extraordinary product. Effective communication is vital to the successful completion of any construction project. Good communication involves being able to transmit your message so it is received and understood by [&hellip;]","og_url":"https:\/\/radstarengineer.com\/es_es\/interaction-with-systems-and-contractors\/","og_site_name":"Radstar Engineer","article_modified_time":"2022-03-16T00:23:16+00:00","og_image":[{"url":"https:\/\/radstarengineer.com\/wp-content\/uploads\/2022\/03\/R.png","type":"","width":"","height":""}],"twitter_card":"summary_large_image","twitter_misc":{"Tiempo de lectura":"1 minuto"},"schema":{"@context":"https:\/\/schema.org","@graph":[{"@type":"WebPage","@id":"https:\/\/radstarengineer.com\/interaction-with-systems-and-contractors","url":"https:\/\/radstarengineer.com\/interaction-with-systems-and-contractors","name":"Interaction with Systems and contractors - Radstar Engineer","isPartOf":{"@id":"https:\/\/radstarengineer.com\/#website"},"primaryImageOfPage":{"@id":"https:\/\/radstarengineer.com\/interaction-with-systems-and-contractors#primaryimage"},"image":{"@id":"https:\/\/radstarengineer.com\/interaction-with-systems-and-contractors#primaryimage"},"thumbnailUrl":"https:\/\/radstarengineer.com\/wp-content\/uploads\/2022\/03\/R.png","datePublished":"2022-01-18T17:49:29+00:00","dateModified":"2022-03-16T00:23:16+00:00","breadcrumb":{"@id":"https:\/\/radstarengineer.com\/interaction-with-systems-and-contractors#breadcrumb"},"inLanguage":"es","potentialAction":[{"@type":"ReadAction","target":["https:\/\/radstarengineer.com\/interaction-with-systems-and-contractors"]}]},{"@type":"ImageObject","inLanguage":"es","@id":"https:\/\/radstarengineer.com\/interaction-with-systems-and-contractors#primaryimage","url":"https:\/\/radstarengineer.com\/wp-content\/uploads\/2022\/03\/R.png","contentUrl":"https:\/\/radstarengineer.com\/wp-content\/uploads\/2022\/03\/R.png"},{"@type":"BreadcrumbList","@id":"https:\/\/radstarengineer.com\/interaction-with-systems-and-contractors#breadcrumb","itemListElement":[{"@type":"ListItem","position":1,"name":"Portada","item":"https:\/\/radstarengineer.com\/"},{"@type":"ListItem","position":2,"name":"Interaction with Systems and contractors"}]},{"@type":"WebSite","@id":"https:\/\/radstarengineer.com\/#website","url":"https:\/\/radstarengineer.com\/","name":"Radstar Engineer","description":"Enginner Services","potentialAction":[{"@type":"SearchAction","target":{"@type":"EntryPoint","urlTemplate":"https:\/\/radstarengineer.com\/?s={search_term_string}"},"query-input":{"@type":"PropertyValueSpecification","valueRequired":true,"valueName":"search_term_string"}}],"inLanguage":"es"}]}},"jetpack_sharing_enabled":true,"_links":{"self":[{"href":"https:\/\/radstarengineer.com\/es_es\/wp-json\/wp\/v2\/pages\/423","targetHints":{"allow":["GET"]}}],"collection":[{"href":"https:\/\/radstarengineer.com\/es_es\/wp-json\/wp\/v2\/pages"}],"about":[{"href":"https:\/\/radstarengineer.com\/es_es\/wp-json\/wp\/v2\/types\/page"}],"author":[{"embeddable":true,"href":"https:\/\/radstarengineer.com\/es_es\/wp-json\/wp\/v2\/users\/1"}],"replies":[{"embeddable":true,"href":"https:\/\/radstarengineer.com\/es_es\/wp-json\/wp\/v2\/comments?post=423"}],"version-history":[{"count":32,"href":"https:\/\/radstarengineer.com\/es_es\/wp-json\/wp\/v2\/pages\/423\/revisions"}],"predecessor-version":[{"id":1947,"href":"https:\/\/radstarengineer.com\/es_es\/wp-json\/wp\/v2\/pages\/423\/revisions\/1947"}],"wp:attachment":[{"href":"https:\/\/radstarengineer.com\/es_es\/wp-json\/wp\/v2\/media?parent=423"}],"curies":[{"name":"wp","href":"https:\/\/api.w.org\/{rel}","templated":true}]}}