{"id":421,"date":"2022-01-18T17:49:29","date_gmt":"2022-01-18T17:49:29","guid":{"rendered":"https:\/\/radstarengineer.com\/?page_id=421"},"modified":"2022-03-11T00:21:18","modified_gmt":"2022-03-11T00:21:18","slug":"supervision-of-electrical-installation","status":"publish","type":"page","link":"https:\/\/radstarengineer.com\/es_es\/supervision-of-electrical-installation","title":{"rendered":"Supervisi\u00f3n de Instalaciones El\u00e9ctricas"},"content":{"rendered":"<div data-elementor-type=\"wp-page\" data-elementor-id=\"421\" class=\"elementor elementor-421\" data-elementor-settings=\"{&quot;ha_cmc_init_switcher&quot;:&quot;no&quot;}\">\n\t\t\t\t\t\t<section class=\"elementor-section elementor-top-section elementor-element elementor-element-5f24f613 elementor-section-content-bottom elementor-section-boxed elementor-section-height-default elementor-section-height-default\" data-id=\"5f24f613\" data-element_type=\"section\" data-e-type=\"section\" data-settings=\"{&quot;background_background&quot;:&quot;classic&quot;,&quot;_ha_eqh_enable&quot;:false}\">\n\t\t\t\t\t\t\t<div class=\"elementor-background-overlay\"><\/div>\n\t\t\t\t\t\t\t<div class=\"elementor-container elementor-column-gap-no\">\n\t\t\t\t\t<div class=\"elementor-column elementor-col-100 elementor-top-column elementor-element elementor-element-4707dbcb\" data-id=\"4707dbcb\" data-element_type=\"column\" data-e-type=\"column\">\n\t\t\t<div class=\"elementor-widget-wrap elementor-element-populated\">\n\t\t\t\t\t\t<div class=\"elementor-element elementor-element-7fca3089 elementor-widget elementor-widget-heading\" data-id=\"7fca3089\" data-element_type=\"widget\" data-e-type=\"widget\" data-widget_type=\"heading.default\">\n\t\t\t\t<div class=\"elementor-widget-container\">\n\t\t\t\t\t<h2 class=\"elementor-heading-title elementor-size-default\">Supervisi\u00f3n de Instalaciones El\u00e9ctricas <\/h2>\t\t\t\t<\/div>\n\t\t\t\t<\/div>\n\t\t\t\t\t<\/div>\n\t\t<\/div>\n\t\t\t\t\t<\/div>\n\t\t<\/section>\n\t\t\t\t<section class=\"elementor-section elementor-top-section elementor-element elementor-element-1a5c769 elementor-section-full_width elementor-section-height-default elementor-section-height-default\" data-id=\"1a5c769\" data-element_type=\"section\" data-e-type=\"section\" data-settings=\"{&quot;_ha_eqh_enable&quot;:false}\">\n\t\t\t\t\t\t<div class=\"elementor-container elementor-column-gap-default\">\n\t\t\t\t\t<div class=\"elementor-column elementor-col-100 elementor-top-column elementor-element elementor-element-6043a57\" data-id=\"6043a57\" data-element_type=\"column\" data-e-type=\"column\">\n\t\t\t<div class=\"elementor-widget-wrap\">\n\t\t\t\t\t\t\t<\/div>\n\t\t<\/div>\n\t\t\t\t\t<\/div>\n\t\t<\/section>\n\t\t\t\t<section class=\"elementor-section elementor-top-section elementor-element elementor-element-f717df4 elementor-section-boxed elementor-section-height-default elementor-section-height-default\" data-id=\"f717df4\" data-element_type=\"section\" data-e-type=\"section\" data-settings=\"{&quot;_ha_eqh_enable&quot;:false}\">\n\t\t\t\t\t\t<div class=\"elementor-container elementor-column-gap-default\">\n\t\t\t\t\t<div class=\"elementor-column elementor-col-100 elementor-top-column elementor-element elementor-element-8097285\" data-id=\"8097285\" data-element_type=\"column\" data-e-type=\"column\">\n\t\t\t<div class=\"elementor-widget-wrap\">\n\t\t\t\t\t\t\t<\/div>\n\t\t<\/div>\n\t\t\t\t\t<\/div>\n\t\t<\/section>\n\t\t\t\t<section class=\"elementor-section elementor-top-section elementor-element elementor-element-3150a801 elementor-section-boxed elementor-section-height-default elementor-section-height-default\" data-id=\"3150a801\" data-element_type=\"section\" data-e-type=\"section\" data-settings=\"{&quot;_ha_eqh_enable&quot;:false}\">\n\t\t\t\t\t\t<div class=\"elementor-container elementor-column-gap-default\">\n\t\t\t\t\t<div class=\"elementor-column elementor-col-50 elementor-top-column elementor-element elementor-element-1ac7e55\" data-id=\"1ac7e55\" data-element_type=\"column\" data-e-type=\"column\">\n\t\t\t<div class=\"elementor-widget-wrap elementor-element-populated\">\n\t\t\t\t\t\t<div class=\"elementor-element elementor-element-40a951ea elementor-widget elementor-widget-image\" data-id=\"40a951ea\" data-element_type=\"widget\" data-e-type=\"widget\" data-widget_type=\"image.default\">\n\t\t\t\t<div class=\"elementor-widget-container\">\n\t\t\t\t\t\t\t\t\t\t\t\t\t\t\t<img fetchpriority=\"high\" decoding=\"async\" width=\"292\" height=\"172\" src=\"https:\/\/i0.wp.com\/radstarengineer.com\/wp-content\/uploads\/2022\/03\/instalaciones-electri-e1646790945869.jpg?fit=292%2C172&amp;ssl=1\" class=\"attachment-2048x2048 size-2048x2048 wp-image-1723\" alt=\"\" \/>\t\t\t\t\t\t\t\t\t\t\t\t\t\t\t<\/div>\n\t\t\t\t<\/div>\n\t\t\t\t<div class=\"elementor-element elementor-element-4760e42 elementor-widget elementor-widget-image\" data-id=\"4760e42\" data-element_type=\"widget\" data-e-type=\"widget\" data-widget_type=\"image.default\">\n\t\t\t\t<div class=\"elementor-widget-container\">\n\t\t\t\t\t\t\t\t\t\t\t\t\t\t\t<img decoding=\"async\" width=\"271\" height=\"186\" src=\"https:\/\/i0.wp.com\/radstarengineer.com\/wp-content\/uploads\/2022\/03\/electricidad.jpg?fit=271%2C186&amp;ssl=1\" class=\"attachment-2048x2048 size-2048x2048 wp-image-1724\" alt=\"\" \/>\t\t\t\t\t\t\t\t\t\t\t\t\t\t\t<\/div>\n\t\t\t\t<\/div>\n\t\t\t\t\t<\/div>\n\t\t<\/div>\n\t\t\t\t<div class=\"elementor-column elementor-col-50 elementor-top-column elementor-element elementor-element-50a693b\" data-id=\"50a693b\" data-element_type=\"column\" data-e-type=\"column\">\n\t\t\t<div class=\"elementor-widget-wrap elementor-element-populated\">\n\t\t\t\t\t\t<div class=\"elementor-element elementor-element-45cea57f elementor-widget elementor-widget-heading\" data-id=\"45cea57f\" data-element_type=\"widget\" data-e-type=\"widget\" data-widget_type=\"heading.default\">\n\t\t\t\t<div class=\"elementor-widget-container\">\n\t\t\t\t\t<h2 class=\"elementor-heading-title elementor-size-default\">Supervisi\u00f3n de instalaciones el\u00e9ctricas<\/h2>\t\t\t\t<\/div>\n\t\t\t\t<\/div>\n\t\t\t\t<div class=\"elementor-element elementor-element-3e4b9ffe elementor-widget elementor-widget-text-editor\" data-id=\"3e4b9ffe\" data-element_type=\"widget\" data-e-type=\"widget\" data-widget_type=\"text-editor.default\">\n\t\t\t\t<div class=\"elementor-widget-container\">\n\t\t\t\t\t\t\t\t\t<p>Un supervisor es una persona que supervisa el trabajo de los electricistas marinos. Es su responsabilidad garantizar que los proyectos el\u00e9ctricos se lleven a cabo de la manera m\u00e1s eficiente y segura posible.<\/p><p>Es responsable de la planificaci\u00f3n y programaci\u00f3n de proyectos, incluida la estimaci\u00f3n del tiempo y los materiales necesarios para completarlos. Como m\u00ednimo, debe tener un certificado de Electricidad Marina Avanzada vigente emitido por ABYC.<\/p><p>En nuestra experiencia, es mejor tener una persona responsable del trabajo, que brinde orientaci\u00f3n y seguimiento estricto del proyecto.<\/p>\t\t\t\t\t\t\t\t<\/div>\n\t\t\t\t<\/div>\n\t\t\t\t\t<\/div>\n\t\t<\/div>\n\t\t\t\t\t<\/div>\n\t\t<\/section>\n\t\t\t\t<\/div>","protected":false},"excerpt":{"rendered":"<p>Supervision of Electrical Installation Supervision of electrical installation. A supervisor is a person who oversees the work of marine electricians. It&#8217;s their responsibility to ensure that electrical projects are carried out as efficiently and safely as possible. He is responsible for planning and scheduling projects, including estimating the time and materials needed to complete them. [&hellip;]<\/p>\n","protected":false},"author":1,"featured_media":0,"parent":0,"menu_order":0,"comment_status":"closed","ping_status":"closed","template":"","meta":{"site-sidebar-layout":"no-sidebar","site-content-layout":"page-builder","ast-site-content-layout":"default","site-content-style":"default","site-sidebar-style":"default","ast-global-header-display":"","ast-banner-title-visibility":"","ast-main-header-display":"","ast-hfb-above-header-display":"","ast-hfb-below-header-display":"","ast-hfb-mobile-header-display":"","site-post-title":"disabled","ast-breadcrumbs-content":"","ast-featured-img":"disabled","footer-sml-layout":"","ast-disable-related-posts":"","theme-transparent-header-meta":"","adv-header-id-meta":"","stick-header-meta":"","header-above-stick-meta":"","header-main-stick-meta":"","header-below-stick-meta":"","astra-migrate-meta-layouts":"default","ast-page-background-enabled":"default","ast-page-background-meta":{"desktop":{"background-color":"var(--ast-global-color-4)","background-image":"","background-repeat":"repeat","background-position":"center center","background-size":"auto","background-attachment":"scroll","background-type":"","background-media":"","overlay-type":"","overlay-color":"","overlay-opacity":"","overlay-gradient":""},"tablet":{"background-color":"","background-image":"","background-repeat":"repeat","background-position":"center center","background-size":"auto","background-attachment":"scroll","background-type":"","background-media":"","overlay-type":"","overlay-color":"","overlay-opacity":"","overlay-gradient":""},"mobile":{"background-color":"","background-image":"","background-repeat":"repeat","background-position":"center center","background-size":"auto","background-attachment":"scroll","background-type":"","background-media":"","overlay-type":"","overlay-color":"","overlay-opacity":"","overlay-gradient":""}},"ast-content-background-meta":{"desktop":{"background-color":"var(--ast-global-color-5)","background-image":"","background-repeat":"repeat","background-position":"center center","background-size":"auto","background-attachment":"scroll","background-type":"","background-media":"","overlay-type":"","overlay-color":"","overlay-opacity":"","overlay-gradient":""},"tablet":{"background-color":"var(--ast-global-color-5)","background-image":"","background-repeat":"repeat","background-position":"center center","background-size":"auto","background-attachment":"scroll","background-type":"","background-media":"","overlay-type":"","overlay-color":"","overlay-opacity":"","overlay-gradient":""},"mobile":{"background-color":"var(--ast-global-color-5)","background-image":"","background-repeat":"repeat","background-position":"center center","background-size":"auto","background-attachment":"scroll","background-type":"","background-media":"","overlay-type":"","overlay-color":"","overlay-opacity":"","overlay-gradient":""}},"footnotes":""},"class_list":["post-421","page","type-page","status-publish","hentry"],"yoast_head":"<!-- This site is optimized with the Yoast SEO plugin v27.3 - https:\/\/yoast.com\/product\/yoast-seo-wordpress\/ -->\n<title>Supervision of Electrical Installation - Radstar Engineer<\/title>\n<meta name=\"robots\" content=\"index, follow, max-snippet:-1, max-image-preview:large, max-video-preview:-1\" \/>\n<link rel=\"canonical\" href=\"https:\/\/radstarengineer.com\/es_es\/supervision-of-electrical-installation\/\" \/>\n<meta property=\"og:locale\" content=\"es_ES\" \/>\n<meta property=\"og:type\" content=\"article\" \/>\n<meta property=\"og:title\" content=\"Supervision of Electrical Installation - Radstar Engineer\" \/>\n<meta property=\"og:description\" content=\"Supervision of Electrical Installation Supervision of electrical installation. A supervisor is a person who oversees the work of marine electricians. It&#8217;s their responsibility to ensure that electrical projects are carried out as efficiently and safely as possible. He is responsible for planning and scheduling projects, including estimating the time and materials needed to complete them. [&hellip;]\" \/>\n<meta property=\"og:url\" content=\"https:\/\/radstarengineer.com\/es_es\/supervision-of-electrical-installation\/\" \/>\n<meta property=\"og:site_name\" content=\"Radstar Engineer\" \/>\n<meta property=\"article:modified_time\" content=\"2022-03-11T00:21:18+00:00\" \/>\n<meta property=\"og:image\" content=\"https:\/\/radstarengineer.com\/wp-content\/uploads\/2022\/03\/instalaciones-electri-e1646790945869.jpg\" \/>\n<meta name=\"twitter:card\" content=\"summary_large_image\" \/>\n<meta name=\"twitter:label1\" content=\"Tiempo de lectura\" \/>\n\t<meta name=\"twitter:data1\" content=\"1 minuto\" \/>\n<script type=\"application\/ld+json\" class=\"yoast-schema-graph\">{\"@context\":\"https:\\\/\\\/schema.org\",\"@graph\":[{\"@type\":\"WebPage\",\"@id\":\"https:\\\/\\\/radstarengineer.com\\\/supervision-of-electrical-installation\",\"url\":\"https:\\\/\\\/radstarengineer.com\\\/supervision-of-electrical-installation\",\"name\":\"Supervision of Electrical Installation - Radstar Engineer\",\"isPartOf\":{\"@id\":\"https:\\\/\\\/radstarengineer.com\\\/#website\"},\"primaryImageOfPage\":{\"@id\":\"https:\\\/\\\/radstarengineer.com\\\/supervision-of-electrical-installation#primaryimage\"},\"image\":{\"@id\":\"https:\\\/\\\/radstarengineer.com\\\/supervision-of-electrical-installation#primaryimage\"},\"thumbnailUrl\":\"https:\\\/\\\/radstarengineer.com\\\/wp-content\\\/uploads\\\/2022\\\/03\\\/instalaciones-electri-e1646790945869.jpg\",\"datePublished\":\"2022-01-18T17:49:29+00:00\",\"dateModified\":\"2022-03-11T00:21:18+00:00\",\"breadcrumb\":{\"@id\":\"https:\\\/\\\/radstarengineer.com\\\/supervision-of-electrical-installation#breadcrumb\"},\"inLanguage\":\"es\",\"potentialAction\":[{\"@type\":\"ReadAction\",\"target\":[\"https:\\\/\\\/radstarengineer.com\\\/supervision-of-electrical-installation\"]}]},{\"@type\":\"ImageObject\",\"inLanguage\":\"es\",\"@id\":\"https:\\\/\\\/radstarengineer.com\\\/supervision-of-electrical-installation#primaryimage\",\"url\":\"https:\\\/\\\/radstarengineer.com\\\/wp-content\\\/uploads\\\/2022\\\/03\\\/instalaciones-electri-e1646790945869.jpg\",\"contentUrl\":\"https:\\\/\\\/radstarengineer.com\\\/wp-content\\\/uploads\\\/2022\\\/03\\\/instalaciones-electri-e1646790945869.jpg\"},{\"@type\":\"BreadcrumbList\",\"@id\":\"https:\\\/\\\/radstarengineer.com\\\/supervision-of-electrical-installation#breadcrumb\",\"itemListElement\":[{\"@type\":\"ListItem\",\"position\":1,\"name\":\"Portada\",\"item\":\"https:\\\/\\\/radstarengineer.com\\\/\"},{\"@type\":\"ListItem\",\"position\":2,\"name\":\"Supervision of Electrical Installation\"}]},{\"@type\":\"WebSite\",\"@id\":\"https:\\\/\\\/radstarengineer.com\\\/#website\",\"url\":\"https:\\\/\\\/radstarengineer.com\\\/\",\"name\":\"Radstar Engineer\",\"description\":\"Enginner Services\",\"potentialAction\":[{\"@type\":\"SearchAction\",\"target\":{\"@type\":\"EntryPoint\",\"urlTemplate\":\"https:\\\/\\\/radstarengineer.com\\\/?s={search_term_string}\"},\"query-input\":{\"@type\":\"PropertyValueSpecification\",\"valueRequired\":true,\"valueName\":\"search_term_string\"}}],\"inLanguage\":\"es\"}]}<\/script>\n<!-- \/ Yoast SEO plugin. -->","yoast_head_json":{"title":"Supervision of Electrical Installation - Radstar Engineer","robots":{"index":"index","follow":"follow","max-snippet":"max-snippet:-1","max-image-preview":"max-image-preview:large","max-video-preview":"max-video-preview:-1"},"canonical":"https:\/\/radstarengineer.com\/es_es\/supervision-of-electrical-installation\/","og_locale":"es_ES","og_type":"article","og_title":"Supervision of Electrical Installation - Radstar Engineer","og_description":"Supervision of Electrical Installation Supervision of electrical installation. A supervisor is a person who oversees the work of marine electricians. It&#8217;s their responsibility to ensure that electrical projects are carried out as efficiently and safely as possible. He is responsible for planning and scheduling projects, including estimating the time and materials needed to complete them. [&hellip;]","og_url":"https:\/\/radstarengineer.com\/es_es\/supervision-of-electrical-installation\/","og_site_name":"Radstar Engineer","article_modified_time":"2022-03-11T00:21:18+00:00","og_image":[{"url":"https:\/\/radstarengineer.com\/wp-content\/uploads\/2022\/03\/instalaciones-electri-e1646790945869.jpg","type":"","width":"","height":""}],"twitter_card":"summary_large_image","twitter_misc":{"Tiempo de lectura":"1 minuto"},"schema":{"@context":"https:\/\/schema.org","@graph":[{"@type":"WebPage","@id":"https:\/\/radstarengineer.com\/supervision-of-electrical-installation","url":"https:\/\/radstarengineer.com\/supervision-of-electrical-installation","name":"Supervision of Electrical Installation - Radstar Engineer","isPartOf":{"@id":"https:\/\/radstarengineer.com\/#website"},"primaryImageOfPage":{"@id":"https:\/\/radstarengineer.com\/supervision-of-electrical-installation#primaryimage"},"image":{"@id":"https:\/\/radstarengineer.com\/supervision-of-electrical-installation#primaryimage"},"thumbnailUrl":"https:\/\/radstarengineer.com\/wp-content\/uploads\/2022\/03\/instalaciones-electri-e1646790945869.jpg","datePublished":"2022-01-18T17:49:29+00:00","dateModified":"2022-03-11T00:21:18+00:00","breadcrumb":{"@id":"https:\/\/radstarengineer.com\/supervision-of-electrical-installation#breadcrumb"},"inLanguage":"es","potentialAction":[{"@type":"ReadAction","target":["https:\/\/radstarengineer.com\/supervision-of-electrical-installation"]}]},{"@type":"ImageObject","inLanguage":"es","@id":"https:\/\/radstarengineer.com\/supervision-of-electrical-installation#primaryimage","url":"https:\/\/radstarengineer.com\/wp-content\/uploads\/2022\/03\/instalaciones-electri-e1646790945869.jpg","contentUrl":"https:\/\/radstarengineer.com\/wp-content\/uploads\/2022\/03\/instalaciones-electri-e1646790945869.jpg"},{"@type":"BreadcrumbList","@id":"https:\/\/radstarengineer.com\/supervision-of-electrical-installation#breadcrumb","itemListElement":[{"@type":"ListItem","position":1,"name":"Portada","item":"https:\/\/radstarengineer.com\/"},{"@type":"ListItem","position":2,"name":"Supervision of Electrical Installation"}]},{"@type":"WebSite","@id":"https:\/\/radstarengineer.com\/#website","url":"https:\/\/radstarengineer.com\/","name":"Radstar Engineer","description":"Enginner Services","potentialAction":[{"@type":"SearchAction","target":{"@type":"EntryPoint","urlTemplate":"https:\/\/radstarengineer.com\/?s={search_term_string}"},"query-input":{"@type":"PropertyValueSpecification","valueRequired":true,"valueName":"search_term_string"}}],"inLanguage":"es"}]}},"jetpack_sharing_enabled":true,"_links":{"self":[{"href":"https:\/\/radstarengineer.com\/es_es\/wp-json\/wp\/v2\/pages\/421","targetHints":{"allow":["GET"]}}],"collection":[{"href":"https:\/\/radstarengineer.com\/es_es\/wp-json\/wp\/v2\/pages"}],"about":[{"href":"https:\/\/radstarengineer.com\/es_es\/wp-json\/wp\/v2\/types\/page"}],"author":[{"embeddable":true,"href":"https:\/\/radstarengineer.com\/es_es\/wp-json\/wp\/v2\/users\/1"}],"replies":[{"embeddable":true,"href":"https:\/\/radstarengineer.com\/es_es\/wp-json\/wp\/v2\/comments?post=421"}],"version-history":[{"count":28,"href":"https:\/\/radstarengineer.com\/es_es\/wp-json\/wp\/v2\/pages\/421\/revisions"}],"predecessor-version":[{"id":1774,"href":"https:\/\/radstarengineer.com\/es_es\/wp-json\/wp\/v2\/pages\/421\/revisions\/1774"}],"wp:attachment":[{"href":"https:\/\/radstarengineer.com\/es_es\/wp-json\/wp\/v2\/media?parent=421"}],"curies":[{"name":"wp","href":"https:\/\/api.w.org\/{rel}","templated":true}]}}