{"id":22,"date":"2022-01-18T00:52:34","date_gmt":"2022-01-18T00:52:34","guid":{"rendered":"https:\/\/radstarengineer.com\/?page_id=22"},"modified":"2022-03-16T16:08:16","modified_gmt":"2022-03-16T16:08:16","slug":"solar-thermal-design","status":"publish","type":"page","link":"https:\/\/radstarengineer.com\/es_es\/solar-thermal-design","title":{"rendered":"Dise\u00f1o Solar T\u00e9rmico"},"content":{"rendered":"<div data-elementor-type=\"wp-page\" data-elementor-id=\"22\" class=\"elementor elementor-22\" data-elementor-settings=\"{&quot;ha_cmc_init_switcher&quot;:&quot;no&quot;}\">\n\t\t\t\t\t\t<section class=\"elementor-section elementor-top-section elementor-element elementor-element-e34ae12 elementor-section-content-bottom elementor-section-boxed elementor-section-height-default elementor-section-height-default\" data-id=\"e34ae12\" data-element_type=\"section\" data-e-type=\"section\" data-settings=\"{&quot;background_background&quot;:&quot;classic&quot;,&quot;_ha_eqh_enable&quot;:false}\">\n\t\t\t\t\t\t\t<div class=\"elementor-background-overlay\"><\/div>\n\t\t\t\t\t\t\t<div class=\"elementor-container elementor-column-gap-no\">\n\t\t\t\t\t<div class=\"elementor-column elementor-col-100 elementor-top-column elementor-element elementor-element-917012e\" data-id=\"917012e\" data-element_type=\"column\" data-e-type=\"column\">\n\t\t\t<div class=\"elementor-widget-wrap elementor-element-populated\">\n\t\t\t\t\t\t<div class=\"elementor-element elementor-element-c0b4596 elementor-widget elementor-widget-heading\" data-id=\"c0b4596\" data-element_type=\"widget\" data-e-type=\"widget\" data-widget_type=\"heading.default\">\n\t\t\t\t<div class=\"elementor-widget-container\">\n\t\t\t\t\t<h2 class=\"elementor-heading-title elementor-size-default\">Dise\u00f1o Solar T\u00e9rmico<\/h2>\t\t\t\t<\/div>\n\t\t\t\t<\/div>\n\t\t\t\t\t<\/div>\n\t\t<\/div>\n\t\t\t\t\t<\/div>\n\t\t<\/section>\n\t\t\t\t<section class=\"elementor-section elementor-top-section elementor-element elementor-element-5eebe49 elementor-section-boxed elementor-section-height-default elementor-section-height-default\" data-id=\"5eebe49\" data-element_type=\"section\" data-e-type=\"section\" data-settings=\"{&quot;_ha_eqh_enable&quot;:false}\">\n\t\t\t\t\t\t<div class=\"elementor-container elementor-column-gap-default\">\n\t\t\t\t\t<div class=\"elementor-column elementor-col-100 elementor-top-column elementor-element elementor-element-108362d\" data-id=\"108362d\" data-element_type=\"column\" data-e-type=\"column\">\n\t\t\t<div class=\"elementor-widget-wrap elementor-element-populated\">\n\t\t\t\t\t\t<div class=\"elementor-element elementor-element-36e3d0f elementor-widget elementor-widget-spacer\" data-id=\"36e3d0f\" data-element_type=\"widget\" data-e-type=\"widget\" data-widget_type=\"spacer.default\">\n\t\t\t\t<div class=\"elementor-widget-container\">\n\t\t\t\t\t\t\t<div class=\"elementor-spacer\">\n\t\t\t<div class=\"elementor-spacer-inner\"><\/div>\n\t\t<\/div>\n\t\t\t\t\t\t<\/div>\n\t\t\t\t<\/div>\n\t\t\t\t\t<\/div>\n\t\t<\/div>\n\t\t\t\t\t<\/div>\n\t\t<\/section>\n\t\t\t\t<section class=\"elementor-section elementor-top-section elementor-element elementor-element-9150f1c elementor-section-boxed elementor-section-height-default elementor-section-height-default\" data-id=\"9150f1c\" data-element_type=\"section\" data-e-type=\"section\" data-settings=\"{&quot;_ha_eqh_enable&quot;:false}\">\n\t\t\t\t\t\t<div class=\"elementor-container elementor-column-gap-default\">\n\t\t\t\t\t<div class=\"elementor-column elementor-col-50 elementor-top-column elementor-element elementor-element-b7eb03b\" data-id=\"b7eb03b\" data-element_type=\"column\" data-e-type=\"column\">\n\t\t\t<div class=\"elementor-widget-wrap elementor-element-populated\">\n\t\t\t\t\t\t<div class=\"elementor-element elementor-element-f8f6219 elementor-widget elementor-widget-image\" data-id=\"f8f6219\" data-element_type=\"widget\" data-e-type=\"widget\" data-widget_type=\"image.default\">\n\t\t\t\t<div class=\"elementor-widget-container\">\n\t\t\t\t\t\t\t\t\t\t\t\t\t\t\t<img fetchpriority=\"high\" decoding=\"async\" width=\"2560\" height=\"1920\" src=\"https:\/\/i0.wp.com\/radstarengineer.com\/wp-content\/uploads\/2022\/02\/Esclat-Marina-1-scaled.jpg?fit=2560%2C1920&amp;ssl=1\" class=\"attachment-full size-full wp-image-1657\" alt=\"\" srcset=\"https:\/\/i0.wp.com\/radstarengineer.com\/wp-content\/uploads\/2022\/02\/Esclat-Marina-1-scaled.jpg?w=2560&amp;ssl=1 2560w, https:\/\/i0.wp.com\/radstarengineer.com\/wp-content\/uploads\/2022\/02\/Esclat-Marina-1-scaled.jpg?resize=300%2C225&amp;ssl=1 300w, https:\/\/i0.wp.com\/radstarengineer.com\/wp-content\/uploads\/2022\/02\/Esclat-Marina-1-scaled.jpg?resize=1024%2C768&amp;ssl=1 1024w, https:\/\/i0.wp.com\/radstarengineer.com\/wp-content\/uploads\/2022\/02\/Esclat-Marina-1-scaled.jpg?resize=768%2C576&amp;ssl=1 768w, https:\/\/i0.wp.com\/radstarengineer.com\/wp-content\/uploads\/2022\/02\/Esclat-Marina-1-scaled.jpg?resize=1536%2C1152&amp;ssl=1 1536w, https:\/\/i0.wp.com\/radstarengineer.com\/wp-content\/uploads\/2022\/02\/Esclat-Marina-1-scaled.jpg?resize=2048%2C1536&amp;ssl=1 2048w, https:\/\/i0.wp.com\/radstarengineer.com\/wp-content\/uploads\/2022\/02\/Esclat-Marina-1-scaled.jpg?w=2400&amp;ssl=1 2400w\" sizes=\"(max-width: 1200px) 100vw, 1200px\" \/>\t\t\t\t\t\t\t\t\t\t\t\t\t\t\t<\/div>\n\t\t\t\t<\/div>\n\t\t\t\t\t<\/div>\n\t\t<\/div>\n\t\t\t\t<div class=\"elementor-column elementor-col-50 elementor-top-column elementor-element elementor-element-b434e9d\" data-id=\"b434e9d\" data-element_type=\"column\" data-e-type=\"column\">\n\t\t\t<div class=\"elementor-widget-wrap elementor-element-populated\">\n\t\t\t\t\t\t<div class=\"elementor-element elementor-element-8a54345 elementor-widget elementor-widget-heading\" data-id=\"8a54345\" data-element_type=\"widget\" data-e-type=\"widget\" data-widget_type=\"heading.default\">\n\t\t\t\t<div class=\"elementor-widget-container\">\n\t\t\t\t\t<h2 class=\"elementor-heading-title elementor-size-default\">Dise\u00f1o Solar T\u00e9rmico<\/h2>\t\t\t\t<\/div>\n\t\t\t\t<\/div>\n\t\t\t\t<div class=\"elementor-element elementor-element-51dca2d elementor-widget elementor-widget-text-editor\" data-id=\"51dca2d\" data-element_type=\"widget\" data-e-type=\"widget\" data-widget_type=\"text-editor.default\">\n\t\t\t\t<div class=\"elementor-widget-container\">\n\t\t\t\t\t\t\t\t\t<p>Las instalaciones solares t\u00e9rmicas aprovechan la energ\u00eda solar para generar calor que permite su aprovechamiento en la generaci\u00f3n de agua caliente sanitaria o sistemas de calefacci\u00f3n. Las instalaciones en algunas \u00e1reas son m\u00e1s rentables que en otras. La recopilaci\u00f3n de datos de latitud, disponibilidad de espacio e integraci\u00f3n en el dise\u00f1o arquitect\u00f3nico es de suma importancia.<br \/>Los SPA, hoteles, hospitales, piscinas p\u00fablicas y residenciales necesitan agua caliente para su uso diario.\u00a0<\/p><p><span style=\"font-style: inherit; font-weight: inherit; color: var( --e-global-color-text );\">Adem\u00e1s, en \u00e9pocas de fr\u00edo, esta agua caliente se puede utilizar para calentar diferentes zonas del interior de la instalaci\u00f3n. El costo de la electricidad y el gas natural est\u00e1n aumentando, el calentamiento global es un proceso c\u00edclico, pero estamos contribuyendo a su aceleraci\u00f3n. Normalmente, las instalaciones solares t\u00e9rmicas duran hasta 30 a\u00f1os.\u00a0\u00a0<\/span><span style=\"font-style: inherit; font-weight: inherit; color: var( --e-global-color-text );\">El punto Break-even es entre 6-9 a\u00f1os. Entonces, \u00bfpor qu\u00e9 no?<\/span><\/p><p><span style=\"font-style: inherit; font-weight: inherit; color: var( --e-global-color-text );\">Dise\u00f1o y supervisi\u00f3n en cualquier tipo de instalaci\u00f3n. Las instalaciones realizadas son un reflejo de nuestro trabajo.\u00a0<\/span><\/p>\t\t\t\t\t\t\t\t<\/div>\n\t\t\t\t<\/div>\n\t\t\t\t\t<\/div>\n\t\t<\/div>\n\t\t\t\t\t<\/div>\n\t\t<\/section>\n\t\t\t\t<section class=\"elementor-section elementor-top-section elementor-element elementor-element-02c23e1 elementor-section-boxed elementor-section-height-default elementor-section-height-default\" data-id=\"02c23e1\" data-element_type=\"section\" data-e-type=\"section\" data-settings=\"{&quot;_ha_eqh_enable&quot;:false}\">\n\t\t\t\t\t\t<div class=\"elementor-container elementor-column-gap-default\">\n\t\t\t\t\t<div class=\"elementor-column elementor-col-100 elementor-top-column elementor-element elementor-element-7caae47\" data-id=\"7caae47\" data-element_type=\"column\" data-e-type=\"column\">\n\t\t\t<div class=\"elementor-widget-wrap elementor-element-populated\">\n\t\t\t\t\t\t<div class=\"elementor-element elementor-element-4db5546 elementor-widget elementor-widget-spacer\" data-id=\"4db5546\" data-element_type=\"widget\" data-e-type=\"widget\" data-widget_type=\"spacer.default\">\n\t\t\t\t<div class=\"elementor-widget-container\">\n\t\t\t\t\t\t\t<div class=\"elementor-spacer\">\n\t\t\t<div class=\"elementor-spacer-inner\"><\/div>\n\t\t<\/div>\n\t\t\t\t\t\t<\/div>\n\t\t\t\t<\/div>\n\t\t\t\t\t<\/div>\n\t\t<\/div>\n\t\t\t\t\t<\/div>\n\t\t<\/section>\n\t\t\t\t<section class=\"elementor-section elementor-top-section elementor-element elementor-element-2177a6f elementor-section-content-bottom elementor-section-boxed elementor-section-height-default elementor-section-height-default\" data-id=\"2177a6f\" data-element_type=\"section\" data-e-type=\"section\" data-settings=\"{&quot;background_background&quot;:&quot;classic&quot;,&quot;_ha_eqh_enable&quot;:false}\">\n\t\t\t\t\t\t\t<div class=\"elementor-background-overlay\"><\/div>\n\t\t\t\t\t\t\t<div class=\"elementor-container elementor-column-gap-no\">\n\t\t\t\t\t<div class=\"elementor-column elementor-col-100 elementor-top-column elementor-element elementor-element-0ca12b8\" data-id=\"0ca12b8\" data-element_type=\"column\" data-e-type=\"column\">\n\t\t\t<div class=\"elementor-widget-wrap elementor-element-populated\">\n\t\t\t\t\t\t<div class=\"elementor-element elementor-element-503a78f elementor-widget elementor-widget-heading\" data-id=\"503a78f\" data-element_type=\"widget\" data-e-type=\"widget\" data-widget_type=\"heading.default\">\n\t\t\t\t<div class=\"elementor-widget-container\">\n\t\t\t\t\t<h2 class=\"elementor-heading-title elementor-size-default\">Necesitas saber m\u00e1s?\n<\/h2>\t\t\t\t<\/div>\n\t\t\t\t<\/div>\n\t\t\t\t<div class=\"elementor-element elementor-element-0fe2cea elementor-widget elementor-widget-text-editor\" data-id=\"0fe2cea\" data-element_type=\"widget\" data-e-type=\"widget\" data-widget_type=\"text-editor.default\">\n\t\t\t\t<div class=\"elementor-widget-container\">\n\t\t\t\t\t\t\t\t\t<p>Siempre estamos disponibles para responder a sus preguntas.<\/p>\t\t\t\t\t\t\t\t<\/div>\n\t\t\t\t<\/div>\n\t\t\t\t\t<\/div>\n\t\t<\/div>\n\t\t\t\t\t<\/div>\n\t\t<\/section>\n\t\t\t\t<\/div>","protected":false},"excerpt":{"rendered":"<p>Solar Thermal Design Solar Thermal Design Solar thermal installations take advantage of solar energy to generate heat that allows its use in the generation of domestic hot water or heating systems. Installations in some areas are more cost-benefit effective than others. Gathering data of latitude, space availability, and integration in architectural design are of paramount [&hellip;]<\/p>\n","protected":false},"author":1,"featured_media":0,"parent":0,"menu_order":0,"comment_status":"closed","ping_status":"closed","template":"","meta":{"site-sidebar-layout":"no-sidebar","site-content-layout":"page-builder","ast-site-content-layout":"default","site-content-style":"default","site-sidebar-style":"default","ast-global-header-display":"","ast-banner-title-visibility":"","ast-main-header-display":"","ast-hfb-above-header-display":"","ast-hfb-below-header-display":"","ast-hfb-mobile-header-display":"","site-post-title":"disabled","ast-breadcrumbs-content":"","ast-featured-img":"disabled","footer-sml-layout":"","ast-disable-related-posts":"","theme-transparent-header-meta":"","adv-header-id-meta":"","stick-header-meta":"","header-above-stick-meta":"","header-main-stick-meta":"","header-below-stick-meta":"","astra-migrate-meta-layouts":"default","ast-page-background-enabled":"default","ast-page-background-meta":{"desktop":{"background-color":"var(--ast-global-color-4)","background-image":"","background-repeat":"repeat","background-position":"center center","background-size":"auto","background-attachment":"scroll","background-type":"","background-media":"","overlay-type":"","overlay-color":"","overlay-opacity":"","overlay-gradient":""},"tablet":{"background-color":"","background-image":"","background-repeat":"repeat","background-position":"center center","background-size":"auto","background-attachment":"scroll","background-type":"","background-media":"","overlay-type":"","overlay-color":"","overlay-opacity":"","overlay-gradient":""},"mobile":{"background-color":"","background-image":"","background-repeat":"repeat","background-position":"center center","background-size":"auto","background-attachment":"scroll","background-type":"","background-media":"","overlay-type":"","overlay-color":"","overlay-opacity":"","overlay-gradient":""}},"ast-content-background-meta":{"desktop":{"background-color":"var(--ast-global-color-5)","background-image":"","background-repeat":"repeat","background-position":"center center","background-size":"auto","background-attachment":"scroll","background-type":"","background-media":"","overlay-type":"","overlay-color":"","overlay-opacity":"","overlay-gradient":""},"tablet":{"background-color":"var(--ast-global-color-5)","background-image":"","background-repeat":"repeat","background-position":"center center","background-size":"auto","background-attachment":"scroll","background-type":"","background-media":"","overlay-type":"","overlay-color":"","overlay-opacity":"","overlay-gradient":""},"mobile":{"background-color":"var(--ast-global-color-5)","background-image":"","background-repeat":"repeat","background-position":"center center","background-size":"auto","background-attachment":"scroll","background-type":"","background-media":"","overlay-type":"","overlay-color":"","overlay-opacity":"","overlay-gradient":""}},"footnotes":""},"class_list":["post-22","page","type-page","status-publish","hentry"],"yoast_head":"<!-- This site is optimized with the Yoast SEO plugin v27.3 - https:\/\/yoast.com\/product\/yoast-seo-wordpress\/ -->\n<title>Solar Thermal Design - Radstar Engineer<\/title>\n<meta name=\"robots\" content=\"index, follow, max-snippet:-1, max-image-preview:large, max-video-preview:-1\" \/>\n<link rel=\"canonical\" href=\"https:\/\/radstarengineer.com\/es_es\/solar-thermal-design\/\" \/>\n<meta property=\"og:locale\" content=\"es_ES\" \/>\n<meta property=\"og:type\" content=\"article\" \/>\n<meta property=\"og:title\" content=\"Solar Thermal Design - Radstar Engineer\" \/>\n<meta property=\"og:description\" content=\"Solar Thermal Design Solar Thermal Design Solar thermal installations take advantage of solar energy to generate heat that allows its use in the generation of domestic hot water or heating systems. Installations in some areas are more cost-benefit effective than others. Gathering data of latitude, space availability, and integration in architectural design are of paramount [&hellip;]\" \/>\n<meta property=\"og:url\" content=\"https:\/\/radstarengineer.com\/es_es\/solar-thermal-design\/\" \/>\n<meta property=\"og:site_name\" content=\"Radstar Engineer\" \/>\n<meta property=\"article:modified_time\" content=\"2022-03-16T16:08:16+00:00\" \/>\n<meta property=\"og:image\" content=\"https:\/\/radstarengineer.com\/wp-content\/uploads\/2022\/02\/Esclat-Marina-1-scaled.jpg\" \/>\n<meta name=\"twitter:card\" content=\"summary_large_image\" \/>\n<meta name=\"twitter:label1\" content=\"Tiempo de lectura\" \/>\n\t<meta name=\"twitter:data1\" content=\"1 minuto\" \/>\n<script type=\"application\/ld+json\" class=\"yoast-schema-graph\">{\"@context\":\"https:\\\/\\\/schema.org\",\"@graph\":[{\"@type\":\"WebPage\",\"@id\":\"https:\\\/\\\/radstarengineer.com\\\/solar-thermal-design\",\"url\":\"https:\\\/\\\/radstarengineer.com\\\/solar-thermal-design\",\"name\":\"Solar Thermal Design - Radstar Engineer\",\"isPartOf\":{\"@id\":\"https:\\\/\\\/radstarengineer.com\\\/#website\"},\"primaryImageOfPage\":{\"@id\":\"https:\\\/\\\/radstarengineer.com\\\/solar-thermal-design#primaryimage\"},\"image\":{\"@id\":\"https:\\\/\\\/radstarengineer.com\\\/solar-thermal-design#primaryimage\"},\"thumbnailUrl\":\"https:\\\/\\\/radstarengineer.com\\\/wp-content\\\/uploads\\\/2022\\\/02\\\/Esclat-Marina-1-scaled.jpg\",\"datePublished\":\"2022-01-18T00:52:34+00:00\",\"dateModified\":\"2022-03-16T16:08:16+00:00\",\"breadcrumb\":{\"@id\":\"https:\\\/\\\/radstarengineer.com\\\/solar-thermal-design#breadcrumb\"},\"inLanguage\":\"es\",\"potentialAction\":[{\"@type\":\"ReadAction\",\"target\":[\"https:\\\/\\\/radstarengineer.com\\\/solar-thermal-design\"]}]},{\"@type\":\"ImageObject\",\"inLanguage\":\"es\",\"@id\":\"https:\\\/\\\/radstarengineer.com\\\/solar-thermal-design#primaryimage\",\"url\":\"https:\\\/\\\/radstarengineer.com\\\/wp-content\\\/uploads\\\/2022\\\/02\\\/Esclat-Marina-1-scaled.jpg\",\"contentUrl\":\"https:\\\/\\\/radstarengineer.com\\\/wp-content\\\/uploads\\\/2022\\\/02\\\/Esclat-Marina-1-scaled.jpg\"},{\"@type\":\"BreadcrumbList\",\"@id\":\"https:\\\/\\\/radstarengineer.com\\\/solar-thermal-design#breadcrumb\",\"itemListElement\":[{\"@type\":\"ListItem\",\"position\":1,\"name\":\"Portada\",\"item\":\"https:\\\/\\\/radstarengineer.com\\\/\"},{\"@type\":\"ListItem\",\"position\":2,\"name\":\"Solar Thermal Design\"}]},{\"@type\":\"WebSite\",\"@id\":\"https:\\\/\\\/radstarengineer.com\\\/#website\",\"url\":\"https:\\\/\\\/radstarengineer.com\\\/\",\"name\":\"Radstar Engineer\",\"description\":\"Enginner Services\",\"potentialAction\":[{\"@type\":\"SearchAction\",\"target\":{\"@type\":\"EntryPoint\",\"urlTemplate\":\"https:\\\/\\\/radstarengineer.com\\\/?s={search_term_string}\"},\"query-input\":{\"@type\":\"PropertyValueSpecification\",\"valueRequired\":true,\"valueName\":\"search_term_string\"}}],\"inLanguage\":\"es\"}]}<\/script>\n<!-- \/ Yoast SEO plugin. -->","yoast_head_json":{"title":"Solar Thermal Design - Radstar Engineer","robots":{"index":"index","follow":"follow","max-snippet":"max-snippet:-1","max-image-preview":"max-image-preview:large","max-video-preview":"max-video-preview:-1"},"canonical":"https:\/\/radstarengineer.com\/es_es\/solar-thermal-design\/","og_locale":"es_ES","og_type":"article","og_title":"Solar Thermal Design - Radstar Engineer","og_description":"Solar Thermal Design Solar Thermal Design Solar thermal installations take advantage of solar energy to generate heat that allows its use in the generation of domestic hot water or heating systems. Installations in some areas are more cost-benefit effective than others. Gathering data of latitude, space availability, and integration in architectural design are of paramount [&hellip;]","og_url":"https:\/\/radstarengineer.com\/es_es\/solar-thermal-design\/","og_site_name":"Radstar Engineer","article_modified_time":"2022-03-16T16:08:16+00:00","og_image":[{"url":"https:\/\/radstarengineer.com\/wp-content\/uploads\/2022\/02\/Esclat-Marina-1-scaled.jpg","type":"","width":"","height":""}],"twitter_card":"summary_large_image","twitter_misc":{"Tiempo de lectura":"1 minuto"},"schema":{"@context":"https:\/\/schema.org","@graph":[{"@type":"WebPage","@id":"https:\/\/radstarengineer.com\/solar-thermal-design","url":"https:\/\/radstarengineer.com\/solar-thermal-design","name":"Solar Thermal Design - Radstar Engineer","isPartOf":{"@id":"https:\/\/radstarengineer.com\/#website"},"primaryImageOfPage":{"@id":"https:\/\/radstarengineer.com\/solar-thermal-design#primaryimage"},"image":{"@id":"https:\/\/radstarengineer.com\/solar-thermal-design#primaryimage"},"thumbnailUrl":"https:\/\/radstarengineer.com\/wp-content\/uploads\/2022\/02\/Esclat-Marina-1-scaled.jpg","datePublished":"2022-01-18T00:52:34+00:00","dateModified":"2022-03-16T16:08:16+00:00","breadcrumb":{"@id":"https:\/\/radstarengineer.com\/solar-thermal-design#breadcrumb"},"inLanguage":"es","potentialAction":[{"@type":"ReadAction","target":["https:\/\/radstarengineer.com\/solar-thermal-design"]}]},{"@type":"ImageObject","inLanguage":"es","@id":"https:\/\/radstarengineer.com\/solar-thermal-design#primaryimage","url":"https:\/\/radstarengineer.com\/wp-content\/uploads\/2022\/02\/Esclat-Marina-1-scaled.jpg","contentUrl":"https:\/\/radstarengineer.com\/wp-content\/uploads\/2022\/02\/Esclat-Marina-1-scaled.jpg"},{"@type":"BreadcrumbList","@id":"https:\/\/radstarengineer.com\/solar-thermal-design#breadcrumb","itemListElement":[{"@type":"ListItem","position":1,"name":"Portada","item":"https:\/\/radstarengineer.com\/"},{"@type":"ListItem","position":2,"name":"Solar Thermal Design"}]},{"@type":"WebSite","@id":"https:\/\/radstarengineer.com\/#website","url":"https:\/\/radstarengineer.com\/","name":"Radstar Engineer","description":"Enginner Services","potentialAction":[{"@type":"SearchAction","target":{"@type":"EntryPoint","urlTemplate":"https:\/\/radstarengineer.com\/?s={search_term_string}"},"query-input":{"@type":"PropertyValueSpecification","valueRequired":true,"valueName":"search_term_string"}}],"inLanguage":"es"}]}},"jetpack_sharing_enabled":true,"_links":{"self":[{"href":"https:\/\/radstarengineer.com\/es_es\/wp-json\/wp\/v2\/pages\/22","targetHints":{"allow":["GET"]}}],"collection":[{"href":"https:\/\/radstarengineer.com\/es_es\/wp-json\/wp\/v2\/pages"}],"about":[{"href":"https:\/\/radstarengineer.com\/es_es\/wp-json\/wp\/v2\/types\/page"}],"author":[{"embeddable":true,"href":"https:\/\/radstarengineer.com\/es_es\/wp-json\/wp\/v2\/users\/1"}],"replies":[{"embeddable":true,"href":"https:\/\/radstarengineer.com\/es_es\/wp-json\/wp\/v2\/comments?post=22"}],"version-history":[{"count":58,"href":"https:\/\/radstarengineer.com\/es_es\/wp-json\/wp\/v2\/pages\/22\/revisions"}],"predecessor-version":[{"id":2043,"href":"https:\/\/radstarengineer.com\/es_es\/wp-json\/wp\/v2\/pages\/22\/revisions\/2043"}],"wp:attachment":[{"href":"https:\/\/radstarengineer.com\/es_es\/wp-json\/wp\/v2\/media?parent=22"}],"curies":[{"name":"wp","href":"https:\/\/api.w.org\/{rel}","templated":true}]}}