{"id":20,"date":"2022-01-18T00:52:34","date_gmt":"2022-01-18T00:52:34","guid":{"rendered":"https:\/\/radstarengineer.com\/?page_id=20"},"modified":"2022-03-16T16:04:31","modified_gmt":"2022-03-16T16:04:31","slug":"short-circuit-and-coordination","status":"publish","type":"page","link":"https:\/\/radstarengineer.com\/es_es\/short-circuit-and-coordination","title":{"rendered":"Corto circuito y coordinaci\u00f3n"},"content":{"rendered":"<div data-elementor-type=\"wp-page\" data-elementor-id=\"20\" class=\"elementor elementor-20\" data-elementor-settings=\"{&quot;ha_cmc_init_switcher&quot;:&quot;no&quot;}\">\n\t\t\t\t\t\t<section class=\"elementor-section elementor-top-section elementor-element elementor-element-4bb580c elementor-section-content-bottom elementor-section-boxed elementor-section-height-default elementor-section-height-default\" data-id=\"4bb580c\" data-element_type=\"section\" data-e-type=\"section\" data-settings=\"{&quot;background_background&quot;:&quot;classic&quot;,&quot;_ha_eqh_enable&quot;:false}\">\n\t\t\t\t\t\t\t<div class=\"elementor-background-overlay\"><\/div>\n\t\t\t\t\t\t\t<div class=\"elementor-container elementor-column-gap-no\">\n\t\t\t\t\t<div class=\"elementor-column elementor-col-100 elementor-top-column elementor-element elementor-element-ce0a9c2\" data-id=\"ce0a9c2\" data-element_type=\"column\" data-e-type=\"column\">\n\t\t\t<div class=\"elementor-widget-wrap elementor-element-populated\">\n\t\t\t\t\t\t<div class=\"elementor-element elementor-element-48150d9 elementor-widget elementor-widget-heading\" data-id=\"48150d9\" data-element_type=\"widget\" data-e-type=\"widget\" data-widget_type=\"heading.default\">\n\t\t\t\t<div class=\"elementor-widget-container\">\n\t\t\t\t\t<h2 class=\"elementor-heading-title elementor-size-default\">Cortocircuito y Coordinaci\u00f3n<\/h2>\t\t\t\t<\/div>\n\t\t\t\t<\/div>\n\t\t\t\t\t<\/div>\n\t\t<\/div>\n\t\t\t\t\t<\/div>\n\t\t<\/section>\n\t\t\t\t<section class=\"elementor-section elementor-top-section elementor-element elementor-element-cd44fc4 elementor-section-boxed elementor-section-height-default elementor-section-height-default\" data-id=\"cd44fc4\" data-element_type=\"section\" data-e-type=\"section\" data-settings=\"{&quot;_ha_eqh_enable&quot;:false}\">\n\t\t\t\t\t\t<div class=\"elementor-container elementor-column-gap-default\">\n\t\t\t\t\t<div class=\"elementor-column elementor-col-100 elementor-top-column elementor-element elementor-element-092e218\" data-id=\"092e218\" data-element_type=\"column\" data-e-type=\"column\">\n\t\t\t<div class=\"elementor-widget-wrap elementor-element-populated\">\n\t\t\t\t\t\t<div class=\"elementor-element elementor-element-5c664b3 elementor-widget elementor-widget-spacer\" data-id=\"5c664b3\" data-element_type=\"widget\" data-e-type=\"widget\" data-widget_type=\"spacer.default\">\n\t\t\t\t<div class=\"elementor-widget-container\">\n\t\t\t\t\t\t\t<div class=\"elementor-spacer\">\n\t\t\t<div class=\"elementor-spacer-inner\"><\/div>\n\t\t<\/div>\n\t\t\t\t\t\t<\/div>\n\t\t\t\t<\/div>\n\t\t\t\t\t<\/div>\n\t\t<\/div>\n\t\t\t\t\t<\/div>\n\t\t<\/section>\n\t\t\t\t<section class=\"elementor-section elementor-top-section elementor-element elementor-element-9e9167f elementor-section-boxed elementor-section-height-default elementor-section-height-default\" data-id=\"9e9167f\" data-element_type=\"section\" data-e-type=\"section\" data-settings=\"{&quot;_ha_eqh_enable&quot;:false}\">\n\t\t\t\t\t\t<div class=\"elementor-container elementor-column-gap-default\">\n\t\t\t\t\t<div class=\"elementor-column elementor-col-50 elementor-top-column elementor-element elementor-element-3ff6a43\" data-id=\"3ff6a43\" data-element_type=\"column\" data-e-type=\"column\">\n\t\t\t<div class=\"elementor-widget-wrap elementor-element-populated\">\n\t\t\t\t\t\t<div class=\"elementor-element elementor-element-d8463af elementor-widget elementor-widget-image\" data-id=\"d8463af\" data-element_type=\"widget\" data-e-type=\"widget\" data-widget_type=\"image.default\">\n\t\t\t\t<div class=\"elementor-widget-container\">\n\t\t\t\t\t\t\t\t\t\t\t\t\t\t\t<img fetchpriority=\"high\" decoding=\"async\" width=\"800\" height=\"908\" src=\"https:\/\/i0.wp.com\/radstarengineer.com\/wp-content\/uploads\/2022\/01\/img_1_long.jpg?fit=800%2C908&amp;ssl=1\" class=\"attachment-2048x2048 size-2048x2048 wp-image-927\" alt=\"\" srcset=\"https:\/\/i0.wp.com\/radstarengineer.com\/wp-content\/uploads\/2022\/01\/img_1_long.jpg?w=800&amp;ssl=1 800w, https:\/\/i0.wp.com\/radstarengineer.com\/wp-content\/uploads\/2022\/01\/img_1_long.jpg?resize=264%2C300&amp;ssl=1 264w, https:\/\/i0.wp.com\/radstarengineer.com\/wp-content\/uploads\/2022\/01\/img_1_long.jpg?resize=768%2C872&amp;ssl=1 768w\" sizes=\"(max-width: 800px) 100vw, 800px\" \/>\t\t\t\t\t\t\t\t\t\t\t\t\t\t\t<\/div>\n\t\t\t\t<\/div>\n\t\t\t\t\t<\/div>\n\t\t<\/div>\n\t\t\t\t<div class=\"elementor-column elementor-col-50 elementor-top-column elementor-element elementor-element-01f707c\" data-id=\"01f707c\" data-element_type=\"column\" data-e-type=\"column\">\n\t\t\t<div class=\"elementor-widget-wrap elementor-element-populated\">\n\t\t\t\t\t\t<div class=\"elementor-element elementor-element-213acbf elementor-widget elementor-widget-heading\" data-id=\"213acbf\" data-element_type=\"widget\" data-e-type=\"widget\" data-widget_type=\"heading.default\">\n\t\t\t\t<div class=\"elementor-widget-container\">\n\t\t\t\t\t<h2 class=\"elementor-heading-title elementor-size-default\">Realizamos estudios de cortocircuitos y coordinaci\u00f3n<\/h2>\t\t\t\t<\/div>\n\t\t\t\t<\/div>\n\t\t\t\t<div class=\"elementor-element elementor-element-af5d611 elementor-widget elementor-widget-text-editor\" data-id=\"af5d611\" data-element_type=\"widget\" data-e-type=\"widget\" data-widget_type=\"text-editor.default\">\n\t\t\t\t<div class=\"elementor-widget-container\">\n\t\t\t\t\t\t\t\t\t<p>Un estudio de un sistema de potencia generalmente consiste en estudios de riesgo de cortocircuito, coordinaci\u00f3n y arco el\u00e9ctrico. Si bien a veces estas \u00e1reas individuales pueden considerarse por separado, todas est\u00e1n muy interrelacionadas y se recomienda que se realicen al mismo tiempo y por la misma entidad.<br \/>Cada esquema operativo es esencialmente un sistema de energ\u00eda completamente separado que puede tener corrientes de falla, niveles de energ\u00eda incidente de arco el\u00e9ctrico y flujo de energ\u00eda completamente diferentes. Adem\u00e1s, puede requerir que los rel\u00e9s de protecci\u00f3n se programen con m\u00faltiples conjuntos de caracter\u00edsticas de disparo seg\u00fan el escenario en el que est\u00e1n operando.<\/p>\t\t\t\t\t\t\t\t<\/div>\n\t\t\t\t<\/div>\n\t\t\t\t\t<\/div>\n\t\t<\/div>\n\t\t\t\t\t<\/div>\n\t\t<\/section>\n\t\t\t\t<section class=\"elementor-section elementor-top-section elementor-element elementor-element-23e5315 elementor-section-boxed elementor-section-height-default elementor-section-height-default\" data-id=\"23e5315\" data-element_type=\"section\" data-e-type=\"section\" data-settings=\"{&quot;_ha_eqh_enable&quot;:false}\">\n\t\t\t\t\t\t<div class=\"elementor-container elementor-column-gap-default\">\n\t\t\t\t\t<div class=\"elementor-column elementor-col-100 elementor-top-column elementor-element elementor-element-24de936\" data-id=\"24de936\" data-element_type=\"column\" data-e-type=\"column\">\n\t\t\t<div class=\"elementor-widget-wrap elementor-element-populated\">\n\t\t\t\t\t\t<div class=\"elementor-element elementor-element-5076faa elementor-widget elementor-widget-spacer\" data-id=\"5076faa\" data-element_type=\"widget\" data-e-type=\"widget\" data-widget_type=\"spacer.default\">\n\t\t\t\t<div class=\"elementor-widget-container\">\n\t\t\t\t\t\t\t<div class=\"elementor-spacer\">\n\t\t\t<div class=\"elementor-spacer-inner\"><\/div>\n\t\t<\/div>\n\t\t\t\t\t\t<\/div>\n\t\t\t\t<\/div>\n\t\t\t\t\t<\/div>\n\t\t<\/div>\n\t\t\t\t\t<\/div>\n\t\t<\/section>\n\t\t\t\t<section class=\"elementor-section elementor-top-section elementor-element elementor-element-f56a7ea elementor-section-content-middle elementor-section-boxed elementor-section-height-default elementor-section-height-default\" data-id=\"f56a7ea\" data-element_type=\"section\" data-e-type=\"section\" data-settings=\"{&quot;background_background&quot;:&quot;classic&quot;,&quot;_ha_eqh_enable&quot;:false}\">\n\t\t\t\t\t\t<div class=\"elementor-container elementor-column-gap-default\">\n\t\t\t\t\t<div class=\"elementor-column elementor-col-50 elementor-top-column elementor-element elementor-element-1fc798d\" data-id=\"1fc798d\" data-element_type=\"column\" data-e-type=\"column\">\n\t\t\t<div class=\"elementor-widget-wrap elementor-element-populated\">\n\t\t\t\t\t\t<div class=\"elementor-element elementor-element-f98e3c2 elementor-widget elementor-widget-image\" data-id=\"f98e3c2\" data-element_type=\"widget\" data-e-type=\"widget\" data-widget_type=\"image.default\">\n\t\t\t\t<div class=\"elementor-widget-container\">\n\t\t\t\t\t\t\t\t\t\t\t\t\t\t\t<img decoding=\"async\" width=\"587\" height=\"385\" src=\"https:\/\/i0.wp.com\/radstarengineer.com\/wp-content\/uploads\/2022\/02\/faq_arcFlash5_2.jpg?fit=587%2C385&amp;ssl=1\" class=\"attachment-full size-full wp-image-1653\" alt=\"\" srcset=\"https:\/\/i0.wp.com\/radstarengineer.com\/wp-content\/uploads\/2022\/02\/faq_arcFlash5_2.jpg?w=587&amp;ssl=1 587w, https:\/\/i0.wp.com\/radstarengineer.com\/wp-content\/uploads\/2022\/02\/faq_arcFlash5_2.jpg?resize=300%2C197&amp;ssl=1 300w\" sizes=\"(max-width: 587px) 100vw, 587px\" \/>\t\t\t\t\t\t\t\t\t\t\t\t\t\t\t<\/div>\n\t\t\t\t<\/div>\n\t\t\t\t\t<\/div>\n\t\t<\/div>\n\t\t\t\t<div class=\"elementor-column elementor-col-50 elementor-top-column elementor-element elementor-element-d6f7586\" data-id=\"d6f7586\" data-element_type=\"column\" data-e-type=\"column\">\n\t\t\t<div class=\"elementor-widget-wrap elementor-element-populated\">\n\t\t\t\t\t\t<div class=\"elementor-element elementor-element-c82b8bc elementor-widget elementor-widget-icon-box\" data-id=\"c82b8bc\" data-element_type=\"widget\" data-e-type=\"widget\" data-widget_type=\"icon-box.default\">\n\t\t\t\t<div class=\"elementor-widget-container\">\n\t\t\t\t\t\t\t<div class=\"elementor-icon-box-wrapper\">\n\n\t\t\t\n\t\t\t\t\t\t<div class=\"elementor-icon-box-content\">\n\n\t\t\t\t\t\t\t\t\t<h3 class=\"elementor-icon-box-title\">\n\t\t\t\t\t\t<span  >\n\t\t\t\t\t\t\t\u00bfPor qu\u00e9 RadStar?\t\t\t\t\t\t<\/span>\n\t\t\t\t\t<\/h3>\n\t\t\t\t\n\t\t\t\t\t\t\t\t\t<p class=\"elementor-icon-box-description\">\n\t\t\t\t\t\tWith more than 30 years of experience doing this type of study, we start from the center of transformation until the last motor or receptacle. New designs or updates in installations are in our scope.\nSKM system analysis is the software of our choosing, with 50 years in the market and amazing customer service, it is an excellent tool to proceed with the calculations. Engineers keep up to date with certifications and courses in California.\n\nThe best way to find and mitigate problems is on the computer where changes are less expensive than changes to equipment and there is a reduced risk of downtime before equipment is in service. \nWith the proper software, multiple contingencies and operating scenarios can be completely evaluated ahead of time.\t\t\t\t\t<\/p>\n\t\t\t\t\n\t\t\t<\/div>\n\t\t\t\n\t\t<\/div>\n\t\t\t\t\t\t<\/div>\n\t\t\t\t<\/div>\n\t\t\t\t\t<\/div>\n\t\t<\/div>\n\t\t\t\t\t<\/div>\n\t\t<\/section>\n\t\t\t\t<section class=\"elementor-section elementor-top-section elementor-element elementor-element-26df6de elementor-section-content-bottom elementor-section-boxed elementor-section-height-default elementor-section-height-default\" data-id=\"26df6de\" data-element_type=\"section\" data-e-type=\"section\" data-settings=\"{&quot;background_background&quot;:&quot;classic&quot;,&quot;_ha_eqh_enable&quot;:false}\">\n\t\t\t\t\t\t\t<div class=\"elementor-background-overlay\"><\/div>\n\t\t\t\t\t\t\t<div class=\"elementor-container elementor-column-gap-no\">\n\t\t\t\t\t<div class=\"elementor-column elementor-col-100 elementor-top-column elementor-element elementor-element-1d43a76\" data-id=\"1d43a76\" data-element_type=\"column\" data-e-type=\"column\">\n\t\t\t<div class=\"elementor-widget-wrap elementor-element-populated\">\n\t\t\t\t\t\t<div class=\"elementor-element elementor-element-63d1c6b elementor-widget elementor-widget-heading\" data-id=\"63d1c6b\" data-element_type=\"widget\" data-e-type=\"widget\" data-widget_type=\"heading.default\">\n\t\t\t\t<div class=\"elementor-widget-container\">\n\t\t\t\t\t<h2 class=\"elementor-heading-title elementor-size-default\">Necesitas saber m\u00e1s?\n<\/h2>\t\t\t\t<\/div>\n\t\t\t\t<\/div>\n\t\t\t\t<div class=\"elementor-element elementor-element-295beca elementor-widget elementor-widget-text-editor\" data-id=\"295beca\" data-element_type=\"widget\" data-e-type=\"widget\" data-widget_type=\"text-editor.default\">\n\t\t\t\t<div class=\"elementor-widget-container\">\n\t\t\t\t\t\t\t\t\t<p>Siempre estamos disponibles para responder a sus preguntas.<\/p>\t\t\t\t\t\t\t\t<\/div>\n\t\t\t\t<\/div>\n\t\t\t\t<div class=\"elementor-element elementor-element-cb59450 elementor-widget__width-auto elementor-mobile-align-justify elementor-widget-mobile__width-inherit elementor-align-left elementor-widget elementor-widget-button\" data-id=\"cb59450\" data-element_type=\"widget\" data-e-type=\"widget\" data-widget_type=\"button.default\">\n\t\t\t\t<div class=\"elementor-widget-container\">\n\t\t\t\t\t\t\t\t\t<div class=\"elementor-button-wrapper\">\n\t\t\t\t\t<a class=\"elementor-button elementor-button-link elementor-size-sm\" href=\"https:\/\/radstarengineer.com\/es_es\/contact\/\">\n\t\t\t\t\t\t<span class=\"elementor-button-content-wrapper\">\n\t\t\t\t\t\t\t\t\t<span class=\"elementor-button-text\">Ll\u00e1manos<\/span>\n\t\t\t\t\t<\/span>\n\t\t\t\t\t<\/a>\n\t\t\t\t<\/div>\n\t\t\t\t\t\t\t\t<\/div>\n\t\t\t\t<\/div>\n\t\t\t\t\t<\/div>\n\t\t<\/div>\n\t\t\t\t\t<\/div>\n\t\t<\/section>\n\t\t\t\t<\/div>","protected":false},"excerpt":{"rendered":"<p>Short Circuit and Coordination We provide Short Circuits and coordination studies A power system study typically consists of short circuit, coordination, and arc-flash hazard studies. While sometimes these individual areas may be considered separately they are all highly interrelated and it is recommended that these be performed at the same time and by the same [&hellip;]<\/p>\n","protected":false},"author":1,"featured_media":0,"parent":0,"menu_order":0,"comment_status":"closed","ping_status":"closed","template":"","meta":{"site-sidebar-layout":"no-sidebar","site-content-layout":"page-builder","ast-site-content-layout":"default","site-content-style":"default","site-sidebar-style":"default","ast-global-header-display":"","ast-banner-title-visibility":"","ast-main-header-display":"","ast-hfb-above-header-display":"","ast-hfb-below-header-display":"","ast-hfb-mobile-header-display":"","site-post-title":"disabled","ast-breadcrumbs-content":"","ast-featured-img":"disabled","footer-sml-layout":"","ast-disable-related-posts":"","theme-transparent-header-meta":"","adv-header-id-meta":"","stick-header-meta":"","header-above-stick-meta":"","header-main-stick-meta":"","header-below-stick-meta":"","astra-migrate-meta-layouts":"default","ast-page-background-enabled":"default","ast-page-background-meta":{"desktop":{"background-color":"var(--ast-global-color-4)","background-image":"","background-repeat":"repeat","background-position":"center center","background-size":"auto","background-attachment":"scroll","background-type":"","background-media":"","overlay-type":"","overlay-color":"","overlay-opacity":"","overlay-gradient":""},"tablet":{"background-color":"","background-image":"","background-repeat":"repeat","background-position":"center center","background-size":"auto","background-attachment":"scroll","background-type":"","background-media":"","overlay-type":"","overlay-color":"","overlay-opacity":"","overlay-gradient":""},"mobile":{"background-color":"","background-image":"","background-repeat":"repeat","background-position":"center center","background-size":"auto","background-attachment":"scroll","background-type":"","background-media":"","overlay-type":"","overlay-color":"","overlay-opacity":"","overlay-gradient":""}},"ast-content-background-meta":{"desktop":{"background-color":"var(--ast-global-color-5)","background-image":"","background-repeat":"repeat","background-position":"center center","background-size":"auto","background-attachment":"scroll","background-type":"","background-media":"","overlay-type":"","overlay-color":"","overlay-opacity":"","overlay-gradient":""},"tablet":{"background-color":"var(--ast-global-color-5)","background-image":"","background-repeat":"repeat","background-position":"center center","background-size":"auto","background-attachment":"scroll","background-type":"","background-media":"","overlay-type":"","overlay-color":"","overlay-opacity":"","overlay-gradient":""},"mobile":{"background-color":"var(--ast-global-color-5)","background-image":"","background-repeat":"repeat","background-position":"center center","background-size":"auto","background-attachment":"scroll","background-type":"","background-media":"","overlay-type":"","overlay-color":"","overlay-opacity":"","overlay-gradient":""}},"footnotes":""},"class_list":["post-20","page","type-page","status-publish","hentry"],"yoast_head":"<!-- This site is optimized with the Yoast SEO plugin v27.3 - https:\/\/yoast.com\/product\/yoast-seo-wordpress\/ -->\n<title>Short circuit and coordination - Radstar Engineer<\/title>\n<meta name=\"robots\" content=\"index, follow, max-snippet:-1, max-image-preview:large, max-video-preview:-1\" \/>\n<link rel=\"canonical\" href=\"https:\/\/radstarengineer.com\/es_es\/short-circuit-and-coordination\/\" \/>\n<meta property=\"og:locale\" content=\"es_ES\" \/>\n<meta property=\"og:type\" content=\"article\" \/>\n<meta property=\"og:title\" content=\"Short circuit and coordination - Radstar Engineer\" \/>\n<meta property=\"og:description\" content=\"Short Circuit and Coordination We provide Short Circuits and coordination studies A power system study typically consists of short circuit, coordination, and arc-flash hazard studies. While sometimes these individual areas may be considered separately they are all highly interrelated and it is recommended that these be performed at the same time and by the same [&hellip;]\" \/>\n<meta property=\"og:url\" content=\"https:\/\/radstarengineer.com\/es_es\/short-circuit-and-coordination\/\" \/>\n<meta property=\"og:site_name\" content=\"Radstar Engineer\" \/>\n<meta property=\"article:modified_time\" content=\"2022-03-16T16:04:31+00:00\" \/>\n<meta property=\"og:image\" content=\"https:\/\/radstarengineer.com\/wp-content\/uploads\/2022\/01\/img_1_long.jpg\" \/>\n<meta name=\"twitter:card\" content=\"summary_large_image\" \/>\n<meta name=\"twitter:label1\" content=\"Tiempo de lectura\" \/>\n\t<meta name=\"twitter:data1\" content=\"2 minutos\" \/>\n<script type=\"application\/ld+json\" class=\"yoast-schema-graph\">{\"@context\":\"https:\\\/\\\/schema.org\",\"@graph\":[{\"@type\":\"WebPage\",\"@id\":\"https:\\\/\\\/radstarengineer.com\\\/short-circuit-and-coordination\",\"url\":\"https:\\\/\\\/radstarengineer.com\\\/short-circuit-and-coordination\",\"name\":\"Short circuit and coordination - Radstar Engineer\",\"isPartOf\":{\"@id\":\"https:\\\/\\\/radstarengineer.com\\\/#website\"},\"primaryImageOfPage\":{\"@id\":\"https:\\\/\\\/radstarengineer.com\\\/short-circuit-and-coordination#primaryimage\"},\"image\":{\"@id\":\"https:\\\/\\\/radstarengineer.com\\\/short-circuit-and-coordination#primaryimage\"},\"thumbnailUrl\":\"https:\\\/\\\/radstarengineer.com\\\/wp-content\\\/uploads\\\/2022\\\/01\\\/img_1_long.jpg\",\"datePublished\":\"2022-01-18T00:52:34+00:00\",\"dateModified\":\"2022-03-16T16:04:31+00:00\",\"breadcrumb\":{\"@id\":\"https:\\\/\\\/radstarengineer.com\\\/short-circuit-and-coordination#breadcrumb\"},\"inLanguage\":\"es\",\"potentialAction\":[{\"@type\":\"ReadAction\",\"target\":[\"https:\\\/\\\/radstarengineer.com\\\/short-circuit-and-coordination\"]}]},{\"@type\":\"ImageObject\",\"inLanguage\":\"es\",\"@id\":\"https:\\\/\\\/radstarengineer.com\\\/short-circuit-and-coordination#primaryimage\",\"url\":\"https:\\\/\\\/radstarengineer.com\\\/wp-content\\\/uploads\\\/2022\\\/01\\\/img_1_long.jpg\",\"contentUrl\":\"https:\\\/\\\/radstarengineer.com\\\/wp-content\\\/uploads\\\/2022\\\/01\\\/img_1_long.jpg\"},{\"@type\":\"BreadcrumbList\",\"@id\":\"https:\\\/\\\/radstarengineer.com\\\/short-circuit-and-coordination#breadcrumb\",\"itemListElement\":[{\"@type\":\"ListItem\",\"position\":1,\"name\":\"Portada\",\"item\":\"https:\\\/\\\/radstarengineer.com\\\/\"},{\"@type\":\"ListItem\",\"position\":2,\"name\":\"Short circuit and coordination\"}]},{\"@type\":\"WebSite\",\"@id\":\"https:\\\/\\\/radstarengineer.com\\\/#website\",\"url\":\"https:\\\/\\\/radstarengineer.com\\\/\",\"name\":\"Radstar Engineer\",\"description\":\"Enginner Services\",\"potentialAction\":[{\"@type\":\"SearchAction\",\"target\":{\"@type\":\"EntryPoint\",\"urlTemplate\":\"https:\\\/\\\/radstarengineer.com\\\/?s={search_term_string}\"},\"query-input\":{\"@type\":\"PropertyValueSpecification\",\"valueRequired\":true,\"valueName\":\"search_term_string\"}}],\"inLanguage\":\"es\"}]}<\/script>\n<!-- \/ Yoast SEO plugin. -->","yoast_head_json":{"title":"Short circuit and coordination - Radstar Engineer","robots":{"index":"index","follow":"follow","max-snippet":"max-snippet:-1","max-image-preview":"max-image-preview:large","max-video-preview":"max-video-preview:-1"},"canonical":"https:\/\/radstarengineer.com\/es_es\/short-circuit-and-coordination\/","og_locale":"es_ES","og_type":"article","og_title":"Short circuit and coordination - Radstar Engineer","og_description":"Short Circuit and Coordination We provide Short Circuits and coordination studies A power system study typically consists of short circuit, coordination, and arc-flash hazard studies. While sometimes these individual areas may be considered separately they are all highly interrelated and it is recommended that these be performed at the same time and by the same [&hellip;]","og_url":"https:\/\/radstarengineer.com\/es_es\/short-circuit-and-coordination\/","og_site_name":"Radstar Engineer","article_modified_time":"2022-03-16T16:04:31+00:00","og_image":[{"url":"https:\/\/radstarengineer.com\/wp-content\/uploads\/2022\/01\/img_1_long.jpg","type":"","width":"","height":""}],"twitter_card":"summary_large_image","twitter_misc":{"Tiempo de lectura":"2 minutos"},"schema":{"@context":"https:\/\/schema.org","@graph":[{"@type":"WebPage","@id":"https:\/\/radstarengineer.com\/short-circuit-and-coordination","url":"https:\/\/radstarengineer.com\/short-circuit-and-coordination","name":"Short circuit and coordination - Radstar Engineer","isPartOf":{"@id":"https:\/\/radstarengineer.com\/#website"},"primaryImageOfPage":{"@id":"https:\/\/radstarengineer.com\/short-circuit-and-coordination#primaryimage"},"image":{"@id":"https:\/\/radstarengineer.com\/short-circuit-and-coordination#primaryimage"},"thumbnailUrl":"https:\/\/radstarengineer.com\/wp-content\/uploads\/2022\/01\/img_1_long.jpg","datePublished":"2022-01-18T00:52:34+00:00","dateModified":"2022-03-16T16:04:31+00:00","breadcrumb":{"@id":"https:\/\/radstarengineer.com\/short-circuit-and-coordination#breadcrumb"},"inLanguage":"es","potentialAction":[{"@type":"ReadAction","target":["https:\/\/radstarengineer.com\/short-circuit-and-coordination"]}]},{"@type":"ImageObject","inLanguage":"es","@id":"https:\/\/radstarengineer.com\/short-circuit-and-coordination#primaryimage","url":"https:\/\/radstarengineer.com\/wp-content\/uploads\/2022\/01\/img_1_long.jpg","contentUrl":"https:\/\/radstarengineer.com\/wp-content\/uploads\/2022\/01\/img_1_long.jpg"},{"@type":"BreadcrumbList","@id":"https:\/\/radstarengineer.com\/short-circuit-and-coordination#breadcrumb","itemListElement":[{"@type":"ListItem","position":1,"name":"Portada","item":"https:\/\/radstarengineer.com\/"},{"@type":"ListItem","position":2,"name":"Short circuit and coordination"}]},{"@type":"WebSite","@id":"https:\/\/radstarengineer.com\/#website","url":"https:\/\/radstarengineer.com\/","name":"Radstar Engineer","description":"Enginner Services","potentialAction":[{"@type":"SearchAction","target":{"@type":"EntryPoint","urlTemplate":"https:\/\/radstarengineer.com\/?s={search_term_string}"},"query-input":{"@type":"PropertyValueSpecification","valueRequired":true,"valueName":"search_term_string"}}],"inLanguage":"es"}]}},"jetpack_sharing_enabled":true,"_links":{"self":[{"href":"https:\/\/radstarengineer.com\/es_es\/wp-json\/wp\/v2\/pages\/20","targetHints":{"allow":["GET"]}}],"collection":[{"href":"https:\/\/radstarengineer.com\/es_es\/wp-json\/wp\/v2\/pages"}],"about":[{"href":"https:\/\/radstarengineer.com\/es_es\/wp-json\/wp\/v2\/types\/page"}],"author":[{"embeddable":true,"href":"https:\/\/radstarengineer.com\/es_es\/wp-json\/wp\/v2\/users\/1"}],"replies":[{"embeddable":true,"href":"https:\/\/radstarengineer.com\/es_es\/wp-json\/wp\/v2\/comments?post=20"}],"version-history":[{"count":51,"href":"https:\/\/radstarengineer.com\/es_es\/wp-json\/wp\/v2\/pages\/20\/revisions"}],"predecessor-version":[{"id":2039,"href":"https:\/\/radstarengineer.com\/es_es\/wp-json\/wp\/v2\/pages\/20\/revisions\/2039"}],"wp:attachment":[{"href":"https:\/\/radstarengineer.com\/es_es\/wp-json\/wp\/v2\/media?parent=20"}],"curies":[{"name":"wp","href":"https:\/\/api.w.org\/{rel}","templated":true}]}}