{"id":16,"date":"2022-01-18T00:52:34","date_gmt":"2022-01-18T00:52:34","guid":{"rendered":"https:\/\/radstarengineer.com\/?page_id=16"},"modified":"2022-03-16T15:59:52","modified_gmt":"2022-03-16T15:59:52","slug":"mep-engineering","status":"publish","type":"page","link":"https:\/\/radstarengineer.com\/es_es\/mep-engineering","title":{"rendered":"Ingenier\u00eda MEP"},"content":{"rendered":"<div data-elementor-type=\"wp-page\" data-elementor-id=\"16\" class=\"elementor elementor-16\" data-elementor-settings=\"{&quot;ha_cmc_init_switcher&quot;:&quot;no&quot;}\">\n\t\t\t\t\t\t<section class=\"elementor-section elementor-top-section elementor-element elementor-element-pi0cxkh elementor-section-content-bottom elementor-section-boxed elementor-section-height-default elementor-section-height-default\" data-id=\"pi0cxkh\" data-element_type=\"section\" data-e-type=\"section\" data-settings=\"{&quot;background_background&quot;:&quot;classic&quot;,&quot;_ha_eqh_enable&quot;:false}\">\n\t\t\t\t\t\t\t<div class=\"elementor-background-overlay\"><\/div>\n\t\t\t\t\t\t\t<div class=\"elementor-container elementor-column-gap-no\">\n\t\t\t\t\t<div class=\"elementor-column elementor-col-100 elementor-top-column elementor-element elementor-element-7067af4a\" data-id=\"7067af4a\" data-element_type=\"column\" data-e-type=\"column\">\n\t\t\t<div class=\"elementor-widget-wrap elementor-element-populated\">\n\t\t\t\t\t\t<div class=\"elementor-element elementor-element-6bc62ee5 elementor-widget elementor-widget-heading\" data-id=\"6bc62ee5\" data-element_type=\"widget\" data-e-type=\"widget\" data-widget_type=\"heading.default\">\n\t\t\t\t<div class=\"elementor-widget-container\">\n\t\t\t\t\t<h2 class=\"elementor-heading-title elementor-size-default\">Ingenier\u00eda MEP\n<\/h2>\t\t\t\t<\/div>\n\t\t\t\t<\/div>\n\t\t\t\t\t<\/div>\n\t\t<\/div>\n\t\t\t\t\t<\/div>\n\t\t<\/section>\n\t\t\t\t<section class=\"elementor-section elementor-top-section elementor-element elementor-element-c0bc288 elementor-section-boxed elementor-section-height-default elementor-section-height-default\" data-id=\"c0bc288\" data-element_type=\"section\" data-e-type=\"section\" data-settings=\"{&quot;_ha_eqh_enable&quot;:false}\">\n\t\t\t\t\t\t<div class=\"elementor-container elementor-column-gap-default\">\n\t\t\t\t\t<div class=\"elementor-column elementor-col-100 elementor-top-column elementor-element elementor-element-de30ac4\" data-id=\"de30ac4\" data-element_type=\"column\" data-e-type=\"column\">\n\t\t\t<div class=\"elementor-widget-wrap elementor-element-populated\">\n\t\t\t\t\t\t<div class=\"elementor-element elementor-element-454b3be elementor-widget elementor-widget-spacer\" data-id=\"454b3be\" data-element_type=\"widget\" data-e-type=\"widget\" data-widget_type=\"spacer.default\">\n\t\t\t\t<div class=\"elementor-widget-container\">\n\t\t\t\t\t\t\t<div class=\"elementor-spacer\">\n\t\t\t<div class=\"elementor-spacer-inner\"><\/div>\n\t\t<\/div>\n\t\t\t\t\t\t<\/div>\n\t\t\t\t<\/div>\n\t\t\t\t\t<\/div>\n\t\t<\/div>\n\t\t\t\t\t<\/div>\n\t\t<\/section>\n\t\t\t\t<section class=\"elementor-section elementor-top-section elementor-element elementor-element-39d47d4d elementor-section-boxed elementor-section-height-default elementor-section-height-default\" data-id=\"39d47d4d\" data-element_type=\"section\" data-e-type=\"section\" data-settings=\"{&quot;_ha_eqh_enable&quot;:false}\">\n\t\t\t\t\t\t<div class=\"elementor-container elementor-column-gap-default\">\n\t\t\t\t\t<div class=\"elementor-column elementor-col-50 elementor-top-column elementor-element elementor-element-7ed0a284\" data-id=\"7ed0a284\" data-element_type=\"column\" data-e-type=\"column\">\n\t\t\t<div class=\"elementor-widget-wrap elementor-element-populated\">\n\t\t\t\t\t\t<div class=\"elementor-element elementor-element-4f076de7 elementor-widget elementor-widget-image\" data-id=\"4f076de7\" data-element_type=\"widget\" data-e-type=\"widget\" data-widget_type=\"image.default\">\n\t\t\t\t<div class=\"elementor-widget-container\">\n\t\t\t\t\t\t\t\t\t\t\t\t\t\t\t<img fetchpriority=\"high\" decoding=\"async\" width=\"800\" height=\"908\" src=\"https:\/\/i0.wp.com\/radstarengineer.com\/wp-content\/uploads\/2022\/01\/img_1_long.jpg?fit=800%2C908&amp;ssl=1\" class=\"attachment-2048x2048 size-2048x2048 wp-image-927\" alt=\"\" srcset=\"https:\/\/i0.wp.com\/radstarengineer.com\/wp-content\/uploads\/2022\/01\/img_1_long.jpg?w=800&amp;ssl=1 800w, https:\/\/i0.wp.com\/radstarengineer.com\/wp-content\/uploads\/2022\/01\/img_1_long.jpg?resize=264%2C300&amp;ssl=1 264w, https:\/\/i0.wp.com\/radstarengineer.com\/wp-content\/uploads\/2022\/01\/img_1_long.jpg?resize=768%2C872&amp;ssl=1 768w\" sizes=\"(max-width: 800px) 100vw, 800px\" \/>\t\t\t\t\t\t\t\t\t\t\t\t\t\t\t<\/div>\n\t\t\t\t<\/div>\n\t\t\t\t\t<\/div>\n\t\t<\/div>\n\t\t\t\t<div class=\"elementor-column elementor-col-50 elementor-top-column elementor-element elementor-element-daf2e83\" data-id=\"daf2e83\" data-element_type=\"column\" data-e-type=\"column\">\n\t\t\t<div class=\"elementor-widget-wrap elementor-element-populated\">\n\t\t\t\t\t\t<div class=\"elementor-element elementor-element-34c29c6 elementor-widget elementor-widget-heading\" data-id=\"34c29c6\" data-element_type=\"widget\" data-e-type=\"widget\" data-widget_type=\"heading.default\">\n\t\t\t\t<div class=\"elementor-widget-container\">\n\t\t\t\t\t<h2 class=\"elementor-heading-title elementor-size-default\">Brindamos servicios de Ingenier\u00eda Mec\u00e1nica, El\u00e9ctrica y Plomer\u00eda<\/h2>\t\t\t\t<\/div>\n\t\t\t\t<\/div>\n\t\t\t\t<div class=\"elementor-element elementor-element-988a298 elementor-widget elementor-widget-text-editor\" data-id=\"988a298\" data-element_type=\"widget\" data-e-type=\"widget\" data-widget_type=\"text-editor.default\">\n\t\t\t\t<div class=\"elementor-widget-container\">\n\t\t\t\t\t\t\t\t\t<p>Cada especialidad est\u00e1 cuidadosamente dise\u00f1ada de acuerdo a c\u00f3digos y est\u00e1ndares como ASHRAE y NEC. Las nuevas tecnolog\u00edas de generadores de emergencia y sistemas UPS podr\u00edan ser parte del sistema de sus sue\u00f1os. Los recursos naturales est\u00e1n en detrimento y nuestra empresa apuesta por aportar soluciones para adaptarse al futuro pr\u00f3ximo.<br \/>Experiencia en la gesti\u00f3n de todas las fases del ciclo de vida de un proyecto (desde la iniciaci\u00f3n hasta el cierre\/desde el alcance hasta la puesta en marcha) desempe\u00f1ando diferentes roles de ingenier\u00eda en proyectos grandes, medianos y peque\u00f1os. Realizamos anteproyectos, proyectos ejecutivos y legalizaciones. Incrementamos la coordinaci\u00f3n con las especialidades de arquitectura y civil.<\/p>\t\t\t\t\t\t\t\t<\/div>\n\t\t\t\t<\/div>\n\t\t\t\t\t<\/div>\n\t\t<\/div>\n\t\t\t\t\t<\/div>\n\t\t<\/section>\n\t\t\t\t<section class=\"elementor-section elementor-top-section elementor-element elementor-element-cb3c554 elementor-section-boxed elementor-section-height-default elementor-section-height-default\" data-id=\"cb3c554\" data-element_type=\"section\" data-e-type=\"section\" data-settings=\"{&quot;_ha_eqh_enable&quot;:false}\">\n\t\t\t\t\t\t<div class=\"elementor-container elementor-column-gap-default\">\n\t\t\t\t\t<div class=\"elementor-column elementor-col-100 elementor-top-column elementor-element elementor-element-b0bdfb0\" data-id=\"b0bdfb0\" data-element_type=\"column\" data-e-type=\"column\">\n\t\t\t<div class=\"elementor-widget-wrap elementor-element-populated\">\n\t\t\t\t\t\t<div class=\"elementor-element elementor-element-dd57d4a elementor-widget elementor-widget-spacer\" data-id=\"dd57d4a\" data-element_type=\"widget\" data-e-type=\"widget\" data-widget_type=\"spacer.default\">\n\t\t\t\t<div class=\"elementor-widget-container\">\n\t\t\t\t\t\t\t<div class=\"elementor-spacer\">\n\t\t\t<div class=\"elementor-spacer-inner\"><\/div>\n\t\t<\/div>\n\t\t\t\t\t\t<\/div>\n\t\t\t\t<\/div>\n\t\t\t\t\t<\/div>\n\t\t<\/div>\n\t\t\t\t\t<\/div>\n\t\t<\/section>\n\t\t\t\t<section class=\"elementor-section elementor-top-section elementor-element elementor-element-bikdiaw elementor-section-content-middle elementor-section-boxed elementor-section-height-default elementor-section-height-default\" data-id=\"bikdiaw\" data-element_type=\"section\" data-e-type=\"section\" data-settings=\"{&quot;background_background&quot;:&quot;classic&quot;,&quot;_ha_eqh_enable&quot;:false}\">\n\t\t\t\t\t\t<div class=\"elementor-container elementor-column-gap-default\">\n\t\t\t\t\t<div class=\"elementor-column elementor-col-50 elementor-top-column elementor-element elementor-element-eb6d476\" data-id=\"eb6d476\" data-element_type=\"column\" data-e-type=\"column\">\n\t\t\t<div class=\"elementor-widget-wrap elementor-element-populated\">\n\t\t\t\t\t\t<div class=\"elementor-element elementor-element-9c7e456 elementor-widget elementor-widget-image\" data-id=\"9c7e456\" data-element_type=\"widget\" data-e-type=\"widget\" data-widget_type=\"image.default\">\n\t\t\t\t<div class=\"elementor-widget-container\">\n\t\t\t\t\t\t\t\t\t\t\t\t\t\t\t<img decoding=\"async\" width=\"1100\" height=\"638\" src=\"https:\/\/i0.wp.com\/radstarengineer.com\/wp-content\/uploads\/2022\/03\/R-1.png?fit=1100%2C638&amp;ssl=1\" class=\"attachment-full size-full wp-image-1894\" alt=\"\" srcset=\"https:\/\/i0.wp.com\/radstarengineer.com\/wp-content\/uploads\/2022\/03\/R-1.png?w=1100&amp;ssl=1 1100w, https:\/\/i0.wp.com\/radstarengineer.com\/wp-content\/uploads\/2022\/03\/R-1.png?resize=300%2C174&amp;ssl=1 300w, https:\/\/i0.wp.com\/radstarengineer.com\/wp-content\/uploads\/2022\/03\/R-1.png?resize=1024%2C594&amp;ssl=1 1024w, https:\/\/i0.wp.com\/radstarengineer.com\/wp-content\/uploads\/2022\/03\/R-1.png?resize=768%2C445&amp;ssl=1 768w\" sizes=\"(max-width: 1100px) 100vw, 1100px\" \/>\t\t\t\t\t\t\t\t\t\t\t\t\t\t\t<\/div>\n\t\t\t\t<\/div>\n\t\t\t\t\t<\/div>\n\t\t<\/div>\n\t\t\t\t<div class=\"elementor-column elementor-col-50 elementor-top-column elementor-element elementor-element-95405bc\" data-id=\"95405bc\" data-element_type=\"column\" data-e-type=\"column\">\n\t\t\t<div class=\"elementor-widget-wrap elementor-element-populated\">\n\t\t\t\t\t\t<div class=\"elementor-element elementor-element-92afdd3 elementor-widget elementor-widget-icon-box\" data-id=\"92afdd3\" data-element_type=\"widget\" data-e-type=\"widget\" data-widget_type=\"icon-box.default\">\n\t\t\t\t<div class=\"elementor-widget-container\">\n\t\t\t\t\t\t\t<div class=\"elementor-icon-box-wrapper\">\n\n\t\t\t\n\t\t\t\t\t\t<div class=\"elementor-icon-box-content\">\n\n\t\t\t\t\n\t\t\t\t\t\t\t\t\t<p class=\"elementor-icon-box-description\">\n\t\t\t\t\t\tExperiencia en la gesti\u00f3n de todas las fases del ciclo de vida de un proyecto (desde la iniciaci\u00f3n hasta el cierre\/desde el alcance hasta la puesta en marcha)\nDesempe\u00f1ando diferentes roles de ingenier\u00eda en proyectos grandes, medianos y peque\u00f1os.\t\t\t\t\t<\/p>\n\t\t\t\t\n\t\t\t<\/div>\n\t\t\t\n\t\t<\/div>\n\t\t\t\t\t\t<\/div>\n\t\t\t\t<\/div>\n\t\t\t\t<div class=\"elementor-element elementor-element-044f96d elementor-icon-list--layout-traditional elementor-list-item-link-full_width elementor-widget elementor-widget-icon-list\" data-id=\"044f96d\" data-element_type=\"widget\" data-e-type=\"widget\" data-widget_type=\"icon-list.default\">\n\t\t\t\t<div class=\"elementor-widget-container\">\n\t\t\t\t\t\t\t<ul class=\"elementor-icon-list-items\">\n\t\t\t\t\t\t\t<li class=\"elementor-icon-list-item\">\n\t\t\t\t\t\t\t\t\t\t\t<span class=\"elementor-icon-list-icon\">\n\t\t\t\t\t\t\t<i aria-hidden=\"true\" class=\"far fa-check-circle\"><\/i>\t\t\t\t\t\t<\/span>\n\t\t\t\t\t\t\t\t\t\t<span class=\"elementor-icon-list-text\">Realizamos ideas conceptuales, estudios preliminares y redacci\u00f3n para desarrollar documentos de construcci\u00f3n.<\/span>\n\t\t\t\t\t\t\t\t\t<\/li>\n\t\t\t\t\t\t\t\t<li class=\"elementor-icon-list-item\">\n\t\t\t\t\t\t\t\t\t\t\t<span class=\"elementor-icon-list-icon\">\n\t\t\t\t\t\t\t<i aria-hidden=\"true\" class=\"far fa-check-circle\"><\/i>\t\t\t\t\t\t<\/span>\n\t\t\t\t\t\t\t\t\t\t<span class=\"elementor-icon-list-text\">Direcci\u00f3n de obra, desarrollando funciones t\u00e9cnicas y administrativas.<\/span>\n\t\t\t\t\t\t\t\t\t<\/li>\n\t\t\t\t\t\t\t\t<li class=\"elementor-icon-list-item\">\n\t\t\t\t\t\t\t\t\t\t\t<span class=\"elementor-icon-list-icon\">\n\t\t\t\t\t\t\t<i aria-hidden=\"true\" class=\"far fa-check-circle\"><\/i>\t\t\t\t\t\t<\/span>\n\t\t\t\t\t\t\t\t\t\t<span class=\"elementor-icon-list-text\">Puesta en marcha<\/span>\n\t\t\t\t\t\t\t\t\t<\/li>\n\t\t\t\t\t\t\t\t<li class=\"elementor-icon-list-item\">\n\t\t\t\t\t\t\t\t\t\t\t<span class=\"elementor-icon-list-icon\">\n\t\t\t\t\t\t\t<i aria-hidden=\"true\" class=\"far fa-check-circle\"><\/i>\t\t\t\t\t\t<\/span>\n\t\t\t\t\t\t\t\t\t\t<span class=\"elementor-icon-list-text\">As-Build y legalizaci\u00f3n definitiva de la instalaci\u00f3n.<\/span>\n\t\t\t\t\t\t\t\t\t<\/li>\n\t\t\t\t\t\t\t\t<li class=\"elementor-icon-list-item\">\n\t\t\t\t\t\t\t\t\t\t\t<span class=\"elementor-icon-list-icon\">\n\t\t\t\t\t\t\t<i aria-hidden=\"true\" class=\"far fa-check-circle\"><\/i>\t\t\t\t\t\t<\/span>\n\t\t\t\t\t\t\t\t\t\t<span class=\"elementor-icon-list-text\">Estudio fotom\u00e9trico, puesta a tierra el\u00e9ctrica y dise\u00f1o de pararrayos.<\/span>\n\t\t\t\t\t\t\t\t\t<\/li>\n\t\t\t\t\t\t<\/ul>\n\t\t\t\t\t\t<\/div>\n\t\t\t\t<\/div>\n\t\t\t\t\t<\/div>\n\t\t<\/div>\n\t\t\t\t\t<\/div>\n\t\t<\/section>\n\t\t\t\t<section class=\"elementor-section elementor-top-section elementor-element elementor-element-294ea3e elementor-section-content-bottom elementor-section-boxed elementor-section-height-default elementor-section-height-default\" data-id=\"294ea3e\" data-element_type=\"section\" data-e-type=\"section\" data-settings=\"{&quot;background_background&quot;:&quot;classic&quot;,&quot;_ha_eqh_enable&quot;:false}\">\n\t\t\t\t\t\t\t<div class=\"elementor-background-overlay\"><\/div>\n\t\t\t\t\t\t\t<div class=\"elementor-container elementor-column-gap-no\">\n\t\t\t\t\t<div class=\"elementor-column elementor-col-100 elementor-top-column elementor-element elementor-element-d63b506\" data-id=\"d63b506\" data-element_type=\"column\" data-e-type=\"column\">\n\t\t\t<div class=\"elementor-widget-wrap elementor-element-populated\">\n\t\t\t\t\t\t<div class=\"elementor-element elementor-element-57a6935 elementor-widget elementor-widget-heading\" data-id=\"57a6935\" data-element_type=\"widget\" data-e-type=\"widget\" data-widget_type=\"heading.default\">\n\t\t\t\t<div class=\"elementor-widget-container\">\n\t\t\t\t\t<h2 class=\"elementor-heading-title elementor-size-default\">H\u00e1ganos saber el proyecto de sus sue\u00f1os.\n<\/h2>\t\t\t\t<\/div>\n\t\t\t\t<\/div>\n\t\t\t\t<div class=\"elementor-element elementor-element-03d10b0 elementor-widget elementor-widget-text-editor\" data-id=\"03d10b0\" data-element_type=\"widget\" data-e-type=\"widget\" data-widget_type=\"text-editor.default\">\n\t\t\t\t<div class=\"elementor-widget-container\">\n\t\t\t\t\t\t\t\t\t<p>Siempre estamos disponibles para responder a sus preguntas.<\/p>\t\t\t\t\t\t\t\t<\/div>\n\t\t\t\t<\/div>\n\t\t\t\t<div class=\"elementor-element elementor-element-38899de elementor-widget__width-auto elementor-mobile-align-justify elementor-widget-mobile__width-inherit elementor-align-left elementor-widget elementor-widget-button\" data-id=\"38899de\" data-element_type=\"widget\" data-e-type=\"widget\" data-widget_type=\"button.default\">\n\t\t\t\t<div class=\"elementor-widget-container\">\n\t\t\t\t\t\t\t\t\t<div class=\"elementor-button-wrapper\">\n\t\t\t\t\t<a class=\"elementor-button elementor-button-link elementor-size-sm\" href=\"https:\/\/radstarengineer.com\/es_es\/contact\/\">\n\t\t\t\t\t\t<span class=\"elementor-button-content-wrapper\">\n\t\t\t\t\t\t<span class=\"elementor-button-icon\">\n\t\t\t\t<i aria-hidden=\"true\" class=\"fas fa-phone\"><\/i>\t\t\t<\/span>\n\t\t\t\t\t\t\t\t\t<span class=\"elementor-button-text\">Programa una llamada<\/span>\n\t\t\t\t\t<\/span>\n\t\t\t\t\t<\/a>\n\t\t\t\t<\/div>\n\t\t\t\t\t\t\t\t<\/div>\n\t\t\t\t<\/div>\n\t\t\t\t\t<\/div>\n\t\t<\/div>\n\t\t\t\t\t<\/div>\n\t\t<\/section>\n\t\t\t\t<\/div>","protected":false},"excerpt":{"rendered":"<p>MEP Engineering We provide Mechanical, Electrical, and Plumbing engineering services Every specialty is carefully designed in compliance with codes and standards as ASHRAE and NEC. New technologies of emergency generators and UPS systems could be part of your dream system. Natural resources are at the detriment and our company is committed to providing solutions to [&hellip;]<\/p>\n","protected":false},"author":1,"featured_media":0,"parent":0,"menu_order":0,"comment_status":"closed","ping_status":"closed","template":"","meta":{"site-sidebar-layout":"no-sidebar","site-content-layout":"page-builder","ast-site-content-layout":"default","site-content-style":"default","site-sidebar-style":"default","ast-global-header-display":"","ast-banner-title-visibility":"","ast-main-header-display":"","ast-hfb-above-header-display":"","ast-hfb-below-header-display":"","ast-hfb-mobile-header-display":"","site-post-title":"disabled","ast-breadcrumbs-content":"","ast-featured-img":"disabled","footer-sml-layout":"","ast-disable-related-posts":"","theme-transparent-header-meta":"","adv-header-id-meta":"","stick-header-meta":"","header-above-stick-meta":"","header-main-stick-meta":"","header-below-stick-meta":"","astra-migrate-meta-layouts":"default","ast-page-background-enabled":"default","ast-page-background-meta":{"desktop":{"background-color":"var(--ast-global-color-4)","background-image":"","background-repeat":"repeat","background-position":"center center","background-size":"auto","background-attachment":"scroll","background-type":"","background-media":"","overlay-type":"","overlay-color":"","overlay-opacity":"","overlay-gradient":""},"tablet":{"background-color":"","background-image":"","background-repeat":"repeat","background-position":"center center","background-size":"auto","background-attachment":"scroll","background-type":"","background-media":"","overlay-type":"","overlay-color":"","overlay-opacity":"","overlay-gradient":""},"mobile":{"background-color":"","background-image":"","background-repeat":"repeat","background-position":"center center","background-size":"auto","background-attachment":"scroll","background-type":"","background-media":"","overlay-type":"","overlay-color":"","overlay-opacity":"","overlay-gradient":""}},"ast-content-background-meta":{"desktop":{"background-color":"var(--ast-global-color-5)","background-image":"","background-repeat":"repeat","background-position":"center center","background-size":"auto","background-attachment":"scroll","background-type":"","background-media":"","overlay-type":"","overlay-color":"","overlay-opacity":"","overlay-gradient":""},"tablet":{"background-color":"var(--ast-global-color-5)","background-image":"","background-repeat":"repeat","background-position":"center center","background-size":"auto","background-attachment":"scroll","background-type":"","background-media":"","overlay-type":"","overlay-color":"","overlay-opacity":"","overlay-gradient":""},"mobile":{"background-color":"var(--ast-global-color-5)","background-image":"","background-repeat":"repeat","background-position":"center center","background-size":"auto","background-attachment":"scroll","background-type":"","background-media":"","overlay-type":"","overlay-color":"","overlay-opacity":"","overlay-gradient":""}},"footnotes":""},"class_list":["post-16","page","type-page","status-publish","hentry"],"yoast_head":"<!-- This site is optimized with the Yoast SEO plugin v27.3 - https:\/\/yoast.com\/product\/yoast-seo-wordpress\/ -->\n<title>MEP Engineering - Radstar Engineer<\/title>\n<meta name=\"robots\" content=\"index, follow, max-snippet:-1, max-image-preview:large, max-video-preview:-1\" \/>\n<link rel=\"canonical\" href=\"https:\/\/radstarengineer.com\/es_es\/mep-engineering\/\" \/>\n<meta property=\"og:locale\" content=\"es_ES\" \/>\n<meta property=\"og:type\" content=\"article\" \/>\n<meta property=\"og:title\" content=\"MEP Engineering - Radstar Engineer\" \/>\n<meta property=\"og:description\" content=\"MEP Engineering We provide Mechanical, Electrical, and Plumbing engineering services Every specialty is carefully designed in compliance with codes and standards as ASHRAE and NEC. New technologies of emergency generators and UPS systems could be part of your dream system. Natural resources are at the detriment and our company is committed to providing solutions to [&hellip;]\" \/>\n<meta property=\"og:url\" content=\"https:\/\/radstarengineer.com\/es_es\/mep-engineering\/\" \/>\n<meta property=\"og:site_name\" content=\"Radstar Engineer\" \/>\n<meta property=\"article:modified_time\" content=\"2022-03-16T15:59:52+00:00\" \/>\n<meta property=\"og:image\" content=\"https:\/\/radstarengineer.com\/wp-content\/uploads\/2022\/01\/img_1_long.jpg\" \/>\n<meta name=\"twitter:card\" content=\"summary_large_image\" \/>\n<meta name=\"twitter:label1\" content=\"Tiempo de lectura\" \/>\n\t<meta name=\"twitter:data1\" content=\"2 minutos\" \/>\n<script type=\"application\/ld+json\" class=\"yoast-schema-graph\">{\"@context\":\"https:\\\/\\\/schema.org\",\"@graph\":[{\"@type\":\"WebPage\",\"@id\":\"https:\\\/\\\/radstarengineer.com\\\/mep-engineering\",\"url\":\"https:\\\/\\\/radstarengineer.com\\\/mep-engineering\",\"name\":\"MEP Engineering - Radstar Engineer\",\"isPartOf\":{\"@id\":\"https:\\\/\\\/radstarengineer.com\\\/#website\"},\"primaryImageOfPage\":{\"@id\":\"https:\\\/\\\/radstarengineer.com\\\/mep-engineering#primaryimage\"},\"image\":{\"@id\":\"https:\\\/\\\/radstarengineer.com\\\/mep-engineering#primaryimage\"},\"thumbnailUrl\":\"https:\\\/\\\/radstarengineer.com\\\/wp-content\\\/uploads\\\/2022\\\/01\\\/img_1_long.jpg\",\"datePublished\":\"2022-01-18T00:52:34+00:00\",\"dateModified\":\"2022-03-16T15:59:52+00:00\",\"breadcrumb\":{\"@id\":\"https:\\\/\\\/radstarengineer.com\\\/mep-engineering#breadcrumb\"},\"inLanguage\":\"es\",\"potentialAction\":[{\"@type\":\"ReadAction\",\"target\":[\"https:\\\/\\\/radstarengineer.com\\\/mep-engineering\"]}]},{\"@type\":\"ImageObject\",\"inLanguage\":\"es\",\"@id\":\"https:\\\/\\\/radstarengineer.com\\\/mep-engineering#primaryimage\",\"url\":\"https:\\\/\\\/radstarengineer.com\\\/wp-content\\\/uploads\\\/2022\\\/01\\\/img_1_long.jpg\",\"contentUrl\":\"https:\\\/\\\/radstarengineer.com\\\/wp-content\\\/uploads\\\/2022\\\/01\\\/img_1_long.jpg\"},{\"@type\":\"BreadcrumbList\",\"@id\":\"https:\\\/\\\/radstarengineer.com\\\/mep-engineering#breadcrumb\",\"itemListElement\":[{\"@type\":\"ListItem\",\"position\":1,\"name\":\"Portada\",\"item\":\"https:\\\/\\\/radstarengineer.com\\\/\"},{\"@type\":\"ListItem\",\"position\":2,\"name\":\"MEP Engineering\"}]},{\"@type\":\"WebSite\",\"@id\":\"https:\\\/\\\/radstarengineer.com\\\/#website\",\"url\":\"https:\\\/\\\/radstarengineer.com\\\/\",\"name\":\"Radstar Engineer\",\"description\":\"Enginner Services\",\"potentialAction\":[{\"@type\":\"SearchAction\",\"target\":{\"@type\":\"EntryPoint\",\"urlTemplate\":\"https:\\\/\\\/radstarengineer.com\\\/?s={search_term_string}\"},\"query-input\":{\"@type\":\"PropertyValueSpecification\",\"valueRequired\":true,\"valueName\":\"search_term_string\"}}],\"inLanguage\":\"es\"}]}<\/script>\n<!-- \/ Yoast SEO plugin. -->","yoast_head_json":{"title":"MEP Engineering - Radstar Engineer","robots":{"index":"index","follow":"follow","max-snippet":"max-snippet:-1","max-image-preview":"max-image-preview:large","max-video-preview":"max-video-preview:-1"},"canonical":"https:\/\/radstarengineer.com\/es_es\/mep-engineering\/","og_locale":"es_ES","og_type":"article","og_title":"MEP Engineering - Radstar Engineer","og_description":"MEP Engineering We provide Mechanical, Electrical, and Plumbing engineering services Every specialty is carefully designed in compliance with codes and standards as ASHRAE and NEC. New technologies of emergency generators and UPS systems could be part of your dream system. Natural resources are at the detriment and our company is committed to providing solutions to [&hellip;]","og_url":"https:\/\/radstarengineer.com\/es_es\/mep-engineering\/","og_site_name":"Radstar Engineer","article_modified_time":"2022-03-16T15:59:52+00:00","og_image":[{"url":"https:\/\/radstarengineer.com\/wp-content\/uploads\/2022\/01\/img_1_long.jpg","type":"","width":"","height":""}],"twitter_card":"summary_large_image","twitter_misc":{"Tiempo de lectura":"2 minutos"},"schema":{"@context":"https:\/\/schema.org","@graph":[{"@type":"WebPage","@id":"https:\/\/radstarengineer.com\/mep-engineering","url":"https:\/\/radstarengineer.com\/mep-engineering","name":"MEP Engineering - Radstar Engineer","isPartOf":{"@id":"https:\/\/radstarengineer.com\/#website"},"primaryImageOfPage":{"@id":"https:\/\/radstarengineer.com\/mep-engineering#primaryimage"},"image":{"@id":"https:\/\/radstarengineer.com\/mep-engineering#primaryimage"},"thumbnailUrl":"https:\/\/radstarengineer.com\/wp-content\/uploads\/2022\/01\/img_1_long.jpg","datePublished":"2022-01-18T00:52:34+00:00","dateModified":"2022-03-16T15:59:52+00:00","breadcrumb":{"@id":"https:\/\/radstarengineer.com\/mep-engineering#breadcrumb"},"inLanguage":"es","potentialAction":[{"@type":"ReadAction","target":["https:\/\/radstarengineer.com\/mep-engineering"]}]},{"@type":"ImageObject","inLanguage":"es","@id":"https:\/\/radstarengineer.com\/mep-engineering#primaryimage","url":"https:\/\/radstarengineer.com\/wp-content\/uploads\/2022\/01\/img_1_long.jpg","contentUrl":"https:\/\/radstarengineer.com\/wp-content\/uploads\/2022\/01\/img_1_long.jpg"},{"@type":"BreadcrumbList","@id":"https:\/\/radstarengineer.com\/mep-engineering#breadcrumb","itemListElement":[{"@type":"ListItem","position":1,"name":"Portada","item":"https:\/\/radstarengineer.com\/"},{"@type":"ListItem","position":2,"name":"MEP Engineering"}]},{"@type":"WebSite","@id":"https:\/\/radstarengineer.com\/#website","url":"https:\/\/radstarengineer.com\/","name":"Radstar Engineer","description":"Enginner Services","potentialAction":[{"@type":"SearchAction","target":{"@type":"EntryPoint","urlTemplate":"https:\/\/radstarengineer.com\/?s={search_term_string}"},"query-input":{"@type":"PropertyValueSpecification","valueRequired":true,"valueName":"search_term_string"}}],"inLanguage":"es"}]}},"jetpack_sharing_enabled":true,"_links":{"self":[{"href":"https:\/\/radstarengineer.com\/es_es\/wp-json\/wp\/v2\/pages\/16","targetHints":{"allow":["GET"]}}],"collection":[{"href":"https:\/\/radstarengineer.com\/es_es\/wp-json\/wp\/v2\/pages"}],"about":[{"href":"https:\/\/radstarengineer.com\/es_es\/wp-json\/wp\/v2\/types\/page"}],"author":[{"embeddable":true,"href":"https:\/\/radstarengineer.com\/es_es\/wp-json\/wp\/v2\/users\/1"}],"replies":[{"embeddable":true,"href":"https:\/\/radstarengineer.com\/es_es\/wp-json\/wp\/v2\/comments?post=16"}],"version-history":[{"count":179,"href":"https:\/\/radstarengineer.com\/es_es\/wp-json\/wp\/v2\/pages\/16\/revisions"}],"predecessor-version":[{"id":2035,"href":"https:\/\/radstarengineer.com\/es_es\/wp-json\/wp\/v2\/pages\/16\/revisions\/2035"}],"wp:attachment":[{"href":"https:\/\/radstarengineer.com\/es_es\/wp-json\/wp\/v2\/media?parent=16"}],"curies":[{"name":"wp","href":"https:\/\/api.w.org\/{rel}","templated":true}]}}